{"id":6298,"date":"2026-04-24T17:00:38","date_gmt":"2026-04-24T15:00:38","guid":{"rendered":"https:\/\/famfit.dk\/?page_id=6298"},"modified":"2026-04-24T17:00:38","modified_gmt":"2026-04-24T15:00:38","slug":"pop-up-training-2","status":"publish","type":"page","link":"https:\/\/famfit.dk\/en\/pop-up-training-2\/","title":{"rendered":"POP UP Training"},"content":{"rendered":"<div class=\"wpb-content-wrapper\"><p>[vc_row full_width=&#8221;stretch_row&#8221; el_class=&#8221;training&#8221;][vc_column]<div class=\"ult-spacer spacer-69ef7a0f723c2\" data-id=\"69ef7a0f723c2\" data-height=\"90\" data-height-mobile=\"60\" data-height-tab=\"90\" data-height-tab-portrait=\"60\" data-height-mobile-landscape=\"60\" style=\"clear:both;display:block;\"><\/div>[vc_row_inner][vc_column_inner width=&#8221;1\/2&#8243;][vc_single_image image=&#8221;5994&#8243; img_size=&#8221;Full&#8221; css=&#8221;&#8221;][vc_column_text css=&#8221;&#8221;]<\/p>\n<h3>FAMILIETR\u00c6NING D. 13. APRIL 2026 I S\u00d8NDERMARKEN KL. 16.15 &#8211; 17.00<\/h3>\n<p>Tag familien med og bev\u00e6g jer sammen til den hyggeligste tr\u00e6nings pop up for hele familien. Tr\u00e6ningen byder p\u00e5 en blanding af funktionel tr\u00e6ning og \u00f8velser for hele familien med fokus p\u00e5 leg, styrketr\u00e6ning og bev\u00e6gelsesgl\u00e6de for alle aldre.<\/p>\n<p><strong><em>M\u00f8dested<\/em><\/strong>: Vi m\u00f8des ved indgangen p\u00e5 hj\u00f8rnet af Pile All\u00e9 og Roskildevej.<\/p>\n<p><strong><em>Tilmelding<\/em><\/strong>: Er du allerede FamFit medlem, tilmelder du dig som s\u00e6dvanlig via appen. \u00d8nsker du at medbringe et barn, k\u00e6reste eller \u00e6gtef\u00e6lle kan du k\u00f8be en <a href=\"https:\/\/famfit.wondr.cc\/register\">BILLET TIL VOKSEN<\/a> (100 kr.) eller <a href=\"https:\/\/famfit.wondr.cc\/register\">BILLET TIL BARN<\/a> (45 kr.)[\/vc_column_text][vc_btn title=&#8221;TILMELD&#8221; style=&#8221;custom&#8221; custom_background=&#8221;#0a374b&#8221; custom_text=&#8221;#ffffff&#8221; shape=&#8221;square&#8221; align=&#8221;left&#8221; css=&#8221;&#8221; link=&#8221;url:https%3A%2F%2Ffamfit.wondr.cc%2Fregister|target:_blank|&#8221;][vc_empty_space height=&#8221;30px&#8221;][vc_single_image image=&#8221;6152&#8243; img_size=&#8221;Full&#8221; css=&#8221;&#8221;][vc_column_text css=&#8221;&#8221;]<\/p>\n<h3>CYKELTUR OG TR\u00c6NING P\u00c5 AMAGER F\u00c6LLED MANDAG D. 17. AUGUST 2026, kl. 10:00<\/h3>\n<p>Er bent\u00f8jet ikke hvad det har v\u00e6ret &#8211; eller elsker du bare f\u00f8lelsen af vind i h\u00e5ret og tr\u00e6de i pedalerne og komme ud i naturen (med eller uden el-cykel)?<br \/>\nS\u00e5 tag med p\u00e5 en aktiv, social og hum\u00f8rfyldt tr\u00e6ningstur p\u00e5 sk\u00f8nne Amagerf\u00e6lled.<\/p>\n<p><strong>Mandag den 17. august<\/strong> erstatter vi senior powerwalken med en cykeltur ud i det fri. Vi g\u00f8r stop undervejs med forskellige \u00f8velser som du kender fra din FamFit tr\u00e6ning. Vi f\u00e5r derfor forsat pulsen op, nydt naturen og hinandens selskab \u2013 men uden at vi slider for meget p\u00e5 kn\u00e6 og led med de lange lange powerwalk-str\u00e6kninger.<\/p>\n<p><u>Program:<br \/>\n<\/u>10.00 Ankomst ved DR-metrostation (med egen medbragt cykel)<br \/>\n10.10 Cykeltur med indlagte tr\u00e6ningsstop p\u00e5 Amager F\u00e6lled<br \/>\n11.30 Frokost (du medbringer selv madpakken)<br \/>\n12.30 Tak for i dag (mulighed for at cykle samlet retur til DR-metrostation)<\/p>\n<p>Vi s\u00f8rger for en god planlagt rute, godt hum\u00f8r og sk\u00f8n tr\u00e6ning i naturen.<\/p>\n<p>T\u00e6nker du ogs\u00e5 dette kunne v\u00e6re en fantastisk start p\u00e5 ugen?<br \/>\nS\u00e5 book dig p\u00e5 holdet som du plejer. Dette event koster ikke andet end et medlemskab i FamFit.[\/vc_column_text][vc_empty_space height=&#8221;15px&#8221;][vc_btn title=&#8221;TILMELD&#8221; style=&#8221;custom&#8221; custom_background=&#8221;#0a374b&#8221; custom_text=&#8221;#ffffff&#8221; shape=&#8221;square&#8221; align=&#8221;left&#8221; css=&#8221;&#8221; link=&#8221;url:https%3A%2F%2Ffamfit.wondr.cc%2Fregister|target:_blank|&#8221;][vc_single_image image=&#8221;6036&#8243; img_size=&#8221;Full&#8221;][vc_column_text css=&#8221;&#8221;]<\/p>\n<h3>JULEAFSLUTNING D. 19. DECEMBER 2026 P\u00c5 ISLANDS BRYGGE<\/h3>\n<p>FamFit afholder juleafslutning p\u00e5 Islands Brygge l\u00f8rdag d. 19. december kl. 10 for alle medlemmer. Vi starter med en god og effektiv FamFit tr\u00e6ning med h\u00f8jt hum\u00f8r og planke omkring juletr\u00e6et. Efter tr\u00e6ningen vil der v\u00e6re mulighed for at g\u00e5 med p\u00e5 Kulturhuset til hygge, gl\u00f8gg og \u00e6bleskiver og f\u00e5 \u00f8nsket alle dine FamFit-venner en gl\u00e6delig jul. Tr\u00e6ningen tilmelder du dig som s\u00e6dvanlig via appen eller hjemmesiden. \u00d8nsker du at deltage i den efterf\u00f8lgende hygge kan der k\u00f8bes billet.[\/vc_column_text][vc_empty_space height=&#8221;15px&#8221;][vc_btn title=&#8221;TILMELD&#8221; style=&#8221;custom&#8221; custom_background=&#8221;#0a374b&#8221; custom_text=&#8221;#ffffff&#8221; shape=&#8221;square&#8221; align=&#8221;left&#8221; css=&#8221;&#8221; link=&#8221;url:https%3A%2F%2Ffamfit.wondr.cc%2Fregister|target:_blank|&#8221;][\/vc_column_inner][vc_column_inner width=&#8221;1\/2&#8243;][vc_single_image image=&#8221;6167&#8243; img_size=&#8221;Full&#8221; css=&#8221;&#8221;][vc_column_text css=&#8221;&#8221;]<\/p>\n<h3>L\u00d8B OG KAFFEHYGGE<br \/>\nL\u00d8RDAG D. 06. SEPTEMBER 2026 I S\u00d8NDERMARKEN, FRB<\/h3>\n<p>Kom med til hyggelig l\u00f8betr\u00e6ning hvor intensiteten er h\u00f8j, distancen er kort og stemningen helt i top.<br \/>\nVi inviterer dig til anderledes l\u00f8rdagsudflugt i sk\u00f8nne S\u00f8ndermarken, hvor vi skruer op for intensiteten og ned for l\u00e6ngden.<br \/>\nDenne pop-up er til dig, der elsker variation og gerne vil udfordres \u2013 uden at l\u00f8be lange distancer.<\/p>\n<p><strong>Du vil bl.a. f\u00e5 forn\u00f8jelsen af:<br \/>\n<\/strong><\/p>\n<ul>\n<li><strong>Intervaller<\/strong>\u00a0med skiftende intensitet og tempo<\/li>\n<li><strong>Bakkel\u00f8b<\/strong>\u00a0p\u00e5 den legendariske Valby Bakke (p\u00e5 grusstien i S\u00f8ndermarken)<\/li>\n<li><strong>Stigningsl\u00f8b<\/strong>\u00a0med korte, kontrollerede sprint<\/li>\n<li><strong>Tempol\u00f8b<\/strong>\u00a0hvor vi tr\u00e6ner rytme, kontrol og fart over sm\u00e5 distancer<\/li>\n<li><strong>L\u00f8beteknik<\/strong>\u00a0med fokus p\u00e5 l\u00f8be\u00f8konomi og gode vaner, s\u00e5 du l\u00f8ber mere effektivt<\/li>\n<li><strong>Fartlege<\/strong> med makker\u00f8velser og godt hum\u00f8r<\/li>\n<\/ul>\n<p><strong>+ Kaffehygge som afslutning i Bj\u00e6lkehuset<\/strong><\/p>\n<p>Vi runder af med f\u00e6lles str\u00e6k og\u00a0l\u00e6kker kaffe hos <a href=\"https:\/\/bjaelke-huset.dk\/\" target=\"_blank\" rel=\"noopener\">Bj\u00e6lkehuset<\/a>, mens vi nyder naturen og hinandens gode selskab.<\/p>\n<p><strong><u>Program:<br \/>\n<\/u><\/strong>10.00 Vi m\u00f8des i S\u00f8ndermarken (p\u00e5 hj\u00f8rnet af Roskildevej og Pile All\u00e9)<br \/>\n10.05\u00a0 L\u00f8betr\u00e6ning i S\u00f8ndermarken<br \/>\n11.05\u00a0 Udstr\u00e6k og kaffehygge i Bj\u00e6lkehuset (inde i S\u00f8ndermarken)<br \/>\n12.00\u00a0 Tak for i dag<\/p>\n<p>T\u00e6nker du ogs\u00e5 dette kunne v\u00e6re en fantastisk start p\u00e5 din s\u00f8ndag? S\u00e5 book dig p\u00e5 holdet som du plejer. Dette event koster ikke andet end et medlemskab i FamFit + drikkevarerne i Bj\u00e6lkehuset.[\/vc_column_text][vc_empty_space height=&#8221;15px&#8221;][vc_btn title=&#8221;TILMELD&#8221; style=&#8221;custom&#8221; custom_background=&#8221;#0a374b&#8221; custom_text=&#8221;#ffffff&#8221; shape=&#8221;square&#8221; align=&#8221;left&#8221; css=&#8221;&#8221; link=&#8221;url:https%3A%2F%2Ffamfit.wondr.cc%2Fregister|target:_blank|&#8221;][vc_single_image image=&#8221;6035&#8243; img_size=&#8221;Full&#8221;][vc_column_text css=&#8221;&#8221;]<\/p>\n<h3>NYT\u00c5RSTR\u00c6NING D. 31. DECEMBER 2026 P\u00c5 ISLANDS BRYGGE<\/h3>\n<p>V\u00e6r med n\u00e5r FamFit afholder \u00e5rets sidste tr\u00e6ning l\u00f8rdag d. 31. december kl. 10. Tr\u00e6ningen afholdes p\u00e5 Islands Brygge, og vi m\u00f8des foran Havnebadet ved den r\u00f8de mur. ALLE er velkomne uanset niveau. Efter tr\u00e6ningen vil der v\u00e6re champagne og kransekage til dem som har lyst, s\u00e5 vi kan \u00f8nske hinanden et godt nyt\u00e5r.[\/vc_column_text][vc_empty_space height=&#8221;15px&#8221;][vc_btn title=&#8221;TILMELD&#8221; style=&#8221;custom&#8221; custom_background=&#8221;#0a374b&#8221; custom_text=&#8221;#ffffff&#8221; shape=&#8221;square&#8221; align=&#8221;left&#8221; css=&#8221;&#8221; link=&#8221;url:https%3A%2F%2Ffamfit.wondr.cc%2Fregister|target:_blank|&#8221;][\/vc_column_inner][\/vc_row_inner][\/vc_column][\/vc_row][vc_row full_width=&#8221;stretch_row&#8221; el_class=&#8221;white parallax overlay&#8221; css=&#8221;.vc_custom_1713334644943{background-image: url(https:\/\/famfit.dk\/wp-content\/uploads\/2023\/02\/skaermbillede-2016-06-11-kl-112415-696.jpg?id=5249) !important;background-position: center !important;background-repeat: no-repeat !important;background-size: cover !important;}&#8221;][vc_column]<div class=\"ult-spacer spacer-69ef7a0f72415\" data-id=\"69ef7a0f72415\" data-height=\"135\" data-height-mobile=\"90\" data-height-tab=\"135\" data-height-tab-portrait=\"90\" data-height-mobile-landscape=\"90\" style=\"clear:both;display:block;\"><\/div>[vc_row_inner][vc_column_inner offset=&#8221;vc_col-lg-2 vc_col-md-2 vc_col-xs-12&#8243;][\/vc_column_inner][vc_column_inner el_class=&#8221;center-buttons&#8221; offset=&#8221;vc_col-lg-8 vc_col-md-8 vc_col-xs-12&#8243;][vc_column_text el_class=&#8221;cta&#8221;]<\/p>\n<h3 style=\"text-align: center;\">FamFit App is available now<\/h3>\n<h4 style=\"text-align: center;\">Both for Android &amp; Apple<\/h4>\n<p>[\/vc_column_text][vc_empty_space height=&#8221;15px&#8221;][vc_btn title=&#8221;&#8221; style=&#8221;custom&#8221; custom_background=&#8221;#00648f&#8221; custom_text=&#8221;#ffffff&#8221; shape=&#8221;square&#8221; size=&#8221;sm&#8221; i_icon_fontawesome=&#8221;fab fa-apple&#8221; css=&#8221;&#8221; add_icon=&#8221;true&#8221; link=&#8221;url:https%3A%2F%2Fapps.apple.com%2Fdk%2Fapp%2Fwondr-bookingapp%2Fid1217864784%3Fl%3Dda|target:_blank|&#8221; el_class=&#8221;custom-button&#8221;][vc_btn title=&#8221;&#8221; style=&#8221;custom&#8221; custom_background=&#8221;#ffffff&#8221; custom_text=&#8221;#00648f&#8221; shape=&#8221;square&#8221; size=&#8221;sm&#8221; i_icon_fontawesome=&#8221;fab fa-android&#8221; css=&#8221;&#8221; add_icon=&#8221;true&#8221; link=&#8221;url:https%3A%2F%2Fplay.google.com%2Fstore%2Fapps%2Fdetails%3Fid%3Dcom.wondr.app%26hl%3Dda|target:_blank|&#8221; el_class=&#8221;custom-button&#8221;][\/vc_column_inner][vc_column_inner offset=&#8221;vc_col-lg-2 vc_col-md-2 vc_col-xs-12&#8243;][\/vc_column_inner][\/vc_row_inner]<div class=\"ult-spacer spacer-69ef7a0f72444\" data-id=\"69ef7a0f72444\" data-height=\"135\" data-height-mobile=\"90\" data-height-tab=\"135\" data-height-tab-portrait=\"90\" data-height-mobile-landscape=\"90\" style=\"clear:both;display:block;\"><\/div>[\/vc_column][\/vc_row]<\/p>\n<\/div>","protected":false},"excerpt":{"rendered":"<p>Pop up training sessions with specific training themes<\/p>\n","protected":false},"author":2,"featured_media":5994,"parent":0,"menu_order":0,"comment_status":"closed","ping_status":"closed","template":"","meta":{"_acf_changed":false,"footnotes":""},"categories":[172],"class_list":{"0":"post-6298","1":"page","2":"type-page","3":"status-publish","4":"has-post-thumbnail","6":"category-engelsk-en"},"acf":[],"yoast_head":"<!-- This site is optimized with the Yoast SEO plugin v27.4 - https:\/\/yoast.com\/product\/yoast-seo-wordpress\/ -->\n<title>POP UP Training &#183; FamFit &#183; Outdoor training<\/title>\n<meta name=\"description\" content=\"Our pop up training sessions are single standing classes with a specific training theme that differs from our regular outdoor group training sessions.\" \/>\n<meta name=\"robots\" content=\"index, follow, max-snippet:-1, max-image-preview:large, max-video-preview:-1\" \/>\n<link rel=\"canonical\" href=\"https:\/\/famfit.dk\/en\/pop-up-training-2\/\" \/>\n<meta property=\"og:locale\" content=\"en_US\" \/>\n<meta property=\"og:type\" content=\"article\" \/>\n<meta property=\"og:title\" content=\"POP UP Training &#183; FamFit &#183; Outdoor training\" \/>\n<meta property=\"og:description\" content=\"Our pop up training sessions are single standing classes with a specific training theme that differs from our regular outdoor group training sessions.\" \/>\n<meta property=\"og:url\" content=\"https:\/\/famfit.dk\/en\/pop-up-training-2\/\" \/>\n<meta property=\"og:site_name\" content=\"FamFit\" \/>\n<meta property=\"og:image\" content=\"https:\/\/famfit.dk\/wp-content\/uploads\/2023\/02\/skaermbillede-2016-06-11-kl-112227-694.jpg\" \/>\n\t<meta property=\"og:image:width\" content=\"840\" \/>\n\t<meta property=\"og:image:height\" content=\"656\" \/>\n\t<meta property=\"og:image:type\" content=\"image\/jpeg\" \/>\n<meta name=\"twitter:card\" content=\"summary_large_image\" \/>\n<meta name=\"twitter:label1\" content=\"Est. reading time\" \/>\n\t<meta name=\"twitter:data1\" content=\"6 minutes\" \/>\n<script type=\"application\/ld+json\" class=\"yoast-schema-graph\">{\"@context\":\"https:\\\/\\\/schema.org\",\"@graph\":[{\"@type\":\"WebPage\",\"@id\":\"https:\\\/\\\/famfit.dk\\\/en\\\/pop-up-training-2\\\/\",\"url\":\"https:\\\/\\\/famfit.dk\\\/en\\\/pop-up-training-2\\\/\",\"name\":\"POP UP Training &#183; FamFit &#183; Outdoor training\",\"isPartOf\":{\"@id\":\"https:\\\/\\\/famfit.webserver1.dk\\\/#website\"},\"primaryImageOfPage\":{\"@id\":\"https:\\\/\\\/famfit.dk\\\/en\\\/pop-up-training-2\\\/#primaryimage\"},\"image\":{\"@id\":\"https:\\\/\\\/famfit.dk\\\/en\\\/pop-up-training-2\\\/#primaryimage\"},\"thumbnailUrl\":\"https:\\\/\\\/famfit.dk\\\/wp-content\\\/uploads\\\/2023\\\/02\\\/skaermbillede-2016-06-11-kl-112227-694.jpg\",\"datePublished\":\"2026-04-24T15:00:38+00:00\",\"description\":\"Our pop up training sessions are single standing classes with a specific training theme that differs from our regular outdoor group training sessions.\",\"breadcrumb\":{\"@id\":\"https:\\\/\\\/famfit.dk\\\/en\\\/pop-up-training-2\\\/#breadcrumb\"},\"inLanguage\":\"en-US\",\"potentialAction\":[{\"@type\":\"ReadAction\",\"target\":[\"https:\\\/\\\/famfit.dk\\\/en\\\/pop-up-training-2\\\/\"]}]},{\"@type\":\"ImageObject\",\"inLanguage\":\"en-US\",\"@id\":\"https:\\\/\\\/famfit.dk\\\/en\\\/pop-up-training-2\\\/#primaryimage\",\"url\":\"https:\\\/\\\/famfit.dk\\\/wp-content\\\/uploads\\\/2023\\\/02\\\/skaermbillede-2016-06-11-kl-112227-694.jpg\",\"contentUrl\":\"https:\\\/\\\/famfit.dk\\\/wp-content\\\/uploads\\\/2023\\\/02\\\/skaermbillede-2016-06-11-kl-112227-694.jpg\",\"width\":840,\"height\":656,\"caption\":\"Teambuilding med FamFit\"},{\"@type\":\"BreadcrumbList\",\"@id\":\"https:\\\/\\\/famfit.dk\\\/en\\\/pop-up-training-2\\\/#breadcrumb\",\"itemListElement\":[{\"@type\":\"ListItem\",\"position\":1,\"name\":\"Hjem\",\"item\":\"https:\\\/\\\/famfit.dk\\\/en\\\/\"},{\"@type\":\"ListItem\",\"position\":2,\"name\":\"POP UP Training\"}]},{\"@type\":\"WebSite\",\"@id\":\"https:\\\/\\\/famfit.webserver1.dk\\\/#website\",\"url\":\"https:\\\/\\\/famfit.webserver1.dk\\\/\",\"name\":\"FamFit\",\"description\":\"Specialister i udend\u00f8rstr\u00e6ning til firmatr\u00e6ning, seniortr\u00e6ning og holdtr\u00e6ning\",\"publisher\":{\"@id\":\"https:\\\/\\\/famfit.webserver1.dk\\\/#organization\"},\"potentialAction\":[{\"@type\":\"SearchAction\",\"target\":{\"@type\":\"EntryPoint\",\"urlTemplate\":\"https:\\\/\\\/famfit.webserver1.dk\\\/?s={search_term_string}\"},\"query-input\":{\"@type\":\"PropertyValueSpecification\",\"valueRequired\":true,\"valueName\":\"search_term_string\"}}],\"inLanguage\":\"en-US\"},{\"@type\":\"Organization\",\"@id\":\"https:\\\/\\\/famfit.webserver1.dk\\\/#organization\",\"name\":\"FamFit\",\"url\":\"https:\\\/\\\/famfit.webserver1.dk\\\/\",\"logo\":{\"@type\":\"ImageObject\",\"inLanguage\":\"en-US\",\"@id\":\"https:\\\/\\\/famfit.webserver1.dk\\\/#\\\/schema\\\/logo\\\/image\\\/\",\"url\":\"https:\\\/\\\/famfit.dk\\\/wp-content\\\/uploads\\\/2020\\\/11\\\/logo-sort.png\",\"contentUrl\":\"https:\\\/\\\/famfit.dk\\\/wp-content\\\/uploads\\\/2020\\\/11\\\/logo-sort.png\",\"width\":242,\"height\":78,\"caption\":\"FamFit\"},\"image\":{\"@id\":\"https:\\\/\\\/famfit.webserver1.dk\\\/#\\\/schema\\\/logo\\\/image\\\/\"}}]}<\/script>\n<!-- \/ Yoast SEO plugin. -->","yoast_head_json":{"title":"POP UP Training &#183; FamFit &#183; Outdoor training","description":"Our pop up training sessions are single standing classes with a specific training theme that differs from our regular outdoor group training sessions.","robots":{"index":"index","follow":"follow","max-snippet":"max-snippet:-1","max-image-preview":"max-image-preview:large","max-video-preview":"max-video-preview:-1"},"canonical":"https:\/\/famfit.dk\/en\/pop-up-training-2\/","og_locale":"en_US","og_type":"article","og_title":"POP UP Training &#183; FamFit &#183; Outdoor training","og_description":"Our pop up training sessions are single standing classes with a specific training theme that differs from our regular outdoor group training sessions.","og_url":"https:\/\/famfit.dk\/en\/pop-up-training-2\/","og_site_name":"FamFit","og_image":[{"width":840,"height":656,"url":"https:\/\/famfit.dk\/wp-content\/uploads\/2023\/02\/skaermbillede-2016-06-11-kl-112227-694.jpg","type":"image\/jpeg"}],"twitter_card":"summary_large_image","twitter_misc":{"Est. reading time":"6 minutes"},"schema":{"@context":"https:\/\/schema.org","@graph":[{"@type":"WebPage","@id":"https:\/\/famfit.dk\/en\/pop-up-training-2\/","url":"https:\/\/famfit.dk\/en\/pop-up-training-2\/","name":"POP UP Training &#183; FamFit &#183; Outdoor training","isPartOf":{"@id":"https:\/\/famfit.webserver1.dk\/#website"},"primaryImageOfPage":{"@id":"https:\/\/famfit.dk\/en\/pop-up-training-2\/#primaryimage"},"image":{"@id":"https:\/\/famfit.dk\/en\/pop-up-training-2\/#primaryimage"},"thumbnailUrl":"https:\/\/famfit.dk\/wp-content\/uploads\/2023\/02\/skaermbillede-2016-06-11-kl-112227-694.jpg","datePublished":"2026-04-24T15:00:38+00:00","description":"Our pop up training sessions are single standing classes with a specific training theme that differs from our regular outdoor group training sessions.","breadcrumb":{"@id":"https:\/\/famfit.dk\/en\/pop-up-training-2\/#breadcrumb"},"inLanguage":"en-US","potentialAction":[{"@type":"ReadAction","target":["https:\/\/famfit.dk\/en\/pop-up-training-2\/"]}]},{"@type":"ImageObject","inLanguage":"en-US","@id":"https:\/\/famfit.dk\/en\/pop-up-training-2\/#primaryimage","url":"https:\/\/famfit.dk\/wp-content\/uploads\/2023\/02\/skaermbillede-2016-06-11-kl-112227-694.jpg","contentUrl":"https:\/\/famfit.dk\/wp-content\/uploads\/2023\/02\/skaermbillede-2016-06-11-kl-112227-694.jpg","width":840,"height":656,"caption":"Teambuilding med FamFit"},{"@type":"BreadcrumbList","@id":"https:\/\/famfit.dk\/en\/pop-up-training-2\/#breadcrumb","itemListElement":[{"@type":"ListItem","position":1,"name":"Hjem","item":"https:\/\/famfit.dk\/en\/"},{"@type":"ListItem","position":2,"name":"POP UP Training"}]},{"@type":"WebSite","@id":"https:\/\/famfit.webserver1.dk\/#website","url":"https:\/\/famfit.webserver1.dk\/","name":"FamFit","description":"Specialister i udend\u00f8rstr\u00e6ning til firmatr\u00e6ning, seniortr\u00e6ning og holdtr\u00e6ning","publisher":{"@id":"https:\/\/famfit.webserver1.dk\/#organization"},"potentialAction":[{"@type":"SearchAction","target":{"@type":"EntryPoint","urlTemplate":"https:\/\/famfit.webserver1.dk\/?s={search_term_string}"},"query-input":{"@type":"PropertyValueSpecification","valueRequired":true,"valueName":"search_term_string"}}],"inLanguage":"en-US"},{"@type":"Organization","@id":"https:\/\/famfit.webserver1.dk\/#organization","name":"FamFit","url":"https:\/\/famfit.webserver1.dk\/","logo":{"@type":"ImageObject","inLanguage":"en-US","@id":"https:\/\/famfit.webserver1.dk\/#\/schema\/logo\/image\/","url":"https:\/\/famfit.dk\/wp-content\/uploads\/2020\/11\/logo-sort.png","contentUrl":"https:\/\/famfit.dk\/wp-content\/uploads\/2020\/11\/logo-sort.png","width":242,"height":78,"caption":"FamFit"},"image":{"@id":"https:\/\/famfit.webserver1.dk\/#\/schema\/logo\/image\/"}}]}},"_links":{"self":[{"href":"https:\/\/famfit.dk\/en\/wp-json\/wp\/v2\/pages\/6298","targetHints":{"allow":["GET"]}}],"collection":[{"href":"https:\/\/famfit.dk\/en\/wp-json\/wp\/v2\/pages"}],"about":[{"href":"https:\/\/famfit.dk\/en\/wp-json\/wp\/v2\/types\/page"}],"author":[{"embeddable":true,"href":"https:\/\/famfit.dk\/en\/wp-json\/wp\/v2\/users\/2"}],"replies":[{"embeddable":true,"href":"https:\/\/famfit.dk\/en\/wp-json\/wp\/v2\/comments?post=6298"}],"version-history":[{"count":3,"href":"https:\/\/famfit.dk\/en\/wp-json\/wp\/v2\/pages\/6298\/revisions"}],"predecessor-version":[{"id":6301,"href":"https:\/\/famfit.dk\/en\/wp-json\/wp\/v2\/pages\/6298\/revisions\/6301"}],"wp:featuredmedia":[{"embeddable":true,"href":"https:\/\/famfit.dk\/en\/wp-json\/wp\/v2\/media\/5994"}],"wp:attachment":[{"href":"https:\/\/famfit.dk\/en\/wp-json\/wp\/v2\/media?parent=6298"}],"wp:term":[{"taxonomy":"category","embeddable":true,"href":"https:\/\/famfit.dk\/en\/wp-json\/wp\/v2\/categories?post=6298"}],"curies":[{"name":"wp","href":"https:\/\/api.w.org\/{rel}","templated":true}]}}