{"id":6111,"date":"2024-04-02T15:12:01","date_gmt":"2024-04-02T13:12:01","guid":{"rendered":"https:\/\/famfit.dk\/faq\/"},"modified":"2025-07-23T08:59:43","modified_gmt":"2025-07-23T06:59:43","slug":"faq","status":"publish","type":"page","link":"https:\/\/famfit.dk\/en\/faq\/","title":{"rendered":"FAQ"},"content":{"rendered":"<div class=\"wpb-content-wrapper\"><p>[vc_row full_width=&#8221;stretch_row&#8221; el_class=&#8221;custom-faq&#8221;][vc_column]<div class=\"ult-spacer spacer-69ef9e1c24a37\" data-id=\"69ef9e1c24a37\" data-height=\"90\" data-height-mobile=\"60\" data-height-tab=\"90\" data-height-tab-portrait=\"60\" data-height-mobile-landscape=\"60\" style=\"clear:both;display:block;\"><\/div>[vc_column_text]<\/p>\n<h1>FAQ<\/h1>\n<p>[\/vc_column_text][vc_empty_space height=&#8221;15px&#8221;][vc_row_inner][vc_column_inner width=&#8221;1\/2&#8243;][vc_toggle title=&#8221;Do I have the option to try FamFit before buying a membership?&#8221;]Answer: Yes, you can sign up for one free trial lesson by clicking on the following <a href=\"https:\/\/famfit.dk\/en\/book-a-free-trial-lesson\/\">link<\/a>[\/vc_toggle][vc_toggle title=&#8221;How can I pay for my membership?&#8221;]Answer: You can pay online with Dankort, eDankort, MasterCard, Maestro, Visa, Visa Electron, JCB and American Express via<a href=\"https:\/\/webshop.sport-solution.com\/VelkommenTilFamfit\/membershiplist\/1\">\u201cJoin Famfit<\/a>\u201d.[\/vc_toggle][vc_toggle title=&#8221;\u201cPay-as-you-go training\u201d &#8211; how is my training charged?&#8221;]A: After each training, your training will be registered and deducted from your account on 01. in the following month. Example: You train on d.  02. February, February 10 and February 25. You will on d.    01. On March 3 x DKK 55,-, namely DKK 165,- plus your monthly subscription for March, will be deducted if you wish to remain a member.[\/vc_toggle][vc_toggle title=&#8221;Which classes can I join as a member?&#8221;]Answer: With a FamFit membership, you can join the classes you want. On our \u201cClass Calendar\u201d you can always find an updated overview of the classes we offer at any given time.[\/vc_toggle][vc_toggle title=&#8221;How old do I have to be to train with FamFit?&#8221;]Answer: The minimum age limit is 15 years to train alone in all classes. If you are over 10 years old, you can train with the consent of a parent\/guardian.[\/vc_toggle][vc_toggle title=&#8221;I&apos;m not in very good shape. Can I still participate? &#8220;]Answer: Our classes are customized so you can participate at your own level. In other words, you train \u201cagainst\u201d yourself &#8211; and with your new friends at FamFit! If you are unsure if FamFit is suitable for your level, you are always welcome to contact us at either 70 26 75 85 or info@famfit.dk.[\/vc_toggle][vc_toggle title=&#8221;Can I train in winter?&#8221;]Answer: We train all year round &#8211; also in winter. In winter with a hat and some extra clothes on your body. Read our winter clothing tips on our Facebook page![\/vc_toggle][vc_toggle title=&#8221;What is the instructor&apos;s background?&#8221;]Answer: Our instructors typically have a university degree in physical education or a physiotherapy degree, ensuring you receive high-quality training and guidance.[\/vc_toggle][vc_toggle title=&#8221;How do I switch from one membership to another?&#8221;]Answer: In order to switch from, for example, \u201cTraining on Demand\u201d to \u201cFree Training\u201d, you must cancel your \u201cTraining on Demand\u201d membership at the end of a given month by sending an email to info@famfit.dk. You must then purchase a \u201cFree Training\u201d subscription from <a href=\"https:\/\/webshop.sport-solution.com\/VelkommenTilFamfit\/membershiplist\/1\">the Webshop<\/a>. Alternatively, you can also simply send an email to info@famfit.dk and we will be happy to help you switch your membership. There are no fees when you change your membership.[\/vc_toggle][vc_toggle title=&#8221;How can I sign up for classes?&#8221;]Answer: You can subscribe and unsubscribe via<a class=\"custom7\" href=\"https:\/\/www.famfit.dk\/mit-famfit.aspx\" target=\"_self\" rel=\"noopener\" data-cmp-ab=\"2\">\u201cMy FamFit<\/a>\u201d at famfit.dk under \u201cBooking\u201d or use our app (Sport Solution).[\/vc_toggle][vc_toggle title=&#8221;Can I add or cancel classes by calling or writing to you?&#8221;]Answer: It is not possible to add or cancel classes by calling or writing to us. This must be done via \u201cMy FamFit\u201d on famfit.dk under \u201cBooking\u201d or use our app (Sport Solution).[\/vc_toggle]<div class=\"ult-spacer spacer-69ef9e1c24a7a\" data-id=\"69ef9e1c24a7a\" data-height=\"0\" data-height-mobile=\"15\" data-height-tab=\"0\" data-height-tab-portrait=\"0\" data-height-mobile-landscape=\"15\" style=\"clear:both;display:block;\"><\/div>[\/vc_column_inner][vc_column_inner width=&#8221;1\/2&#8243;][vc_toggle title=&#8221;When do I need to attend classes?&#8221;]Answer: You must arrive at least 5 minutes before the class starts, but please arrive early so we can check everyone in and get started with the day&#8217;s training.[\/vc_toggle][vc_toggle title=&#8221;If I&apos;m on the waiting list, do I need to cancel my team?&#8221;]Answer: You must always cancel your class if you are unable to attend. This must be done no later than 2 hours before the class starts.[\/vc_toggle][vc_toggle title=&#8221;How many bookings can I have at a time?&#8221;]You can have up to 30 bookings in the system at a time.[\/vc_toggle][vc_toggle title=&#8221;Will I be fined if I don&apos;t show up for classes?&#8221;]Answer: You must always cancel your class if you are unable to attend. This must be done no later than 2 hours before the class starts. If you forget, DKK 55,- will be deducted from the \u201cFree training\u201d membership. With our voucher cards and \u201cTraining after use\u201d, you pay no more than one voucher or the cost of the training session you have missed, respectively.[\/vc_toggle][vc_toggle title=&#8221;My bill is DKK 55,- more than usual &#8211; why?&#8221;]Answer: If your bill is DKK 55,- more than usual, it may be because you have been fined for not attending classes. This occurs on our \u201cFree training\u201d membership. If you think it&#8217;s been a while since you missed your class, it may be because it takes some time for the money to be deducted from your account. Example: You didn&#8217;t show up for a class on February 02. You won&#8217;t be charged the DKK 55,- until d.      01. March. The DKK 55,- will not be deducted until a month after your fine.[\/vc_toggle][vc_toggle title=&#8221;Why do I need to cancel?&#8221;]Answer: It&#8217;s good practice to cancel a class that you&#8217;re not planning on attending. This way another member can join the class instead of you ;-). In addition, our instructors plan the training based on the number of participants in order to give you and the others in the class the most optimal training.[\/vc_toggle][vc_toggle title=&#8221;How far in advance can I book into a team to make sure I get on the team?&#8221;]Answer: There are some popular classes where you need to be a little ahead of the individual waiting lists. Here it is necessary that you sign up for the class well in advance. It is possible for you to sign up 6 weeks in advance.[\/vc_toggle][vc_toggle title=&#8221;Where do we meet?&#8221;]Answer: By going to the \u201cClass calendar\u201d and clicking on the class you want to join, you will find the meeting point for that class. You will also find the information in the app when you register for classes.[\/vc_toggle][vc_toggle title=&#8221;How do I show up for a class?&#8221;]Answer: When you show up for your class, simply say your name to the instructor and they will attend you in the app.[\/vc_toggle][vc_toggle title=&#8221;How do I cancel my membership?&#8221;]Answer: To cancel your membership, simply send an email to <a class=\"custom7\" href=\"mailto:info@famfit.dk\" data-cmp-ab=\"2\">info@famfit.dk<\/a> from the same email address that you signed up for FamFit. In the email, in addition to your termination, you must inform your full name and membership number. Your membership will expire at the end of the month in question. See also our <a class=\"custom7\" href=\"https:\/\/www.famfit.dk\/medlemsbetingelser.aspx\" target=\"_self\" rel=\"noopener\" data-cmp-ab=\"2\">\u201cMembership terms and conditions\u201d.<\/a>[\/vc_toggle][vc_toggle title=&#8221;QUESTIONS\/CHANGES IN YOUR CONTACT DATA&#8221;]If you did not find an answer to your question or if you have any changes regarding your membership, you can always contact us by phone <a class=\"custom7\" href=\"tel:70267585\" target=\"_blank\" rel=\"noopener\" data-cmp-ab=\"2\">+45 70 26 75 85<\/a> or <a class=\"custom7\" href=\"mailto:info@famfit.dk\" data-cmp-ab=\"2\">info@famfit.dk.<\/a>[\/vc_toggle][\/vc_column_inner][\/vc_row_inner]<div class=\"ult-spacer spacer-69ef9e1c24a9d\" data-id=\"69ef9e1c24a9d\" data-height=\"90\" data-height-mobile=\"60\" data-height-tab=\"90\" data-height-tab-portrait=\"60\" data-height-mobile-landscape=\"60\" style=\"clear:both;display:block;\"><\/div>[\/vc_column][\/vc_row]<\/p>\n<\/div>","protected":false},"excerpt":{"rendered":"<p>Get answers to frequently asked questions<\/p>\n","protected":false},"author":6,"featured_media":0,"parent":0,"menu_order":0,"comment_status":"closed","ping_status":"closed","template":"","meta":{"_acf_changed":false,"footnotes":""},"categories":[172],"class_list":{"0":"post-6111","1":"page","2":"type-page","3":"status-publish","5":"category-engelsk-en"},"acf":[],"yoast_head":"<!-- This site is optimized with the Yoast SEO plugin v27.4 - https:\/\/yoast.com\/product\/yoast-seo-wordpress\/ -->\n<title>FAQ &#183; FamFit &#183; Membership<\/title>\n<meta name=\"description\" content=\"Find answers to your questions regarding membership, class training, billing, locations and more under our \u201cFrequently Asked Questions\u201d\" \/>\n<meta name=\"robots\" content=\"index, follow, max-snippet:-1, max-image-preview:large, max-video-preview:-1\" \/>\n<link rel=\"canonical\" href=\"https:\/\/famfit.dk\/en\/faq\/\" \/>\n<meta property=\"og:locale\" content=\"en_US\" \/>\n<meta property=\"og:type\" content=\"article\" \/>\n<meta property=\"og:title\" content=\"FAQ &#183; FamFit &#183; Membership\" \/>\n<meta property=\"og:description\" content=\"Find answers to your questions regarding membership, class training, billing, locations and more under our \u201cFrequently Asked Questions\u201d\" \/>\n<meta property=\"og:url\" content=\"https:\/\/famfit.dk\/en\/faq\/\" \/>\n<meta property=\"og:site_name\" content=\"FamFit\" \/>\n<meta property=\"article:modified_time\" content=\"2025-07-23T06:59:43+00:00\" \/>\n<meta name=\"twitter:card\" content=\"summary_large_image\" \/>\n<meta name=\"twitter:label1\" content=\"Est. reading time\" \/>\n\t<meta name=\"twitter:data1\" content=\"6 minutes\" \/>\n<script type=\"application\/ld+json\" class=\"yoast-schema-graph\">{\"@context\":\"https:\\\/\\\/schema.org\",\"@graph\":[{\"@type\":\"WebPage\",\"@id\":\"https:\\\/\\\/famfit.dk\\\/en\\\/faq\\\/\",\"url\":\"https:\\\/\\\/famfit.dk\\\/en\\\/faq\\\/\",\"name\":\"FAQ &#183; FamFit &#183; Membership\",\"isPartOf\":{\"@id\":\"https:\\\/\\\/famfit.webserver1.dk\\\/#website\"},\"datePublished\":\"2024-04-02T13:12:01+00:00\",\"dateModified\":\"2025-07-23T06:59:43+00:00\",\"description\":\"Find answers to your questions regarding membership, class training, billing, locations and more under our \u201cFrequently Asked Questions\u201d\",\"breadcrumb\":{\"@id\":\"https:\\\/\\\/famfit.dk\\\/en\\\/faq\\\/#breadcrumb\"},\"inLanguage\":\"en-US\",\"potentialAction\":[{\"@type\":\"ReadAction\",\"target\":[\"https:\\\/\\\/famfit.dk\\\/en\\\/faq\\\/\"]}]},{\"@type\":\"BreadcrumbList\",\"@id\":\"https:\\\/\\\/famfit.dk\\\/en\\\/faq\\\/#breadcrumb\",\"itemListElement\":[{\"@type\":\"ListItem\",\"position\":1,\"name\":\"Hjem\",\"item\":\"https:\\\/\\\/famfit.dk\\\/en\\\/\"},{\"@type\":\"ListItem\",\"position\":2,\"name\":\"FAQ\"}]},{\"@type\":\"WebSite\",\"@id\":\"https:\\\/\\\/famfit.webserver1.dk\\\/#website\",\"url\":\"https:\\\/\\\/famfit.webserver1.dk\\\/\",\"name\":\"FamFit\",\"description\":\"Specialister i udend\u00f8rstr\u00e6ning til firmatr\u00e6ning, seniortr\u00e6ning og holdtr\u00e6ning\",\"publisher\":{\"@id\":\"https:\\\/\\\/famfit.webserver1.dk\\\/#organization\"},\"potentialAction\":[{\"@type\":\"SearchAction\",\"target\":{\"@type\":\"EntryPoint\",\"urlTemplate\":\"https:\\\/\\\/famfit.webserver1.dk\\\/?s={search_term_string}\"},\"query-input\":{\"@type\":\"PropertyValueSpecification\",\"valueRequired\":true,\"valueName\":\"search_term_string\"}}],\"inLanguage\":\"en-US\"},{\"@type\":\"Organization\",\"@id\":\"https:\\\/\\\/famfit.webserver1.dk\\\/#organization\",\"name\":\"FamFit\",\"url\":\"https:\\\/\\\/famfit.webserver1.dk\\\/\",\"logo\":{\"@type\":\"ImageObject\",\"inLanguage\":\"en-US\",\"@id\":\"https:\\\/\\\/famfit.webserver1.dk\\\/#\\\/schema\\\/logo\\\/image\\\/\",\"url\":\"https:\\\/\\\/famfit.dk\\\/wp-content\\\/uploads\\\/2020\\\/11\\\/logo-sort.png\",\"contentUrl\":\"https:\\\/\\\/famfit.dk\\\/wp-content\\\/uploads\\\/2020\\\/11\\\/logo-sort.png\",\"width\":242,\"height\":78,\"caption\":\"FamFit\"},\"image\":{\"@id\":\"https:\\\/\\\/famfit.webserver1.dk\\\/#\\\/schema\\\/logo\\\/image\\\/\"}}]}<\/script>\n<!-- \/ Yoast SEO plugin. -->","yoast_head_json":{"title":"FAQ &#183; FamFit &#183; Membership","description":"Find answers to your questions regarding membership, class training, billing, locations and more under our \u201cFrequently Asked Questions\u201d","robots":{"index":"index","follow":"follow","max-snippet":"max-snippet:-1","max-image-preview":"max-image-preview:large","max-video-preview":"max-video-preview:-1"},"canonical":"https:\/\/famfit.dk\/en\/faq\/","og_locale":"en_US","og_type":"article","og_title":"FAQ &#183; FamFit &#183; Membership","og_description":"Find answers to your questions regarding membership, class training, billing, locations and more under our \u201cFrequently Asked Questions\u201d","og_url":"https:\/\/famfit.dk\/en\/faq\/","og_site_name":"FamFit","article_modified_time":"2025-07-23T06:59:43+00:00","twitter_card":"summary_large_image","twitter_misc":{"Est. reading time":"6 minutes"},"schema":{"@context":"https:\/\/schema.org","@graph":[{"@type":"WebPage","@id":"https:\/\/famfit.dk\/en\/faq\/","url":"https:\/\/famfit.dk\/en\/faq\/","name":"FAQ &#183; FamFit &#183; Membership","isPartOf":{"@id":"https:\/\/famfit.webserver1.dk\/#website"},"datePublished":"2024-04-02T13:12:01+00:00","dateModified":"2025-07-23T06:59:43+00:00","description":"Find answers to your questions regarding membership, class training, billing, locations and more under our \u201cFrequently Asked Questions\u201d","breadcrumb":{"@id":"https:\/\/famfit.dk\/en\/faq\/#breadcrumb"},"inLanguage":"en-US","potentialAction":[{"@type":"ReadAction","target":["https:\/\/famfit.dk\/en\/faq\/"]}]},{"@type":"BreadcrumbList","@id":"https:\/\/famfit.dk\/en\/faq\/#breadcrumb","itemListElement":[{"@type":"ListItem","position":1,"name":"Hjem","item":"https:\/\/famfit.dk\/en\/"},{"@type":"ListItem","position":2,"name":"FAQ"}]},{"@type":"WebSite","@id":"https:\/\/famfit.webserver1.dk\/#website","url":"https:\/\/famfit.webserver1.dk\/","name":"FamFit","description":"Specialister i udend\u00f8rstr\u00e6ning til firmatr\u00e6ning, seniortr\u00e6ning og holdtr\u00e6ning","publisher":{"@id":"https:\/\/famfit.webserver1.dk\/#organization"},"potentialAction":[{"@type":"SearchAction","target":{"@type":"EntryPoint","urlTemplate":"https:\/\/famfit.webserver1.dk\/?s={search_term_string}"},"query-input":{"@type":"PropertyValueSpecification","valueRequired":true,"valueName":"search_term_string"}}],"inLanguage":"en-US"},{"@type":"Organization","@id":"https:\/\/famfit.webserver1.dk\/#organization","name":"FamFit","url":"https:\/\/famfit.webserver1.dk\/","logo":{"@type":"ImageObject","inLanguage":"en-US","@id":"https:\/\/famfit.webserver1.dk\/#\/schema\/logo\/image\/","url":"https:\/\/famfit.dk\/wp-content\/uploads\/2020\/11\/logo-sort.png","contentUrl":"https:\/\/famfit.dk\/wp-content\/uploads\/2020\/11\/logo-sort.png","width":242,"height":78,"caption":"FamFit"},"image":{"@id":"https:\/\/famfit.webserver1.dk\/#\/schema\/logo\/image\/"}}]}},"_links":{"self":[{"href":"https:\/\/famfit.dk\/en\/wp-json\/wp\/v2\/pages\/6111","targetHints":{"allow":["GET"]}}],"collection":[{"href":"https:\/\/famfit.dk\/en\/wp-json\/wp\/v2\/pages"}],"about":[{"href":"https:\/\/famfit.dk\/en\/wp-json\/wp\/v2\/types\/page"}],"author":[{"embeddable":true,"href":"https:\/\/famfit.dk\/en\/wp-json\/wp\/v2\/users\/6"}],"replies":[{"embeddable":true,"href":"https:\/\/famfit.dk\/en\/wp-json\/wp\/v2\/comments?post=6111"}],"version-history":[{"count":2,"href":"https:\/\/famfit.dk\/en\/wp-json\/wp\/v2\/pages\/6111\/revisions"}],"predecessor-version":[{"id":6115,"href":"https:\/\/famfit.dk\/en\/wp-json\/wp\/v2\/pages\/6111\/revisions\/6115"}],"wp:attachment":[{"href":"https:\/\/famfit.dk\/en\/wp-json\/wp\/v2\/media?parent=6111"}],"wp:term":[{"taxonomy":"category","embeddable":true,"href":"https:\/\/famfit.dk\/en\/wp-json\/wp\/v2\/categories?post=6111"}],"curies":[{"name":"wp","href":"https:\/\/api.w.org\/{rel}","templated":true}]}}