{"id":6108,"date":"2022-10-29T06:28:36","date_gmt":"2022-10-29T04:28:36","guid":{"rendered":"https:\/\/famfit.dk\/outdoor-team-training\/"},"modified":"2025-07-23T08:59:45","modified_gmt":"2025-07-23T06:59:45","slug":"outdoor-team-training","status":"publish","type":"page","link":"https:\/\/famfit.dk\/en\/outdoor-team-training\/","title":{"rendered":"Outdoor team training"},"content":{"rendered":"<div class=\"wpb-content-wrapper\"><p>[vc_row full_width=&#8221;stretch_row&#8221;][vc_column]<div class=\"ult-spacer spacer-69efc46e27c77\" data-id=\"69efc46e27c77\" data-height=\"90\" data-height-mobile=\"60\" data-height-tab=\"90\" data-height-tab-portrait=\"60\" data-height-mobile-landscape=\"60\" style=\"clear:both;display:block;\"><\/div>[vc_column_text css=&#8221;&#8221;]<\/p>\n<h1>Outdoor team training<\/h1>\n<p>[\/vc_column_text][vc_empty_space height=&#8221;30px&#8221;][vc_separator color=&#8221;custom&#8221; accent_color=&#8221;#0b364b&#8221;]<div class=\"ult-spacer spacer-69efc46e27cc2\" data-id=\"69efc46e27cc2\" data-height=\"45\" data-height-mobile=\"30\" data-height-tab=\"45\" data-height-tab-portrait=\"30\" data-height-mobile-landscape=\"30\" style=\"clear:both;display:block;\"><\/div>[vc_row_inner][vc_column_inner offset=&#8221;vc_col-lg-8 vc_col-md-8 vc_col-xs-12&#8243;][vc_column_text css=&#8221;&#8221;]<\/p>\n<h2>Team training with FamFit<\/h2>\n<p>Our team training is the cornerstone of our training philosophy. We train the whole body in all terrains and weather conditions. The training consists primarily of functional exercises with your own body weight and a few pieces of equipment brought along for strength and mobility training. We always make a point of incorporating nature and the elements in the area, so benches, lampposts and curbs quickly become part of your \u201cgym\u201d. See where and when you can join a group training session in <a href=\"https:\/\/famfit.dk\/en\/weekly-schedule\/\">the weekly schedule<\/a>. Remember to check the meeting point at each location.     <\/p>\n<h2>FamFit&#8217;s different types of Team Training<\/h2>\n<ul>\n<li><a href=\"https:\/\/famfit.dk\/en\/outdoor-team-training\/\" target=\"_blank\" rel=\"noopener\"><strong>Team training<\/strong><\/a> &#8211; Functional training with strength and heart rate<\/li>\n<li><strong>Team training HARD<\/strong> &#8211; The toughest class. For advanced athletes only! <\/li>\n<li><strong>Class training FOR ALL<\/strong> &#8211; Training for all levels<\/li>\n<li><strong><a href=\"https:\/\/famfit.dk\/en\/senior-training\/\" target=\"_blank\" rel=\"noopener\">Senior training<\/a><\/strong> &#8211; Team training tailored for seniors<\/li>\n<li><strong>Senior Powerwalk<\/strong> &#8211; Powerwalk, heart rate and strength for seniors<\/li>\n<li><strong>Running training<\/strong> &#8211; Interval training, running games, speed games and strength exercises for runners<\/li>\n<li><a href=\"https:\/\/famfit.dk\/en\/mother-and-child-training\/\" target=\"_blank\" rel=\"noopener\"><strong>Mother\/Child training<\/strong><\/a> &#8211; Afterbirth classes for new moms<\/li>\n<li><a href=\"https:\/\/famfit.dk\/en\/pop-up-training\/\" target=\"_blank\" rel=\"noopener\"><strong>PopUp Team workouts<\/strong><\/a> &#8211; Single classes with a specific theme (running, yoga, dance, etc.)<\/li>\n<li><a href=\"https:\/\/famfit.dk\/en\/bootcamps\/\" target=\"_blank\" rel=\"noopener\"><strong>Training programs<\/strong> <\/a>&#8211; Exclusive courses over several weeks for closed classes (Running, Bootcamp, Weight Loss, etc.)<\/li>\n<li><strong><a href=\"https:\/\/famfit.dk\/en\/corporate-training\/\" target=\"_blank\" rel=\"noopener\">Corporate training<\/a> <\/strong>&#8211; Classes for those who want to train with colleagues and also have access to FamFit&#8217;s other group training<\/li>\n<\/ul>\n<p>[\/vc_column_text]<div class=\"ult-spacer spacer-69efc46e27cf3\" data-id=\"69efc46e27cf3\" data-height=\"0\" data-height-mobile=\"30\" data-height-tab=\"0\" data-height-tab-portrait=\"30\" data-height-mobile-landscape=\"30\" style=\"clear:both;display:block;\"><\/div>[\/vc_column_inner][vc_column_inner offset=&#8221;vc_col-lg-4 vc_col-md-4 vc_col-xs-12&#8243;][vc_widget_sidebar sidebar_id=&#8221;sidebar-1&#8243; el_class=&#8221;contact-sidebar&#8221;][\/vc_column_inner][\/vc_row_inner]<div class=\"ult-spacer spacer-69efc46e27d19\" data-id=\"69efc46e27d19\" data-height=\"60\" data-height-mobile=\"30\" data-height-tab=\"60\" data-height-tab-portrait=\"30\" data-height-mobile-landscape=\"30\" style=\"clear:both;display:block;\"><\/div>[vc_media_grid gap=&#8221;20&#8243; css=&#8221;&#8221; grid_id=&#8221;vc_gid:1750617097725-6350d556-b459-3&#8243; include=&#8221;5997,5998,6017&#8243;]<div class=\"ult-spacer spacer-69efc46e27d3c\" data-id=\"69efc46e27d3c\" data-height=\"90\" data-height-mobile=\"60\" data-height-tab=\"90\" data-height-tab-portrait=\"60\" data-height-mobile-landscape=\"60\" style=\"clear:both;display:block;\"><\/div>[\/vc_column][\/vc_row][vc_row full_width=&#8221;stretch_row&#8221;][vc_column][vc_column_text el_class=&#8221;cta&#8221;]<\/p>\n<h3>Locations &amp; Meeting point for Team Training<\/h3>\n<p>[\/vc_column_text][vc_empty_space height=&#8221;30px&#8221;][vc_separator color=&#8221;custom&#8221; accent_color=&#8221;#0b364b&#8221;]<div class=\"ult-spacer spacer-69efc46e27d5d\" data-id=\"69efc46e27d5d\" data-height=\"45\" data-height-mobile=\"30\" data-height-tab=\"45\" data-height-tab-portrait=\"30\" data-height-mobile-landscape=\"30\" style=\"clear:both;display:block;\"><\/div>[vc_row_inner][vc_column_inner offset=&#8221;vc_col-md-6&#8243;][vc_column_text]New classes, class types and training locations are constantly emerging. Therefore, always keep an eye on FamFit&#8217;s updated <a href=\"https:\/\/famfit.dk\/en\/weekly-schedule\/\">weekly schedule here<\/a> if you want to stay informed about the classes that are currently available. NOTE: When you click on the class itself in the class schedule, you will be able to read more about the class, location and meeting point for that specific class.[\/vc_column_text][vc_empty_space height=&#8221;30px&#8221;][vc_btn title=&#8221;See where we train&#8221; style=&#8221;custom&#8221; custom_background=&#8221;#0b364b&#8221; custom_text=&#8221;#ffffff&#8221; shape=&#8221;square&#8221; align=&#8221;left&#8221; link=&#8221;url:https%3A%2F%2Ffamfit.dk%2Fen%2Ffind-your-famfit-workout%2F|title:Find%20training|&#8221;]<div class=\"ult-spacer spacer-69efc46e27d7d\" data-id=\"69efc46e27d7d\" data-height=\"0\" data-height-mobile=\"15\" data-height-tab=\"0\" data-height-tab-portrait=\"15\" data-height-mobile-landscape=\"15\" style=\"clear:both;display:block;\"><\/div>[\/vc_column_inner][vc_column_inner offset=&#8221;vc_col-md-6&#8243;][vc_column_text]See the weekly schedule for classes and training locations, <a href=\"https:\/\/famfit.dk\/en\/weekly-schedule\/\">click here<\/a><\/p>\n<p>Read more about locations and meeting points for the trainings in the location overview, <a href=\"https:\/\/famfit.dk\/en\/find-your-famfit-workout\/\">click here<\/a><\/p>\n<p>Read more about the exclusive training courses and pop up trainings, <a href=\"https:\/\/famfit.dk\/en\/weekly-schedule\/\">click here<\/a>[\/vc_column_text][vc_empty_space height=&#8221;30px&#8221;][vc_btn title=&#8221;See weekly plan&#8221; style=&#8221;custom&#8221; custom_background=&#8221;#0b364b&#8221; custom_text=&#8221;#ffffff&#8221; shape=&#8221;square&#8221; align=&#8221;left&#8221; link=&#8221;url:https%3A%2F%2Ffamfit.dk%2Fen%2Fweekly-schedule%2F|title:Weekly%20schedule|&#8221;][\/vc_column_inner][\/vc_row_inner]<div class=\"ult-spacer spacer-69efc46e27d9c\" data-id=\"69efc46e27d9c\" data-height=\"90\" data-height-mobile=\"60\" data-height-tab=\"90\" data-height-tab-portrait=\"60\" data-height-mobile-landscape=\"60\" style=\"clear:both;display:block;\"><\/div>[\/vc_column][\/vc_row][vc_row full_width=&#8221;stretch_row&#8221; el_class=&#8221;white parallax overlay&#8221; css=&#8221;.vc_custom_1677136298433{background-image: url(https:\/\/famfit.dk\/wp-content\/uploads\/2023\/02\/famfit-vintermoerke-februar-15-of-81-1248.jpg?id=5099) !important;background-position: center !important;background-repeat: no-repeat !important;background-size: cover !important;}&#8221;][vc_column]<div class=\"ult-spacer spacer-69efc46e27dc0\" data-id=\"69efc46e27dc0\" data-height=\"135\" data-height-mobile=\"90\" data-height-tab=\"135\" data-height-tab-portrait=\"90\" data-height-mobile-landscape=\"90\" style=\"clear:both;display:block;\"><\/div>[vc_row_inner][vc_column_inner offset=&#8221;vc_col-lg-2 vc_col-md-2 vc_col-xs-12&#8243;][\/vc_column_inner][vc_column_inner el_class=&#8221;center-buttons&#8221; offset=&#8221;vc_col-lg-8 vc_col-md-8 vc_col-xs-12&#8243;][vc_column_text el_class=&#8221;cta&#8221;]<\/p>\n<h3 style=\"text-align: center;\">FamFit App is available now<\/h3>\n<h4 style=\"text-align: center;\">Both for Android &amp; Apple<\/h4>\n<p>[\/vc_column_text][vc_empty_space height=&#8221;15px&#8221;][vc_btn title=&#8221;&#8221; style=&#8221;custom&#8221; custom_background=&#8221;#00648f&#8221; custom_text=&#8221;#ffffff&#8221; shape=&#8221;square&#8221; size=&#8221;sm&#8221; i_icon_fontawesome=&#8221;fab fa-apple&#8221; add_icon=&#8221;true&#8221; link=&#8221;url:https%3A%2F%2Fapps.apple.com%2Fus%2Fapp%2Fsport-solution-booking%2Fid499819800|target:_blank|&#8221; el_class=&#8221;custom-button&#8221;][vc_btn title=&#8221;&#8221; style=&#8221;custom&#8221; custom_background=&#8221;#ffffff&#8221; custom_text=&#8221;#00648f&#8221; shape=&#8221;square&#8221; size=&#8221;sm&#8221; i_icon_fontawesome=&#8221;fab fa-android&#8221; add_icon=&#8221;true&#8221; link=&#8221;url:https%3A%2F%2Fplay.google.com%2Fstore%2Fapps%2Fdetails%3Fid%3Dcom.phonegap.sportSolution%26feature%3Dsearch_result%2523%3Ft%253DW251bGwsMSwxLDEsImNvbS5waG9uZWdhcC5zcG9ydFNvbHV0aW9uIl0|target:_blank|&#8221; el_class=&#8221;custom-button&#8221;][\/vc_column_inner][vc_column_inner offset=&#8221;vc_col-lg-2 vc_col-md-2 vc_col-xs-12&#8243;][\/vc_column_inner][\/vc_row_inner]<div class=\"ult-spacer spacer-69efc46e27ddd\" data-id=\"69efc46e27ddd\" data-height=\"135\" data-height-mobile=\"90\" data-height-tab=\"135\" data-height-tab-portrait=\"90\" data-height-mobile-landscape=\"90\" style=\"clear:both;display:block;\"><\/div>[\/vc_column][\/vc_row]<\/p>\n<\/div>","protected":false},"excerpt":{"rendered":"<p>In our group training, we train the whole body through functional exercises with your own body weight.<\/p>\n","protected":false},"author":1,"featured_media":6030,"parent":0,"menu_order":1,"comment_status":"closed","ping_status":"closed","template":"","meta":{"_acf_changed":false,"footnotes":""},"categories":[172,97],"class_list":{"0":"post-6108","1":"page","2":"type-page","3":"status-publish","4":"has-post-thumbnail","6":"category-engelsk-en","7":"category-focus"},"acf":[],"yoast_head":"<!-- This site is optimized with the Yoast SEO plugin v27.4 - https:\/\/yoast.com\/product\/yoast-seo-wordpress\/ -->\n<title>Outdoor team training &#183; FamFit &#183; Classes for everyone &#183; Kbh and Frederiksberg etc.<\/title>\n<meta name=\"description\" content=\"Our outdoor team training offers training with a focus on full body strength combined with cardio exercises. We train outdoors all year round.\" \/>\n<meta name=\"robots\" content=\"index, follow, max-snippet:-1, max-image-preview:large, max-video-preview:-1\" \/>\n<link rel=\"canonical\" href=\"https:\/\/famfit.dk\/en\/outdoor-team-training\/\" \/>\n<meta property=\"og:locale\" content=\"en_US\" \/>\n<meta property=\"og:type\" content=\"article\" \/>\n<meta property=\"og:title\" content=\"Outdoor team training &#183; FamFit &#183; Classes for everyone &#183; Kbh and Frederiksberg etc.\" \/>\n<meta property=\"og:description\" content=\"Our outdoor team training offers training with a focus on full body strength combined with cardio exercises. We train outdoors all year round.\" \/>\n<meta property=\"og:url\" content=\"https:\/\/famfit.dk\/en\/outdoor-team-training\/\" \/>\n<meta property=\"og:site_name\" content=\"FamFit\" \/>\n<meta property=\"article:modified_time\" content=\"2025-07-23T06:59:45+00:00\" \/>\n<meta property=\"og:image\" content=\"https:\/\/famfit.dk\/wp-content\/uploads\/2024\/05\/skaermbillede-2024-05-06-kl-200317.png\" \/>\n\t<meta property=\"og:image:width\" content=\"510\" \/>\n\t<meta property=\"og:image:height\" content=\"269\" \/>\n\t<meta property=\"og:image:type\" content=\"image\/png\" \/>\n<meta name=\"twitter:card\" content=\"summary_large_image\" \/>\n<meta name=\"twitter:label1\" content=\"Est. reading time\" \/>\n\t<meta name=\"twitter:data1\" content=\"5 minutes\" \/>\n<script type=\"application\/ld+json\" class=\"yoast-schema-graph\">{\"@context\":\"https:\\\/\\\/schema.org\",\"@graph\":[{\"@type\":\"WebPage\",\"@id\":\"https:\\\/\\\/famfit.dk\\\/en\\\/outdoor-team-training\\\/\",\"url\":\"https:\\\/\\\/famfit.dk\\\/en\\\/outdoor-team-training\\\/\",\"name\":\"Outdoor team training &#183; FamFit &#183; Classes for everyone &#183; Kbh and Frederiksberg etc.\",\"isPartOf\":{\"@id\":\"https:\\\/\\\/famfit.webserver1.dk\\\/#website\"},\"primaryImageOfPage\":{\"@id\":\"https:\\\/\\\/famfit.dk\\\/en\\\/outdoor-team-training\\\/#primaryimage\"},\"image\":{\"@id\":\"https:\\\/\\\/famfit.dk\\\/en\\\/outdoor-team-training\\\/#primaryimage\"},\"thumbnailUrl\":\"https:\\\/\\\/famfit.dk\\\/wp-content\\\/uploads\\\/2024\\\/05\\\/skaermbillede-2024-05-06-kl-200317.png\",\"datePublished\":\"2022-10-29T04:28:36+00:00\",\"dateModified\":\"2025-07-23T06:59:45+00:00\",\"description\":\"Our outdoor team training offers training with a focus on full body strength combined with cardio exercises. We train outdoors all year round.\",\"breadcrumb\":{\"@id\":\"https:\\\/\\\/famfit.dk\\\/en\\\/outdoor-team-training\\\/#breadcrumb\"},\"inLanguage\":\"en-US\",\"potentialAction\":[{\"@type\":\"ReadAction\",\"target\":[\"https:\\\/\\\/famfit.dk\\\/en\\\/outdoor-team-training\\\/\"]}]},{\"@type\":\"ImageObject\",\"inLanguage\":\"en-US\",\"@id\":\"https:\\\/\\\/famfit.dk\\\/en\\\/outdoor-team-training\\\/#primaryimage\",\"url\":\"https:\\\/\\\/famfit.dk\\\/wp-content\\\/uploads\\\/2024\\\/05\\\/skaermbillede-2024-05-06-kl-200317.png\",\"contentUrl\":\"https:\\\/\\\/famfit.dk\\\/wp-content\\\/uploads\\\/2024\\\/05\\\/skaermbillede-2024-05-06-kl-200317.png\",\"width\":\"510\",\"height\":\"269\",\"caption\":\"Udend\u00f8rsholdtr\u00e6ning\"},{\"@type\":\"BreadcrumbList\",\"@id\":\"https:\\\/\\\/famfit.dk\\\/en\\\/outdoor-team-training\\\/#breadcrumb\",\"itemListElement\":[{\"@type\":\"ListItem\",\"position\":1,\"name\":\"Hjem\",\"item\":\"https:\\\/\\\/famfit.dk\\\/en\\\/\"},{\"@type\":\"ListItem\",\"position\":2,\"name\":\"Outdoor team training\"}]},{\"@type\":\"WebSite\",\"@id\":\"https:\\\/\\\/famfit.webserver1.dk\\\/#website\",\"url\":\"https:\\\/\\\/famfit.webserver1.dk\\\/\",\"name\":\"FamFit\",\"description\":\"Specialister i udend\u00f8rstr\u00e6ning til firmatr\u00e6ning, seniortr\u00e6ning og holdtr\u00e6ning\",\"publisher\":{\"@id\":\"https:\\\/\\\/famfit.webserver1.dk\\\/#organization\"},\"potentialAction\":[{\"@type\":\"SearchAction\",\"target\":{\"@type\":\"EntryPoint\",\"urlTemplate\":\"https:\\\/\\\/famfit.webserver1.dk\\\/?s={search_term_string}\"},\"query-input\":{\"@type\":\"PropertyValueSpecification\",\"valueRequired\":true,\"valueName\":\"search_term_string\"}}],\"inLanguage\":\"en-US\"},{\"@type\":\"Organization\",\"@id\":\"https:\\\/\\\/famfit.webserver1.dk\\\/#organization\",\"name\":\"FamFit\",\"url\":\"https:\\\/\\\/famfit.webserver1.dk\\\/\",\"logo\":{\"@type\":\"ImageObject\",\"inLanguage\":\"en-US\",\"@id\":\"https:\\\/\\\/famfit.webserver1.dk\\\/#\\\/schema\\\/logo\\\/image\\\/\",\"url\":\"https:\\\/\\\/famfit.dk\\\/wp-content\\\/uploads\\\/2020\\\/11\\\/logo-sort.png\",\"contentUrl\":\"https:\\\/\\\/famfit.dk\\\/wp-content\\\/uploads\\\/2020\\\/11\\\/logo-sort.png\",\"width\":242,\"height\":78,\"caption\":\"FamFit\"},\"image\":{\"@id\":\"https:\\\/\\\/famfit.webserver1.dk\\\/#\\\/schema\\\/logo\\\/image\\\/\"}}]}<\/script>\n<!-- \/ Yoast SEO plugin. -->","yoast_head_json":{"title":"Outdoor team training &#183; FamFit &#183; Classes for everyone &#183; Kbh and Frederiksberg etc.","description":"Our outdoor team training offers training with a focus on full body strength combined with cardio exercises. We train outdoors all year round.","robots":{"index":"index","follow":"follow","max-snippet":"max-snippet:-1","max-image-preview":"max-image-preview:large","max-video-preview":"max-video-preview:-1"},"canonical":"https:\/\/famfit.dk\/en\/outdoor-team-training\/","og_locale":"en_US","og_type":"article","og_title":"Outdoor team training &#183; FamFit &#183; Classes for everyone &#183; Kbh and Frederiksberg etc.","og_description":"Our outdoor team training offers training with a focus on full body strength combined with cardio exercises. We train outdoors all year round.","og_url":"https:\/\/famfit.dk\/en\/outdoor-team-training\/","og_site_name":"FamFit","article_modified_time":"2025-07-23T06:59:45+00:00","og_image":[{"width":510,"height":269,"url":"https:\/\/famfit.dk\/wp-content\/uploads\/2024\/05\/skaermbillede-2024-05-06-kl-200317.png","type":"image\/png"}],"twitter_card":"summary_large_image","twitter_misc":{"Est. reading time":"5 minutes"},"schema":{"@context":"https:\/\/schema.org","@graph":[{"@type":"WebPage","@id":"https:\/\/famfit.dk\/en\/outdoor-team-training\/","url":"https:\/\/famfit.dk\/en\/outdoor-team-training\/","name":"Outdoor team training &#183; FamFit &#183; Classes for everyone &#183; Kbh and Frederiksberg etc.","isPartOf":{"@id":"https:\/\/famfit.webserver1.dk\/#website"},"primaryImageOfPage":{"@id":"https:\/\/famfit.dk\/en\/outdoor-team-training\/#primaryimage"},"image":{"@id":"https:\/\/famfit.dk\/en\/outdoor-team-training\/#primaryimage"},"thumbnailUrl":"https:\/\/famfit.dk\/wp-content\/uploads\/2024\/05\/skaermbillede-2024-05-06-kl-200317.png","datePublished":"2022-10-29T04:28:36+00:00","dateModified":"2025-07-23T06:59:45+00:00","description":"Our outdoor team training offers training with a focus on full body strength combined with cardio exercises. We train outdoors all year round.","breadcrumb":{"@id":"https:\/\/famfit.dk\/en\/outdoor-team-training\/#breadcrumb"},"inLanguage":"en-US","potentialAction":[{"@type":"ReadAction","target":["https:\/\/famfit.dk\/en\/outdoor-team-training\/"]}]},{"@type":"ImageObject","inLanguage":"en-US","@id":"https:\/\/famfit.dk\/en\/outdoor-team-training\/#primaryimage","url":"https:\/\/famfit.dk\/wp-content\/uploads\/2024\/05\/skaermbillede-2024-05-06-kl-200317.png","contentUrl":"https:\/\/famfit.dk\/wp-content\/uploads\/2024\/05\/skaermbillede-2024-05-06-kl-200317.png","width":"510","height":"269","caption":"Udend\u00f8rsholdtr\u00e6ning"},{"@type":"BreadcrumbList","@id":"https:\/\/famfit.dk\/en\/outdoor-team-training\/#breadcrumb","itemListElement":[{"@type":"ListItem","position":1,"name":"Hjem","item":"https:\/\/famfit.dk\/en\/"},{"@type":"ListItem","position":2,"name":"Outdoor team training"}]},{"@type":"WebSite","@id":"https:\/\/famfit.webserver1.dk\/#website","url":"https:\/\/famfit.webserver1.dk\/","name":"FamFit","description":"Specialister i udend\u00f8rstr\u00e6ning til firmatr\u00e6ning, seniortr\u00e6ning og holdtr\u00e6ning","publisher":{"@id":"https:\/\/famfit.webserver1.dk\/#organization"},"potentialAction":[{"@type":"SearchAction","target":{"@type":"EntryPoint","urlTemplate":"https:\/\/famfit.webserver1.dk\/?s={search_term_string}"},"query-input":{"@type":"PropertyValueSpecification","valueRequired":true,"valueName":"search_term_string"}}],"inLanguage":"en-US"},{"@type":"Organization","@id":"https:\/\/famfit.webserver1.dk\/#organization","name":"FamFit","url":"https:\/\/famfit.webserver1.dk\/","logo":{"@type":"ImageObject","inLanguage":"en-US","@id":"https:\/\/famfit.webserver1.dk\/#\/schema\/logo\/image\/","url":"https:\/\/famfit.dk\/wp-content\/uploads\/2020\/11\/logo-sort.png","contentUrl":"https:\/\/famfit.dk\/wp-content\/uploads\/2020\/11\/logo-sort.png","width":242,"height":78,"caption":"FamFit"},"image":{"@id":"https:\/\/famfit.webserver1.dk\/#\/schema\/logo\/image\/"}}]}},"_links":{"self":[{"href":"https:\/\/famfit.dk\/en\/wp-json\/wp\/v2\/pages\/6108","targetHints":{"allow":["GET"]}}],"collection":[{"href":"https:\/\/famfit.dk\/en\/wp-json\/wp\/v2\/pages"}],"about":[{"href":"https:\/\/famfit.dk\/en\/wp-json\/wp\/v2\/types\/page"}],"author":[{"embeddable":true,"href":"https:\/\/famfit.dk\/en\/wp-json\/wp\/v2\/users\/1"}],"replies":[{"embeddable":true,"href":"https:\/\/famfit.dk\/en\/wp-json\/wp\/v2\/comments?post=6108"}],"version-history":[{"count":9,"href":"https:\/\/famfit.dk\/en\/wp-json\/wp\/v2\/pages\/6108\/revisions"}],"predecessor-version":[{"id":6136,"href":"https:\/\/famfit.dk\/en\/wp-json\/wp\/v2\/pages\/6108\/revisions\/6136"}],"wp:featuredmedia":[{"embeddable":true,"href":"https:\/\/famfit.dk\/en\/wp-json\/wp\/v2\/media\/6030"}],"wp:attachment":[{"href":"https:\/\/famfit.dk\/en\/wp-json\/wp\/v2\/media?parent=6108"}],"wp:term":[{"taxonomy":"category","embeddable":true,"href":"https:\/\/famfit.dk\/en\/wp-json\/wp\/v2\/categories?post=6108"}],"curies":[{"name":"wp","href":"https:\/\/api.w.org\/{rel}","templated":true}]}}