{"id":6102,"date":"2022-10-29T06:28:37","date_gmt":"2022-10-29T04:28:37","guid":{"rendered":"https:\/\/famfit.dk\/weekly-schedule\/"},"modified":"2025-11-14T13:43:43","modified_gmt":"2025-11-14T12:43:43","slug":"weekly-schedule","status":"publish","type":"page","link":"https:\/\/famfit.dk\/en\/weekly-schedule\/","title":{"rendered":"Weekly schedule"},"content":{"rendered":"<div class=\"wpb-content-wrapper\"><p>[vc_row full_width=&#8221;stretch_row_content_no_spaces&#8221; el_class=&#8221;IframeContainer&#8221;][vc_column][vc_raw_js]JTBBJTNDaWZyYW1lJTIwY2xhc3MlM0QlMjJ3b25kci1pZnJhbWUlMjIlMjBzcmMlM0QlMjJodHRwcyUzQSUyRiUyRkZhbWZpdC53b25kci5jYyUyRnNjaGVtYSUyRiUyMiUyMHdpZHRoJTNEJTIyMTAwJTI1JTIyJTNFJTNDJTJGaWZyYW1lJTNFJTBBJTNDc2NyaXB0JTIwc3JjJTNEJTIyaHR0cHMlM0ElMkYlMkZjb2RlLmpxdWVyeS5jb20lMkZqcXVlcnktMi4yLjQubWluLmpzJTIyJTIwaW50ZWdyaXR5JTNEJTIyc2hhMjU2LUJiaGRsdlFmJTJGeFRZOWdqYTBEcTNIaXdRRjhMYUNSVFh4WktSdXRlbFQ0NCUzRCUyMiUyMGNyb3Nzb3JpZ2luJTNEJTIyYW5vbnltb3VzJTIyJTNFJTNDJTJGc2NyaXB0JTNFJTBBJTNDc2NyaXB0JTIwc3JjJTNEJTIyaHR0cHMlM0ElMkYlMkZGYW1maXQud29uZHIuY2MlMkZqcyUyRmlmcmFtZSUyRmllOC5wb2x5Zmlscy5taW4uanMlMjIlMjB0eXBlJTNEJTIydGV4dCUyRmphdmFzY3JpcHQlMjIlM0UlM0MlMkZzY3JpcHQlM0UlMEElM0NzY3JpcHQlMjBzcmMlM0QlMjJodHRwcyUzQSUyRiUyRkZhbWZpdC53b25kci5jYyUyRmpzJTJGaWZyYW1lJTJGaWZyYW1lUmVzaXplci5taW4uanMlMjIlMjB0eXBlJTNEJTIydGV4dCUyRmphdmFzY3JpcHQlMjIlM0UlM0MlMkZzY3JpcHQlM0UlMEElM0NzY3JpcHQlMjBzcmMlM0QlMjJodHRwcyUzQSUyRiUyRkZhbWZpdC53b25kci5jYyUyRmpzJTJGaWZyYW1lJTJGd29uZHJ2M19pZnJhbWUuanMlM0YxJTIyJTIwdHlwZSUzRCUyMnRleHQlMkZqYXZhc2NyaXB0JTIyJTNFJTNDJTJGc2NyaXB0JTNF[\/vc_raw_js][\/vc_column][\/vc_row][vc_row full_width=&#8221;stretch_row_content_no_spaces&#8221; disable_element=&#8221;yes&#8221; el_class=&#8221;IframeContainer&#8221;][vc_column][vc_raw_html el_class=&#8221;IframeContainer&#8221;]PGlmcmFtZSBzcmM9Imh0dHBzOi8vYm9va2luZy5zcG9ydC1zb2x1dGlvbi5jb20vIy93ZWVrQ2FsZW5kYXI\/Y2hhaW5JZD04MTkzMjgmYW1wO2NlbnRlcklkPTgxOTMzMiI+PC9pZnJhbWU+[\/vc_raw_html][\/vc_column][\/vc_row]<\/p>\n<\/div>","protected":false},"excerpt":{"rendered":"<p>Overview of classes and training locations<\/p>\n","protected":false},"author":1,"featured_media":0,"parent":0,"menu_order":4,"comment_status":"closed","ping_status":"closed","template":"","meta":{"_acf_changed":false,"footnotes":""},"categories":[172],"class_list":{"0":"post-6102","1":"page","2":"type-page","3":"status-publish","5":"category-engelsk-en"},"acf":[],"yoast_head":"<!-- This site is optimized with the Yoast SEO plugin v27.4 - https:\/\/yoast.com\/product\/yoast-seo-wordpress\/ -->\n<title>Weekly schedule &#183; FamFit &#183; Outdoor team training<\/title>\n<meta name=\"description\" content=\"New classes and training locations are constantly emerging. Keep an eye on FamFit&#039;s updated weekly schedule to see the classes we offer.\" \/>\n<meta name=\"robots\" content=\"index, follow, max-snippet:-1, max-image-preview:large, max-video-preview:-1\" \/>\n<link rel=\"canonical\" href=\"https:\/\/famfit.dk\/en\/weekly-schedule\/\" \/>\n<meta property=\"og:locale\" content=\"en_US\" \/>\n<meta property=\"og:type\" content=\"article\" \/>\n<meta property=\"og:title\" content=\"Weekly schedule &#183; FamFit &#183; Outdoor team training\" \/>\n<meta property=\"og:description\" content=\"New classes and training locations are constantly emerging. Keep an eye on FamFit&#039;s updated weekly schedule to see the classes we offer.\" \/>\n<meta property=\"og:url\" content=\"https:\/\/famfit.dk\/en\/weekly-schedule\/\" \/>\n<meta property=\"og:site_name\" content=\"FamFit\" \/>\n<meta property=\"article:modified_time\" content=\"2025-11-14T12:43:43+00:00\" \/>\n<meta name=\"twitter:card\" content=\"summary_large_image\" \/>\n<meta name=\"twitter:label1\" content=\"Est. reading time\" \/>\n\t<meta name=\"twitter:data1\" content=\"1 minute\" \/>\n<script type=\"application\/ld+json\" class=\"yoast-schema-graph\">{\"@context\":\"https:\\\/\\\/schema.org\",\"@graph\":[{\"@type\":\"WebPage\",\"@id\":\"https:\\\/\\\/famfit.dk\\\/en\\\/weekly-schedule\\\/\",\"url\":\"https:\\\/\\\/famfit.dk\\\/en\\\/weekly-schedule\\\/\",\"name\":\"Weekly schedule &#183; FamFit &#183; Outdoor team training\",\"isPartOf\":{\"@id\":\"https:\\\/\\\/famfit.webserver1.dk\\\/#website\"},\"datePublished\":\"2022-10-29T04:28:37+00:00\",\"dateModified\":\"2025-11-14T12:43:43+00:00\",\"description\":\"New classes and training locations are constantly emerging. Keep an eye on FamFit's updated weekly schedule to see the classes we offer.\",\"breadcrumb\":{\"@id\":\"https:\\\/\\\/famfit.dk\\\/en\\\/weekly-schedule\\\/#breadcrumb\"},\"inLanguage\":\"en-US\",\"potentialAction\":[{\"@type\":\"ReadAction\",\"target\":[\"https:\\\/\\\/famfit.dk\\\/en\\\/weekly-schedule\\\/\"]}]},{\"@type\":\"BreadcrumbList\",\"@id\":\"https:\\\/\\\/famfit.dk\\\/en\\\/weekly-schedule\\\/#breadcrumb\",\"itemListElement\":[{\"@type\":\"ListItem\",\"position\":1,\"name\":\"Hjem\",\"item\":\"https:\\\/\\\/famfit.dk\\\/en\\\/\"},{\"@type\":\"ListItem\",\"position\":2,\"name\":\"Weekly schedule\"}]},{\"@type\":\"WebSite\",\"@id\":\"https:\\\/\\\/famfit.webserver1.dk\\\/#website\",\"url\":\"https:\\\/\\\/famfit.webserver1.dk\\\/\",\"name\":\"FamFit\",\"description\":\"Specialister i udend\u00f8rstr\u00e6ning til firmatr\u00e6ning, seniortr\u00e6ning og holdtr\u00e6ning\",\"publisher\":{\"@id\":\"https:\\\/\\\/famfit.webserver1.dk\\\/#organization\"},\"potentialAction\":[{\"@type\":\"SearchAction\",\"target\":{\"@type\":\"EntryPoint\",\"urlTemplate\":\"https:\\\/\\\/famfit.webserver1.dk\\\/?s={search_term_string}\"},\"query-input\":{\"@type\":\"PropertyValueSpecification\",\"valueRequired\":true,\"valueName\":\"search_term_string\"}}],\"inLanguage\":\"en-US\"},{\"@type\":\"Organization\",\"@id\":\"https:\\\/\\\/famfit.webserver1.dk\\\/#organization\",\"name\":\"FamFit\",\"url\":\"https:\\\/\\\/famfit.webserver1.dk\\\/\",\"logo\":{\"@type\":\"ImageObject\",\"inLanguage\":\"en-US\",\"@id\":\"https:\\\/\\\/famfit.webserver1.dk\\\/#\\\/schema\\\/logo\\\/image\\\/\",\"url\":\"https:\\\/\\\/famfit.dk\\\/wp-content\\\/uploads\\\/2020\\\/11\\\/logo-sort.png\",\"contentUrl\":\"https:\\\/\\\/famfit.dk\\\/wp-content\\\/uploads\\\/2020\\\/11\\\/logo-sort.png\",\"width\":242,\"height\":78,\"caption\":\"FamFit\"},\"image\":{\"@id\":\"https:\\\/\\\/famfit.webserver1.dk\\\/#\\\/schema\\\/logo\\\/image\\\/\"}}]}<\/script>\n<!-- \/ Yoast SEO plugin. -->","yoast_head_json":{"title":"Weekly schedule &#183; FamFit &#183; Outdoor team training","description":"New classes and training locations are constantly emerging. Keep an eye on FamFit's updated weekly schedule to see the classes we offer.","robots":{"index":"index","follow":"follow","max-snippet":"max-snippet:-1","max-image-preview":"max-image-preview:large","max-video-preview":"max-video-preview:-1"},"canonical":"https:\/\/famfit.dk\/en\/weekly-schedule\/","og_locale":"en_US","og_type":"article","og_title":"Weekly schedule &#183; FamFit &#183; Outdoor team training","og_description":"New classes and training locations are constantly emerging. Keep an eye on FamFit's updated weekly schedule to see the classes we offer.","og_url":"https:\/\/famfit.dk\/en\/weekly-schedule\/","og_site_name":"FamFit","article_modified_time":"2025-11-14T12:43:43+00:00","twitter_card":"summary_large_image","twitter_misc":{"Est. reading time":"1 minute"},"schema":{"@context":"https:\/\/schema.org","@graph":[{"@type":"WebPage","@id":"https:\/\/famfit.dk\/en\/weekly-schedule\/","url":"https:\/\/famfit.dk\/en\/weekly-schedule\/","name":"Weekly schedule &#183; FamFit &#183; Outdoor team training","isPartOf":{"@id":"https:\/\/famfit.webserver1.dk\/#website"},"datePublished":"2022-10-29T04:28:37+00:00","dateModified":"2025-11-14T12:43:43+00:00","description":"New classes and training locations are constantly emerging. Keep an eye on FamFit's updated weekly schedule to see the classes we offer.","breadcrumb":{"@id":"https:\/\/famfit.dk\/en\/weekly-schedule\/#breadcrumb"},"inLanguage":"en-US","potentialAction":[{"@type":"ReadAction","target":["https:\/\/famfit.dk\/en\/weekly-schedule\/"]}]},{"@type":"BreadcrumbList","@id":"https:\/\/famfit.dk\/en\/weekly-schedule\/#breadcrumb","itemListElement":[{"@type":"ListItem","position":1,"name":"Hjem","item":"https:\/\/famfit.dk\/en\/"},{"@type":"ListItem","position":2,"name":"Weekly schedule"}]},{"@type":"WebSite","@id":"https:\/\/famfit.webserver1.dk\/#website","url":"https:\/\/famfit.webserver1.dk\/","name":"FamFit","description":"Specialister i udend\u00f8rstr\u00e6ning til firmatr\u00e6ning, seniortr\u00e6ning og holdtr\u00e6ning","publisher":{"@id":"https:\/\/famfit.webserver1.dk\/#organization"},"potentialAction":[{"@type":"SearchAction","target":{"@type":"EntryPoint","urlTemplate":"https:\/\/famfit.webserver1.dk\/?s={search_term_string}"},"query-input":{"@type":"PropertyValueSpecification","valueRequired":true,"valueName":"search_term_string"}}],"inLanguage":"en-US"},{"@type":"Organization","@id":"https:\/\/famfit.webserver1.dk\/#organization","name":"FamFit","url":"https:\/\/famfit.webserver1.dk\/","logo":{"@type":"ImageObject","inLanguage":"en-US","@id":"https:\/\/famfit.webserver1.dk\/#\/schema\/logo\/image\/","url":"https:\/\/famfit.dk\/wp-content\/uploads\/2020\/11\/logo-sort.png","contentUrl":"https:\/\/famfit.dk\/wp-content\/uploads\/2020\/11\/logo-sort.png","width":242,"height":78,"caption":"FamFit"},"image":{"@id":"https:\/\/famfit.webserver1.dk\/#\/schema\/logo\/image\/"}}]}},"_links":{"self":[{"href":"https:\/\/famfit.dk\/en\/wp-json\/wp\/v2\/pages\/6102","targetHints":{"allow":["GET"]}}],"collection":[{"href":"https:\/\/famfit.dk\/en\/wp-json\/wp\/v2\/pages"}],"about":[{"href":"https:\/\/famfit.dk\/en\/wp-json\/wp\/v2\/types\/page"}],"author":[{"embeddable":true,"href":"https:\/\/famfit.dk\/en\/wp-json\/wp\/v2\/users\/1"}],"replies":[{"embeddable":true,"href":"https:\/\/famfit.dk\/en\/wp-json\/wp\/v2\/comments?post=6102"}],"version-history":[{"count":6,"href":"https:\/\/famfit.dk\/en\/wp-json\/wp\/v2\/pages\/6102\/revisions"}],"predecessor-version":[{"id":6215,"href":"https:\/\/famfit.dk\/en\/wp-json\/wp\/v2\/pages\/6102\/revisions\/6215"}],"wp:attachment":[{"href":"https:\/\/famfit.dk\/en\/wp-json\/wp\/v2\/media?parent=6102"}],"wp:term":[{"taxonomy":"category","embeddable":true,"href":"https:\/\/famfit.dk\/en\/wp-json\/wp\/v2\/categories?post=6102"}],"curies":[{"name":"wp","href":"https:\/\/api.w.org\/{rel}","templated":true}]}}