{"id":6094,"date":"2022-10-30T06:28:37","date_gmt":"2022-10-30T05:28:37","guid":{"rendered":"https:\/\/famfit.dk\/senior-training\/"},"modified":"2025-07-23T08:59:45","modified_gmt":"2025-07-23T06:59:45","slug":"senior-training","status":"publish","type":"page","link":"https:\/\/famfit.dk\/en\/senior-training\/","title":{"rendered":"Senior training"},"content":{"rendered":"<div class=\"wpb-content-wrapper\"><p>[vc_row full_width=&#8221;stretch_row&#8221;][vc_column]<div class=\"ult-spacer spacer-69efc40389349\" data-id=\"69efc40389349\" data-height=\"90\" data-height-mobile=\"60\" data-height-tab=\"90\" data-height-tab-portrait=\"60\" data-height-mobile-landscape=\"60\" style=\"clear:both;display:block;\"><\/div>[vc_column_text css=&#8221;&#8221;]<\/p>\n<h1>Senior exercise &#8211; Outdoor, Fun &amp; Effective<\/h1>\n<p>[\/vc_column_text][vc_empty_space height=&#8221;30px&#8221;][vc_separator color=&#8221;custom&#8221; accent_color=&#8221;rgba(0,0,0,0.1)&#8221;]<div class=\"ult-spacer spacer-69efc403893b5\" data-id=\"69efc403893b5\" data-height=\"45\" data-height-mobile=\"30\" data-height-tab=\"45\" data-height-tab-portrait=\"30\" data-height-mobile-landscape=\"30\" style=\"clear:both;display:block;\"><\/div>[vc_row_inner][vc_column_inner offset=&#8221;vc_col-lg-8 vc_col-md-8 vc_col-xs-12&#8243;][vc_column_text css=&#8221;&#8221;]<\/p>\n<h2>Senior fitness classes and senior exercise with FamFit<\/h2>\n<p>FamFit&#8217;s outdoor exercise classes for seniors are effective, fun and social training. The training is based on the senior&#8217;s body and challenges after a long life. The training consists of functional training where we use the body&#8217;s own weight and simple means to make the training effective and functional. Therefore, everyone, regardless of level, can participate in the training.   <\/p>\n<p>Community is important at FamFit &#8211; not least among the seniors where there is always an exceptional atmosphere and a strong sense of unity. At the same time, many of our seniors are diligent in using our \u201cClass training for all\u201d which mixes all members across age groups and everyone leaves with sweat on their brow and a smile on their face. You can find all classes for seniors by going to <a href=\"https:\/\/famfit.dk\/ugeplan\/\">the weekly schedule here<\/a>.  <\/p>\n<p>The senior classes are basically for those over 60 years old &#8211; but all FamFit members are welcome to join these life-affirming senior exercise classes.[\/vc_column_text]<div class=\"ult-spacer spacer-69efc403893f1\" data-id=\"69efc403893f1\" data-height=\"0\" data-height-mobile=\"30\" data-height-tab=\"0\" data-height-tab-portrait=\"30\" data-height-mobile-landscape=\"30\" style=\"clear:both;display:block;\"><\/div>[\/vc_column_inner][vc_column_inner offset=&#8221;vc_col-lg-4 vc_col-md-4 vc_col-xs-12&#8243;][vc_widget_sidebar sidebar_id=&#8221;sidebar-1&#8243; el_class=&#8221;contact-sidebar&#8221;][\/vc_column_inner][\/vc_row_inner]<div class=\"ult-spacer spacer-69efc4038942e\" data-id=\"69efc4038942e\" data-height=\"60\" data-height-mobile=\"30\" data-height-tab=\"60\" data-height-tab-portrait=\"30\" data-height-mobile-landscape=\"30\" style=\"clear:both;display:block;\"><\/div>[vc_media_grid gap=&#8221;20&#8243; grid_id=&#8221;vc_gid:1750278339595-84476fb6-73cd-5&#8243; include=&#8221;6023,6025,6028&#8243;]<div class=\"ult-spacer spacer-69efc40389466\" data-id=\"69efc40389466\" data-height=\"90\" data-height-mobile=\"60\" data-height-tab=\"90\" data-height-tab-portrait=\"60\" data-height-mobile-landscape=\"60\" style=\"clear:both;display:block;\"><\/div>[\/vc_column][\/vc_row][vc_row full_width=&#8221;stretch_row&#8221;][vc_column][vc_column_text css=&#8221;&#8221; el_class=&#8221;cta&#8221;]<\/p>\n<h3>Read more about our Senior Exercise classes here:<\/h3>\n<p>[\/vc_column_text][vc_empty_space height=&#8221;30px&#8221;][vc_separator color=&#8221;custom&#8221; accent_color=&#8221;rgba(0,0,0,0.1)&#8221;]<div class=\"ult-spacer spacer-69efc40389499\" data-id=\"69efc40389499\" data-height=\"45\" data-height-mobile=\"30\" data-height-tab=\"45\" data-height-tab-portrait=\"30\" data-height-mobile-landscape=\"30\" style=\"clear:both;display:block;\"><\/div>[vc_row_inner][vc_column_inner offset=&#8221;vc_col-md-6&#8243;][vc_column_text]<\/p>\n<h3>Senior training<\/h3>\n<p>The class focuses on strength, mobility, balance and heart rate. Functional exercises with your own body weight and strength exercises with elastic bands form the foundation of the workout combined with heart rate and cardio series that give you something to puff about. <\/p>\n<h3>Senior Powerwalk<\/h3>\n<p>Focuses more on fitness and heart rate. Here the training consists of powerwalk series and running (for those who can and want to). We do small intervals and sequences so it&#8217;s both fun and manageable &#8211; but make no mistake&#8230; you will be challenged. As always, there will be strength and mobility exercises along the way.[\/vc_column_text][vc_empty_space height=&#8221;30px&#8221;][vc_btn title=&#8221;See where we train&#8221; style=&#8221;custom&#8221; custom_background=&#8221;#0b364b&#8221; custom_text=&#8221;#ffffff&#8221; shape=&#8221;square&#8221; align=&#8221;left&#8221; link=&#8221;url:https%3A%2F%2Ffamfit.dk%2Ffind-din-famfit-traening%2F|title:Find%20your%20FamFit%20workout|&#8221;]<div class=\"ult-spacer spacer-69efc403894c7\" data-id=\"69efc403894c7\" data-height=\"0\" data-height-mobile=\"15\" data-height-tab=\"0\" data-height-tab-portrait=\"15\" data-height-mobile-landscape=\"15\" style=\"clear:both;display:block;\"><\/div>[\/vc_column_inner][vc_column_inner offset=&#8221;vc_col-md-6&#8243;][vc_column_text]<\/p>\n<h3>Class training for EVERYONE<\/h3>\n<p>Is the team that welcomes all FamFit members to the same training session. All age groups come together for a fun and effective class &#8211; where the grandchild can challenge both parents and grandparents. Always lots of laughs in these classes. As the training is based on scalable exercises and endurance training, you will always be challenged and pushed &#8211; regardless of level.   <\/p>\n<p>To see all team options, training locations and training times &#8211; go to <a href=\"https:\/\/famfit.dk\/ugeplan\/\">the weekly schedule here<\/a>.<br \/>\nTo read more about training locations and venues &#8211; <a href=\"https:\/\/famfit.dk\/en\/find-your-famfit-workout\/\">read more here.<\/a>[\/vc_column_text][vc_empty_space height=&#8221;30px&#8221;][vc_btn title=&#8221;See weekly plan&#8221; style=&#8221;custom&#8221; custom_background=&#8221;#0b364b&#8221; custom_text=&#8221;#ffffff&#8221; shape=&#8221;square&#8221; align=&#8221;left&#8221; link=&#8221;url:https%3A%2F%2Ffamfit.dk%2Fugeplan%2F|title:Outdoor%20team%20training|&#8221;][\/vc_column_inner][\/vc_row_inner]<div class=\"ult-spacer spacer-69efc403894fb\" data-id=\"69efc403894fb\" data-height=\"90\" data-height-mobile=\"60\" data-height-tab=\"90\" data-height-tab-portrait=\"60\" data-height-mobile-landscape=\"60\" style=\"clear:both;display:block;\"><\/div>[\/vc_column][\/vc_row][vc_row full_width=&#8221;stretch_row&#8221; el_class=&#8221;white parallax overlay&#8221; css=&#8221;.vc_custom_1677136312486{background-image: url(https:\/\/famfit.dk\/wp-content\/uploads\/2023\/02\/famfit-vintermoerke-februar-15-of-81-1248.jpg?id=5099) !important;background-position: center !important;background-repeat: no-repeat !important;background-size: cover !important;}&#8221;][vc_column]<div class=\"ult-spacer spacer-69efc4038952e\" data-id=\"69efc4038952e\" data-height=\"135\" data-height-mobile=\"90\" data-height-tab=\"135\" data-height-tab-portrait=\"90\" data-height-mobile-landscape=\"90\" style=\"clear:both;display:block;\"><\/div>[vc_row_inner][vc_column_inner offset=&#8221;vc_col-lg-2 vc_col-md-2 vc_col-xs-12&#8243;][\/vc_column_inner][vc_column_inner el_class=&#8221;center-buttons&#8221; offset=&#8221;vc_col-lg-8 vc_col-md-8 vc_col-xs-12&#8243;][vc_column_text el_class=&#8221;cta&#8221;]<\/p>\n<h3 style=\"text-align: center;\">FamFit App is available now<\/h3>\n<h4 style=\"text-align: center;\">Both for Android &amp; Apple<\/h4>\n<p>[\/vc_column_text][vc_empty_space height=&#8221;15px&#8221;][vc_btn title=&#8221;&#8221; style=&#8221;custom&#8221; custom_background=&#8221;#00648f&#8221; custom_text=&#8221;#ffffff&#8221; shape=&#8221;square&#8221; size=&#8221;sm&#8221; i_icon_fontawesome=&#8221;fab fa-apple&#8221; add_icon=&#8221;true&#8221; link=&#8221;url:https%3A%2F%2Fapps.apple.com%2Fus%2Fapp%2Fsport-solution-booking%2Fid499819800|target:_blank|&#8221; el_class=&#8221;custom-button&#8221;][vc_btn title=&#8221;&#8221; style=&#8221;custom&#8221; custom_background=&#8221;#ffffff&#8221; custom_text=&#8221;#00648f&#8221; shape=&#8221;square&#8221; size=&#8221;sm&#8221; i_icon_fontawesome=&#8221;fab fa-android&#8221; add_icon=&#8221;true&#8221; link=&#8221;url:https%3A%2F%2Fplay.google.com%2Fstore%2Fapps%2Fdetails%3Fid%3Dcom.phonegap.sportSolution%26feature%3Dsearch_result%2523%3Ft%253DW251bGwsMSwxLDEsImNvbS5waG9uZWdhcC5zcG9ydFNvbHV0aW9uIl0|target:_blank|&#8221; el_class=&#8221;custom-button&#8221;][\/vc_column_inner][vc_column_inner offset=&#8221;vc_col-lg-2 vc_col-md-2 vc_col-xs-12&#8243;][\/vc_column_inner][\/vc_row_inner]<div class=\"ult-spacer spacer-69efc4038955d\" data-id=\"69efc4038955d\" data-height=\"135\" data-height-mobile=\"90\" data-height-tab=\"135\" data-height-tab-portrait=\"90\" data-height-mobile-landscape=\"90\" style=\"clear:both;display:block;\"><\/div>[\/vc_column][\/vc_row]<\/p>\n<\/div>","protected":false},"excerpt":{"rendered":"<p>In our senior classes, we train the whole body with extra focus on the senior&#8217;s body and challenges.  <\/p>\n","protected":false},"author":1,"featured_media":6029,"parent":0,"menu_order":2,"comment_status":"closed","ping_status":"closed","template":"","meta":{"_acf_changed":false,"footnotes":""},"categories":[172,97],"class_list":{"0":"post-6094","1":"page","2":"type-page","3":"status-publish","4":"has-post-thumbnail","6":"category-engelsk-en","7":"category-focus"},"acf":[],"yoast_head":"<!-- This site is optimized with the Yoast SEO plugin v27.4 - https:\/\/yoast.com\/product\/yoast-seo-wordpress\/ -->\n<title>Senior training &#183; FamFit &#183; Senior exercise and group training for all levels<\/title>\n<meta name=\"description\" content=\"FamFit&#039;s outdoor senior exercise classes consist of training for seniors of all ages. In the fresh air and under the open sky.\" \/>\n<meta name=\"robots\" content=\"index, follow, max-snippet:-1, max-image-preview:large, max-video-preview:-1\" \/>\n<link rel=\"canonical\" href=\"https:\/\/famfit.dk\/en\/senior-training\/\" \/>\n<meta property=\"og:locale\" content=\"en_US\" \/>\n<meta property=\"og:type\" content=\"article\" \/>\n<meta property=\"og:title\" content=\"Senior training &#183; FamFit &#183; Senior exercise and group training for all levels\" \/>\n<meta property=\"og:description\" content=\"FamFit&#039;s outdoor senior exercise classes consist of training for seniors of all ages. In the fresh air and under the open sky.\" \/>\n<meta property=\"og:url\" content=\"https:\/\/famfit.dk\/en\/senior-training\/\" \/>\n<meta property=\"og:site_name\" content=\"FamFit\" \/>\n<meta property=\"article:modified_time\" content=\"2025-07-23T06:59:45+00:00\" \/>\n<meta property=\"og:image\" content=\"https:\/\/famfit.dk\/wp-content\/uploads\/2024\/05\/skaermbillede-2024-05-06-kl-195143-1.png\" \/>\n\t<meta property=\"og:image:width\" content=\"527\" \/>\n\t<meta property=\"og:image:height\" content=\"276\" \/>\n\t<meta property=\"og:image:type\" content=\"image\/png\" \/>\n<meta name=\"twitter:card\" content=\"summary_large_image\" \/>\n<meta name=\"twitter:label1\" content=\"Est. reading time\" \/>\n\t<meta name=\"twitter:data1\" content=\"5 minutes\" \/>\n<script type=\"application\/ld+json\" class=\"yoast-schema-graph\">{\"@context\":\"https:\\\/\\\/schema.org\",\"@graph\":[{\"@type\":\"WebPage\",\"@id\":\"https:\\\/\\\/famfit.dk\\\/en\\\/senior-training\\\/\",\"url\":\"https:\\\/\\\/famfit.dk\\\/en\\\/senior-training\\\/\",\"name\":\"Senior training &#183; FamFit &#183; Senior exercise and group training for all levels\",\"isPartOf\":{\"@id\":\"https:\\\/\\\/famfit.webserver1.dk\\\/#website\"},\"primaryImageOfPage\":{\"@id\":\"https:\\\/\\\/famfit.dk\\\/en\\\/senior-training\\\/#primaryimage\"},\"image\":{\"@id\":\"https:\\\/\\\/famfit.dk\\\/en\\\/senior-training\\\/#primaryimage\"},\"thumbnailUrl\":\"https:\\\/\\\/famfit.dk\\\/wp-content\\\/uploads\\\/2024\\\/05\\\/skaermbillede-2024-05-06-kl-195143-1.png\",\"datePublished\":\"2022-10-30T05:28:37+00:00\",\"dateModified\":\"2025-07-23T06:59:45+00:00\",\"description\":\"FamFit's outdoor senior exercise classes consist of training for seniors of all ages. In the fresh air and under the open sky.\",\"breadcrumb\":{\"@id\":\"https:\\\/\\\/famfit.dk\\\/en\\\/senior-training\\\/#breadcrumb\"},\"inLanguage\":\"en-US\",\"potentialAction\":[{\"@type\":\"ReadAction\",\"target\":[\"https:\\\/\\\/famfit.dk\\\/en\\\/senior-training\\\/\"]}]},{\"@type\":\"ImageObject\",\"inLanguage\":\"en-US\",\"@id\":\"https:\\\/\\\/famfit.dk\\\/en\\\/senior-training\\\/#primaryimage\",\"url\":\"https:\\\/\\\/famfit.dk\\\/wp-content\\\/uploads\\\/2024\\\/05\\\/skaermbillede-2024-05-06-kl-195143-1.png\",\"contentUrl\":\"https:\\\/\\\/famfit.dk\\\/wp-content\\\/uploads\\\/2024\\\/05\\\/skaermbillede-2024-05-06-kl-195143-1.png\",\"width\":\"527\",\"height\":\"276\",\"caption\":\"Seniormotion og seniortr\u00e6ning i K\u00f8benhavn og Frederiksberg\"},{\"@type\":\"BreadcrumbList\",\"@id\":\"https:\\\/\\\/famfit.dk\\\/en\\\/senior-training\\\/#breadcrumb\",\"itemListElement\":[{\"@type\":\"ListItem\",\"position\":1,\"name\":\"Hjem\",\"item\":\"https:\\\/\\\/famfit.dk\\\/en\\\/\"},{\"@type\":\"ListItem\",\"position\":2,\"name\":\"Senior training\"}]},{\"@type\":\"WebSite\",\"@id\":\"https:\\\/\\\/famfit.webserver1.dk\\\/#website\",\"url\":\"https:\\\/\\\/famfit.webserver1.dk\\\/\",\"name\":\"FamFit\",\"description\":\"Specialister i udend\u00f8rstr\u00e6ning til firmatr\u00e6ning, seniortr\u00e6ning og holdtr\u00e6ning\",\"publisher\":{\"@id\":\"https:\\\/\\\/famfit.webserver1.dk\\\/#organization\"},\"potentialAction\":[{\"@type\":\"SearchAction\",\"target\":{\"@type\":\"EntryPoint\",\"urlTemplate\":\"https:\\\/\\\/famfit.webserver1.dk\\\/?s={search_term_string}\"},\"query-input\":{\"@type\":\"PropertyValueSpecification\",\"valueRequired\":true,\"valueName\":\"search_term_string\"}}],\"inLanguage\":\"en-US\"},{\"@type\":\"Organization\",\"@id\":\"https:\\\/\\\/famfit.webserver1.dk\\\/#organization\",\"name\":\"FamFit\",\"url\":\"https:\\\/\\\/famfit.webserver1.dk\\\/\",\"logo\":{\"@type\":\"ImageObject\",\"inLanguage\":\"en-US\",\"@id\":\"https:\\\/\\\/famfit.webserver1.dk\\\/#\\\/schema\\\/logo\\\/image\\\/\",\"url\":\"https:\\\/\\\/famfit.dk\\\/wp-content\\\/uploads\\\/2020\\\/11\\\/logo-sort.png\",\"contentUrl\":\"https:\\\/\\\/famfit.dk\\\/wp-content\\\/uploads\\\/2020\\\/11\\\/logo-sort.png\",\"width\":242,\"height\":78,\"caption\":\"FamFit\"},\"image\":{\"@id\":\"https:\\\/\\\/famfit.webserver1.dk\\\/#\\\/schema\\\/logo\\\/image\\\/\"}}]}<\/script>\n<!-- \/ Yoast SEO plugin. -->","yoast_head_json":{"title":"Senior training &#183; FamFit &#183; Senior exercise and group training for all levels","description":"FamFit's outdoor senior exercise classes consist of training for seniors of all ages. In the fresh air and under the open sky.","robots":{"index":"index","follow":"follow","max-snippet":"max-snippet:-1","max-image-preview":"max-image-preview:large","max-video-preview":"max-video-preview:-1"},"canonical":"https:\/\/famfit.dk\/en\/senior-training\/","og_locale":"en_US","og_type":"article","og_title":"Senior training &#183; FamFit &#183; Senior exercise and group training for all levels","og_description":"FamFit's outdoor senior exercise classes consist of training for seniors of all ages. In the fresh air and under the open sky.","og_url":"https:\/\/famfit.dk\/en\/senior-training\/","og_site_name":"FamFit","article_modified_time":"2025-07-23T06:59:45+00:00","og_image":[{"width":527,"height":276,"url":"https:\/\/famfit.dk\/wp-content\/uploads\/2024\/05\/skaermbillede-2024-05-06-kl-195143-1.png","type":"image\/png"}],"twitter_card":"summary_large_image","twitter_misc":{"Est. reading time":"5 minutes"},"schema":{"@context":"https:\/\/schema.org","@graph":[{"@type":"WebPage","@id":"https:\/\/famfit.dk\/en\/senior-training\/","url":"https:\/\/famfit.dk\/en\/senior-training\/","name":"Senior training &#183; FamFit &#183; Senior exercise and group training for all levels","isPartOf":{"@id":"https:\/\/famfit.webserver1.dk\/#website"},"primaryImageOfPage":{"@id":"https:\/\/famfit.dk\/en\/senior-training\/#primaryimage"},"image":{"@id":"https:\/\/famfit.dk\/en\/senior-training\/#primaryimage"},"thumbnailUrl":"https:\/\/famfit.dk\/wp-content\/uploads\/2024\/05\/skaermbillede-2024-05-06-kl-195143-1.png","datePublished":"2022-10-30T05:28:37+00:00","dateModified":"2025-07-23T06:59:45+00:00","description":"FamFit's outdoor senior exercise classes consist of training for seniors of all ages. In the fresh air and under the open sky.","breadcrumb":{"@id":"https:\/\/famfit.dk\/en\/senior-training\/#breadcrumb"},"inLanguage":"en-US","potentialAction":[{"@type":"ReadAction","target":["https:\/\/famfit.dk\/en\/senior-training\/"]}]},{"@type":"ImageObject","inLanguage":"en-US","@id":"https:\/\/famfit.dk\/en\/senior-training\/#primaryimage","url":"https:\/\/famfit.dk\/wp-content\/uploads\/2024\/05\/skaermbillede-2024-05-06-kl-195143-1.png","contentUrl":"https:\/\/famfit.dk\/wp-content\/uploads\/2024\/05\/skaermbillede-2024-05-06-kl-195143-1.png","width":"527","height":"276","caption":"Seniormotion og seniortr\u00e6ning i K\u00f8benhavn og Frederiksberg"},{"@type":"BreadcrumbList","@id":"https:\/\/famfit.dk\/en\/senior-training\/#breadcrumb","itemListElement":[{"@type":"ListItem","position":1,"name":"Hjem","item":"https:\/\/famfit.dk\/en\/"},{"@type":"ListItem","position":2,"name":"Senior training"}]},{"@type":"WebSite","@id":"https:\/\/famfit.webserver1.dk\/#website","url":"https:\/\/famfit.webserver1.dk\/","name":"FamFit","description":"Specialister i udend\u00f8rstr\u00e6ning til firmatr\u00e6ning, seniortr\u00e6ning og holdtr\u00e6ning","publisher":{"@id":"https:\/\/famfit.webserver1.dk\/#organization"},"potentialAction":[{"@type":"SearchAction","target":{"@type":"EntryPoint","urlTemplate":"https:\/\/famfit.webserver1.dk\/?s={search_term_string}"},"query-input":{"@type":"PropertyValueSpecification","valueRequired":true,"valueName":"search_term_string"}}],"inLanguage":"en-US"},{"@type":"Organization","@id":"https:\/\/famfit.webserver1.dk\/#organization","name":"FamFit","url":"https:\/\/famfit.webserver1.dk\/","logo":{"@type":"ImageObject","inLanguage":"en-US","@id":"https:\/\/famfit.webserver1.dk\/#\/schema\/logo\/image\/","url":"https:\/\/famfit.dk\/wp-content\/uploads\/2020\/11\/logo-sort.png","contentUrl":"https:\/\/famfit.dk\/wp-content\/uploads\/2020\/11\/logo-sort.png","width":242,"height":78,"caption":"FamFit"},"image":{"@id":"https:\/\/famfit.webserver1.dk\/#\/schema\/logo\/image\/"}}]}},"_links":{"self":[{"href":"https:\/\/famfit.dk\/en\/wp-json\/wp\/v2\/pages\/6094","targetHints":{"allow":["GET"]}}],"collection":[{"href":"https:\/\/famfit.dk\/en\/wp-json\/wp\/v2\/pages"}],"about":[{"href":"https:\/\/famfit.dk\/en\/wp-json\/wp\/v2\/types\/page"}],"author":[{"embeddable":true,"href":"https:\/\/famfit.dk\/en\/wp-json\/wp\/v2\/users\/1"}],"replies":[{"embeddable":true,"href":"https:\/\/famfit.dk\/en\/wp-json\/wp\/v2\/comments?post=6094"}],"version-history":[{"count":3,"href":"https:\/\/famfit.dk\/en\/wp-json\/wp\/v2\/pages\/6094\/revisions"}],"predecessor-version":[{"id":6101,"href":"https:\/\/famfit.dk\/en\/wp-json\/wp\/v2\/pages\/6094\/revisions\/6101"}],"wp:featuredmedia":[{"embeddable":true,"href":"https:\/\/famfit.dk\/en\/wp-json\/wp\/v2\/media\/6029"}],"wp:attachment":[{"href":"https:\/\/famfit.dk\/en\/wp-json\/wp\/v2\/media?parent=6094"}],"wp:term":[{"taxonomy":"category","embeddable":true,"href":"https:\/\/famfit.dk\/en\/wp-json\/wp\/v2\/categories?post=6094"}],"curies":[{"name":"wp","href":"https:\/\/api.w.org\/{rel}","templated":true}]}}