{"id":6090,"date":"2022-10-29T06:28:37","date_gmt":"2022-10-29T04:28:37","guid":{"rendered":"https:\/\/famfit.dk\/book-a-free-trial-lesson\/"},"modified":"2025-07-23T08:59:45","modified_gmt":"2025-07-23T06:59:45","slug":"book-a-free-trial-lesson","status":"publish","type":"page","link":"https:\/\/famfit.dk\/en\/book-a-free-trial-lesson\/","title":{"rendered":"Book a free trial lesson"},"content":{"rendered":"<div class=\"wpb-content-wrapper\"><p>[vc_row full_width=&#8221;stretch_row&#8221;][vc_column]<div class=\"ult-spacer spacer-69ef8af800321\" data-id=\"69ef8af800321\" data-height=\"90\" data-height-mobile=\"60\" data-height-tab=\"90\" data-height-tab-portrait=\"60\" data-height-mobile-landscape=\"60\" style=\"clear:both;display:block;\"><\/div>[vc_column_text css=&#8221;&#8221;]<\/p>\n<h2>Choose your trial class for Team Training, Mother\/Child Training, Senior Training, Family Training and more here!<\/h2>\n<p>[\/vc_column_text][vc_empty_space height=&#8221;30px&#8221;][vc_separator color=&#8221;custom&#8221; accent_color=&#8221;rgba(0,0,0,0.1)&#8221;]<div class=\"ult-spacer spacer-69ef8af800365\" data-id=\"69ef8af800365\" data-height=\"45\" data-height-mobile=\"30\" data-height-tab=\"45\" data-height-tab-portrait=\"30\" data-height-mobile-landscape=\"30\" style=\"clear:both;display:block;\"><\/div>[vc_row_inner][vc_column_inner offset=&#8221;vc_col-lg-8 vc_col-md-8 vc_col-xs-12&#8243;][vc_column_text css=&#8221;&#8221;]Want to see if FamFit is for you? Then book a free <a href=\"https:\/\/famfit.dk\/udendoers-holdtraening\/\" target=\"_blank\" rel=\"noopener\">outdoor workout<\/a>, <a href=\"https:\/\/famfit.dk\/en\/mother-and-child-training\/\" target=\"_blank\" rel=\"noopener\">Mother and Child training<\/a> &#8211; or <a href=\"https:\/\/famfit.dk\/seniortraening\/\" target=\"_blank\" rel=\"noopener\">Senior training<\/a> etc. <\/p>\n<p><strong>FIND THE CLASS YOU WANT TO TRY IN THE FORM BELOW<br \/>\n&#8211; OR <em><a href=\"https:\/\/famfit.dk\/kontakt\/\" target=\"_blank\" rel=\"noopener\">CONTACT US HERE<\/a><\/em><\/strong><\/p>\n<p><strong>ATTENTION!<\/strong> If you want to try our <a href=\"https:\/\/famfit.dk\/firmatraening\/\" target=\"_blank\" rel=\"noopener\">Corporate Training<\/a>, please <a href=\"https:\/\/famfit.dk\/kontakt\/\">contact us<\/a> for options<\/p>\n<p>We look forward to meeting you![\/vc_column_text][vc_empty_space height=&#8221;30px&#8221;][vc_raw_html]W2Zvcm1pbmF0b3JfZm9ybSBpZD0iNTE4MSJd[\/vc_raw_html]<div class=\"ult-spacer spacer-69ef8af800389\" data-id=\"69ef8af800389\" data-height=\"0\" data-height-mobile=\"30\" data-height-tab=\"0\" data-height-tab-portrait=\"30\" data-height-mobile-landscape=\"30\" style=\"clear:both;display:block;\"><\/div>[\/vc_column_inner][vc_column_inner offset=&#8221;vc_col-lg-4 vc_col-md-4 vc_col-xs-12&#8243;][vc_widget_sidebar sidebar_id=&#8221;sidebar-1&#8243; el_class=&#8221;contact-sidebar&#8221;][vc_empty_space height=&#8221;30px&#8221;][vc_media_grid element_width=&#8221;12&#8243; gap=&#8221;25&#8243; grid_id=&#8221;vc_gid:1750364748021-7ba7479f-171a-0&#8243; include=&#8221;6012,6009,6014&#8243;][\/vc_column_inner][\/vc_row_inner]<div class=\"ult-spacer spacer-69ef8af8003a9\" data-id=\"69ef8af8003a9\" data-height=\"90\" data-height-mobile=\"60\" data-height-tab=\"90\" data-height-tab-portrait=\"60\" data-height-mobile-landscape=\"60\" style=\"clear:both;display:block;\"><\/div>[\/vc_column][\/vc_row][vc_row full_width=&#8221;stretch_row&#8221; el_class=&#8221;white parallax overlay&#8221; css=&#8221;.vc_custom_1677136336364{background-image: url(https:\/\/famfit.dk\/wp-content\/uploads\/2023\/02\/famfit-vintermoerke-februar-15-of-81-1248.jpg?id=5099) !important;background-position: center !important;background-repeat: no-repeat !important;background-size: cover !important;}&#8221;][vc_column]<div class=\"ult-spacer spacer-69ef8af8003c5\" data-id=\"69ef8af8003c5\" data-height=\"135\" data-height-mobile=\"90\" data-height-tab=\"135\" data-height-tab-portrait=\"90\" data-height-mobile-landscape=\"90\" style=\"clear:both;display:block;\"><\/div>[vc_row_inner][vc_column_inner offset=&#8221;vc_col-lg-2 vc_col-md-2 vc_col-xs-12&#8243;][\/vc_column_inner][vc_column_inner el_class=&#8221;center-buttons&#8221; offset=&#8221;vc_col-lg-8 vc_col-md-8 vc_col-xs-12&#8243;][vc_column_text el_class=&#8221;cta&#8221;]<\/p>\n<h3 style=\"text-align: center;\">FamFit App is available now<\/h3>\n<h4 style=\"text-align: center;\">Both for Android &amp; Apple<\/h4>\n<p>[\/vc_column_text][vc_empty_space height=&#8221;15px&#8221;][vc_btn title=&#8221;&#8221; style=&#8221;custom&#8221; custom_background=&#8221;#00648f&#8221; custom_text=&#8221;#ffffff&#8221; shape=&#8221;square&#8221; size=&#8221;sm&#8221; i_icon_fontawesome=&#8221;fab fa-apple&#8221; add_icon=&#8221;true&#8221; link=&#8221;url:https%3A%2F%2Fapps.apple.com%2Fus%2Fapp%2Fsport-solution-booking%2Fid499819800|target:_blank|&#8221; el_class=&#8221;custom-button&#8221;][vc_btn title=&#8221;&#8221; style=&#8221;custom&#8221; custom_background=&#8221;#ffffff&#8221; custom_text=&#8221;#00648f&#8221; shape=&#8221;square&#8221; size=&#8221;sm&#8221; i_icon_fontawesome=&#8221;fab fa-android&#8221; add_icon=&#8221;true&#8221; link=&#8221;url:https%3A%2F%2Fplay.google.com%2Fstore%2Fapps%2Fdetails%3Fid%3Dcom.phonegap.sportSolution%26feature%3Dsearch_result%2523%3Ft%253DW251bGwsMSwxLDEsImNvbS5waG9uZWdhcC5zcG9ydFNvbHV0aW9uIl0|target:_blank|&#8221; el_class=&#8221;custom-button&#8221;][\/vc_column_inner][vc_column_inner offset=&#8221;vc_col-lg-2 vc_col-md-2 vc_col-xs-12&#8243;][\/vc_column_inner][\/vc_row_inner]<div class=\"ult-spacer spacer-69ef8af8003e0\" data-id=\"69ef8af8003e0\" data-height=\"135\" data-height-mobile=\"90\" data-height-tab=\"135\" data-height-tab-portrait=\"90\" data-height-mobile-landscape=\"90\" style=\"clear:both;display:block;\"><\/div>[\/vc_column][\/vc_row]<\/p>\n<\/div>","protected":false},"excerpt":{"rendered":"<p>Book a free trial to see if FamFit is for you<\/p>\n","protected":false},"author":1,"featured_media":5983,"parent":0,"menu_order":5,"comment_status":"closed","ping_status":"closed","template":"","meta":{"_acf_changed":false,"footnotes":""},"categories":[172],"class_list":{"0":"post-6090","1":"page","2":"type-page","3":"status-publish","4":"has-post-thumbnail","6":"category-engelsk-en"},"acf":[],"yoast_head":"<!-- This site is optimized with the Yoast SEO plugin v27.4 - https:\/\/yoast.com\/product\/yoast-seo-wordpress\/ -->\n<title>Book a free trial lesson &#183; FamFit &#183; Outdoor training Copenhagen<\/title>\n<meta name=\"description\" content=\"Want to see if FamFit is for you? We offer one free trial session. Simply fill out the form on our website.\" \/>\n<meta name=\"robots\" content=\"index, follow, max-snippet:-1, max-image-preview:large, max-video-preview:-1\" \/>\n<link rel=\"canonical\" href=\"https:\/\/famfit.dk\/en\/book-a-free-trial-lesson\/\" \/>\n<meta property=\"og:locale\" content=\"en_US\" \/>\n<meta property=\"og:type\" content=\"article\" \/>\n<meta property=\"og:title\" content=\"Book a free trial lesson &#183; FamFit &#183; Outdoor training Copenhagen\" \/>\n<meta property=\"og:description\" content=\"Want to see if FamFit is for you? We offer one free trial session. Simply fill out the form on our website.\" \/>\n<meta property=\"og:url\" content=\"https:\/\/famfit.dk\/en\/book-a-free-trial-lesson\/\" \/>\n<meta property=\"og:site_name\" content=\"FamFit\" \/>\n<meta property=\"article:modified_time\" content=\"2025-07-23T06:59:45+00:00\" \/>\n<meta property=\"og:image\" content=\"https:\/\/famfit.dk\/wp-content\/uploads\/2023\/02\/famfit-vintermoerke-februar-15-of-81-1248.jpg\" \/>\n\t<meta property=\"og:image:width\" content=\"1150\" \/>\n\t<meta property=\"og:image:height\" content=\"767\" \/>\n\t<meta property=\"og:image:type\" content=\"image\/jpeg\" \/>\n<meta name=\"twitter:card\" content=\"summary_large_image\" \/>\n<meta name=\"twitter:label1\" content=\"Est. reading time\" \/>\n\t<meta name=\"twitter:data1\" content=\"3 minutes\" \/>\n<script type=\"application\/ld+json\" class=\"yoast-schema-graph\">{\"@context\":\"https:\\\/\\\/schema.org\",\"@graph\":[{\"@type\":\"WebPage\",\"@id\":\"https:\\\/\\\/famfit.dk\\\/en\\\/book-a-free-trial-lesson\\\/\",\"url\":\"https:\\\/\\\/famfit.dk\\\/en\\\/book-a-free-trial-lesson\\\/\",\"name\":\"Book a free trial lesson &#183; FamFit &#183; Outdoor training Copenhagen\",\"isPartOf\":{\"@id\":\"https:\\\/\\\/famfit.webserver1.dk\\\/#website\"},\"primaryImageOfPage\":{\"@id\":\"https:\\\/\\\/famfit.dk\\\/en\\\/book-a-free-trial-lesson\\\/#primaryimage\"},\"image\":{\"@id\":\"https:\\\/\\\/famfit.dk\\\/en\\\/book-a-free-trial-lesson\\\/#primaryimage\"},\"thumbnailUrl\":\"https:\\\/\\\/famfit.dk\\\/wp-content\\\/uploads\\\/2023\\\/02\\\/famfit-vintermoerke-februar-15-of-81-1248.jpg\",\"datePublished\":\"2022-10-29T04:28:37+00:00\",\"dateModified\":\"2025-07-23T06:59:45+00:00\",\"description\":\"Want to see if FamFit is for you? We offer one free trial session. Simply fill out the form on our website.\",\"breadcrumb\":{\"@id\":\"https:\\\/\\\/famfit.dk\\\/en\\\/book-a-free-trial-lesson\\\/#breadcrumb\"},\"inLanguage\":\"en-US\",\"potentialAction\":[{\"@type\":\"ReadAction\",\"target\":[\"https:\\\/\\\/famfit.dk\\\/en\\\/book-a-free-trial-lesson\\\/\"]}]},{\"@type\":\"ImageObject\",\"inLanguage\":\"en-US\",\"@id\":\"https:\\\/\\\/famfit.dk\\\/en\\\/book-a-free-trial-lesson\\\/#primaryimage\",\"url\":\"https:\\\/\\\/famfit.dk\\\/wp-content\\\/uploads\\\/2023\\\/02\\\/famfit-vintermoerke-februar-15-of-81-1248.jpg\",\"contentUrl\":\"https:\\\/\\\/famfit.dk\\\/wp-content\\\/uploads\\\/2023\\\/02\\\/famfit-vintermoerke-februar-15-of-81-1248.jpg\",\"width\":1150,\"height\":767,\"caption\":\"Holdtr\u00e6ning for alle under \u00e5ben himmel\"},{\"@type\":\"BreadcrumbList\",\"@id\":\"https:\\\/\\\/famfit.dk\\\/en\\\/book-a-free-trial-lesson\\\/#breadcrumb\",\"itemListElement\":[{\"@type\":\"ListItem\",\"position\":1,\"name\":\"Hjem\",\"item\":\"https:\\\/\\\/famfit.dk\\\/en\\\/\"},{\"@type\":\"ListItem\",\"position\":2,\"name\":\"Book a free trial lesson\"}]},{\"@type\":\"WebSite\",\"@id\":\"https:\\\/\\\/famfit.webserver1.dk\\\/#website\",\"url\":\"https:\\\/\\\/famfit.webserver1.dk\\\/\",\"name\":\"FamFit\",\"description\":\"Specialister i udend\u00f8rstr\u00e6ning til firmatr\u00e6ning, seniortr\u00e6ning og holdtr\u00e6ning\",\"publisher\":{\"@id\":\"https:\\\/\\\/famfit.webserver1.dk\\\/#organization\"},\"potentialAction\":[{\"@type\":\"SearchAction\",\"target\":{\"@type\":\"EntryPoint\",\"urlTemplate\":\"https:\\\/\\\/famfit.webserver1.dk\\\/?s={search_term_string}\"},\"query-input\":{\"@type\":\"PropertyValueSpecification\",\"valueRequired\":true,\"valueName\":\"search_term_string\"}}],\"inLanguage\":\"en-US\"},{\"@type\":\"Organization\",\"@id\":\"https:\\\/\\\/famfit.webserver1.dk\\\/#organization\",\"name\":\"FamFit\",\"url\":\"https:\\\/\\\/famfit.webserver1.dk\\\/\",\"logo\":{\"@type\":\"ImageObject\",\"inLanguage\":\"en-US\",\"@id\":\"https:\\\/\\\/famfit.webserver1.dk\\\/#\\\/schema\\\/logo\\\/image\\\/\",\"url\":\"https:\\\/\\\/famfit.dk\\\/wp-content\\\/uploads\\\/2020\\\/11\\\/logo-sort.png\",\"contentUrl\":\"https:\\\/\\\/famfit.dk\\\/wp-content\\\/uploads\\\/2020\\\/11\\\/logo-sort.png\",\"width\":242,\"height\":78,\"caption\":\"FamFit\"},\"image\":{\"@id\":\"https:\\\/\\\/famfit.webserver1.dk\\\/#\\\/schema\\\/logo\\\/image\\\/\"}}]}<\/script>\n<!-- \/ Yoast SEO plugin. -->","yoast_head_json":{"title":"Book a free trial lesson &#183; FamFit &#183; Outdoor training Copenhagen","description":"Want to see if FamFit is for you? We offer one free trial session. Simply fill out the form on our website.","robots":{"index":"index","follow":"follow","max-snippet":"max-snippet:-1","max-image-preview":"max-image-preview:large","max-video-preview":"max-video-preview:-1"},"canonical":"https:\/\/famfit.dk\/en\/book-a-free-trial-lesson\/","og_locale":"en_US","og_type":"article","og_title":"Book a free trial lesson &#183; FamFit &#183; Outdoor training Copenhagen","og_description":"Want to see if FamFit is for you? We offer one free trial session. Simply fill out the form on our website.","og_url":"https:\/\/famfit.dk\/en\/book-a-free-trial-lesson\/","og_site_name":"FamFit","article_modified_time":"2025-07-23T06:59:45+00:00","og_image":[{"width":1150,"height":767,"url":"https:\/\/famfit.dk\/wp-content\/uploads\/2023\/02\/famfit-vintermoerke-februar-15-of-81-1248.jpg","type":"image\/jpeg"}],"twitter_card":"summary_large_image","twitter_misc":{"Est. reading time":"3 minutes"},"schema":{"@context":"https:\/\/schema.org","@graph":[{"@type":"WebPage","@id":"https:\/\/famfit.dk\/en\/book-a-free-trial-lesson\/","url":"https:\/\/famfit.dk\/en\/book-a-free-trial-lesson\/","name":"Book a free trial lesson &#183; FamFit &#183; Outdoor training Copenhagen","isPartOf":{"@id":"https:\/\/famfit.webserver1.dk\/#website"},"primaryImageOfPage":{"@id":"https:\/\/famfit.dk\/en\/book-a-free-trial-lesson\/#primaryimage"},"image":{"@id":"https:\/\/famfit.dk\/en\/book-a-free-trial-lesson\/#primaryimage"},"thumbnailUrl":"https:\/\/famfit.dk\/wp-content\/uploads\/2023\/02\/famfit-vintermoerke-februar-15-of-81-1248.jpg","datePublished":"2022-10-29T04:28:37+00:00","dateModified":"2025-07-23T06:59:45+00:00","description":"Want to see if FamFit is for you? We offer one free trial session. Simply fill out the form on our website.","breadcrumb":{"@id":"https:\/\/famfit.dk\/en\/book-a-free-trial-lesson\/#breadcrumb"},"inLanguage":"en-US","potentialAction":[{"@type":"ReadAction","target":["https:\/\/famfit.dk\/en\/book-a-free-trial-lesson\/"]}]},{"@type":"ImageObject","inLanguage":"en-US","@id":"https:\/\/famfit.dk\/en\/book-a-free-trial-lesson\/#primaryimage","url":"https:\/\/famfit.dk\/wp-content\/uploads\/2023\/02\/famfit-vintermoerke-februar-15-of-81-1248.jpg","contentUrl":"https:\/\/famfit.dk\/wp-content\/uploads\/2023\/02\/famfit-vintermoerke-februar-15-of-81-1248.jpg","width":1150,"height":767,"caption":"Holdtr\u00e6ning for alle under \u00e5ben himmel"},{"@type":"BreadcrumbList","@id":"https:\/\/famfit.dk\/en\/book-a-free-trial-lesson\/#breadcrumb","itemListElement":[{"@type":"ListItem","position":1,"name":"Hjem","item":"https:\/\/famfit.dk\/en\/"},{"@type":"ListItem","position":2,"name":"Book a free trial lesson"}]},{"@type":"WebSite","@id":"https:\/\/famfit.webserver1.dk\/#website","url":"https:\/\/famfit.webserver1.dk\/","name":"FamFit","description":"Specialister i udend\u00f8rstr\u00e6ning til firmatr\u00e6ning, seniortr\u00e6ning og holdtr\u00e6ning","publisher":{"@id":"https:\/\/famfit.webserver1.dk\/#organization"},"potentialAction":[{"@type":"SearchAction","target":{"@type":"EntryPoint","urlTemplate":"https:\/\/famfit.webserver1.dk\/?s={search_term_string}"},"query-input":{"@type":"PropertyValueSpecification","valueRequired":true,"valueName":"search_term_string"}}],"inLanguage":"en-US"},{"@type":"Organization","@id":"https:\/\/famfit.webserver1.dk\/#organization","name":"FamFit","url":"https:\/\/famfit.webserver1.dk\/","logo":{"@type":"ImageObject","inLanguage":"en-US","@id":"https:\/\/famfit.webserver1.dk\/#\/schema\/logo\/image\/","url":"https:\/\/famfit.dk\/wp-content\/uploads\/2020\/11\/logo-sort.png","contentUrl":"https:\/\/famfit.dk\/wp-content\/uploads\/2020\/11\/logo-sort.png","width":242,"height":78,"caption":"FamFit"},"image":{"@id":"https:\/\/famfit.webserver1.dk\/#\/schema\/logo\/image\/"}}]}},"_links":{"self":[{"href":"https:\/\/famfit.dk\/en\/wp-json\/wp\/v2\/pages\/6090","targetHints":{"allow":["GET"]}}],"collection":[{"href":"https:\/\/famfit.dk\/en\/wp-json\/wp\/v2\/pages"}],"about":[{"href":"https:\/\/famfit.dk\/en\/wp-json\/wp\/v2\/types\/page"}],"author":[{"embeddable":true,"href":"https:\/\/famfit.dk\/en\/wp-json\/wp\/v2\/users\/1"}],"replies":[{"embeddable":true,"href":"https:\/\/famfit.dk\/en\/wp-json\/wp\/v2\/comments?post=6090"}],"version-history":[{"count":3,"href":"https:\/\/famfit.dk\/en\/wp-json\/wp\/v2\/pages\/6090\/revisions"}],"predecessor-version":[{"id":6095,"href":"https:\/\/famfit.dk\/en\/wp-json\/wp\/v2\/pages\/6090\/revisions\/6095"}],"wp:featuredmedia":[{"embeddable":true,"href":"https:\/\/famfit.dk\/en\/wp-json\/wp\/v2\/media\/5983"}],"wp:attachment":[{"href":"https:\/\/famfit.dk\/en\/wp-json\/wp\/v2\/media?parent=6090"}],"wp:term":[{"taxonomy":"category","embeddable":true,"href":"https:\/\/famfit.dk\/en\/wp-json\/wp\/v2\/categories?post=6090"}],"curies":[{"name":"wp","href":"https:\/\/api.w.org\/{rel}","templated":true}]}}