{"id":6086,"date":"2024-04-02T15:14:55","date_gmt":"2024-04-02T13:14:55","guid":{"rendered":"https:\/\/famfit.dk\/personal-training\/"},"modified":"2025-07-23T08:59:43","modified_gmt":"2025-07-23T06:59:43","slug":"personal-training","status":"publish","type":"page","link":"https:\/\/famfit.dk\/en\/personal-training\/","title":{"rendered":"Personal training"},"content":{"rendered":"<div class=\"wpb-content-wrapper\"><p>[vc_row full_width=&#8221;stretch_row&#8221;][vc_column]<div class=\"ult-spacer spacer-69efa09860050\" data-id=\"69efa09860050\" data-height=\"90\" data-height-mobile=\"60\" data-height-tab=\"90\" data-height-tab-portrait=\"60\" data-height-mobile-landscape=\"60\" style=\"clear:both;display:block;\"><\/div>[vc_column_text]<\/p>\n<h2>Personal Trainer &#8211; course<\/h2>\n<p>[\/vc_column_text][vc_empty_space height=&#8221;30px&#8221;][vc_separator color=&#8221;custom&#8221; accent_color=&#8221;rgba(0,0,0,0.1)&#8221;]<div class=\"ult-spacer spacer-69efa0986009a\" data-id=\"69efa0986009a\" data-height=\"45\" data-height-mobile=\"30\" data-height-tab=\"45\" data-height-tab-portrait=\"30\" data-height-mobile-landscape=\"30\" style=\"clear:both;display:block;\"><\/div>[vc_row_inner][vc_column_inner offset=&#8221;vc_col-lg-8 vc_col-md-8 vc_col-xs-12&#8243;][vc_column_text]<\/p>\n<h4>Get your own personal trainer at FamFit.<\/h4>\n<p>Our highly trained trainers and instructors can also be booked for personal trainer programs.<\/p>\n<p>You can choose between several different programs when you want a personal trainer. What they all have in common is that the focus is on you and your specific goals and wishes &#8211; and that professionalism and professional guidance are paramount. <\/p>\n<p><strong>Check out the different personal trainer options below.<\/strong><\/p>\n<h4>Here&#8217;s how it works<\/h4>\n<p>The time and place of the training sessions will take place when and where it suits you best &#8211; this is something you agree with your assigned personal trainer.<\/p>\n<p>Typically, you contact FamFit with an interest in personal training &#8211; and we will find the trainer that suits you best. If you already have a favorite trainer in FamFit, just let us know who &#8211; and we&#8217;ll arrange the start-up for you. <\/p>\n<h4>Start and end the program with a health check and body analysis<\/h4>\n<p>When you get a personal trainer with us, the program includes a <a href=\"https:\/\/humanic.dk\/motion-og-sundhed\/sundhedsprofil-og-sundhedstjek\/\" target=\"_blank\" rel=\"noopener\">Health Check<\/a> and a Body Analysis if you want to have some concrete numbers and goals to work with.<\/p>\n<p>Health checks and body analysis take place by appointment at FamFit, where we have all the necessary testing equipment.[\/vc_column_text]<div class=\"ult-spacer spacer-69efa098600c5\" data-id=\"69efa098600c5\" data-height=\"0\" data-height-mobile=\"30\" data-height-tab=\"0\" data-height-tab-portrait=\"30\" data-height-mobile-landscape=\"30\" style=\"clear:both;display:block;\"><\/div>[\/vc_column_inner][vc_column_inner offset=&#8221;vc_col-lg-4 vc_col-md-4 vc_col-xs-12&#8243;][vc_widget_sidebar sidebar_id=&#8221;sidebar-1&#8243; el_class=&#8221;contact-sidebar&#8221;][\/vc_column_inner][\/vc_row_inner]<div class=\"ult-spacer spacer-69efa098600e7\" data-id=\"69efa098600e7\" data-height=\"45\" data-height-mobile=\"45\" data-height-tab=\"45\" data-height-tab-portrait=\"45\" data-height-mobile-landscape=\"45\" style=\"clear:both;display:block;\"><\/div>[\/vc_column][\/vc_row][vc_row full_width=&#8221;stretch_row&#8221;][vc_column][vc_column_text el_class=&#8221;cta&#8221;]<\/p>\n<h3>Choose from these Personal Trainer courses<\/h3>\n<p>[\/vc_column_text][vc_empty_space height=&#8221;15px&#8221;][vc_separator color=&#8221;custom&#8221; accent_color=&#8221;rgba(0,0,0,0.1)&#8221;]<div class=\"ult-spacer spacer-69efa09860106\" data-id=\"69efa09860106\" data-height=\"30\" data-height-mobile=\"30\" data-height-tab=\"30\" data-height-tab-portrait=\"30\" data-height-mobile-landscape=\"30\" style=\"clear:both;display:block;\"><\/div>[vc_row_inner][vc_column_inner width=&#8221;1\/4&#8243;]<div class=\"ult_pricing_table_wrap ult_design_1  ult-cs-custom  \">\n\t\t\t\t<div class=\"ult_pricing_table ult_price_table_ht\" style=\"background:#0b364b;color:#ffffff; min-height:500px;\"><div class=\"ult_pricing_heading\" id=\"price-table-wrap-1354\">\n\t\t\t\t\t\t<h3 class=\"price-heading cust-headformat ult-responsive\"  data-ultimate-target='#price-table-wrap-1354 .cust-headformat'  data-responsive-json-new='{\"font-size\":\"\",\"line-height\":\"\"}'  style=\"font-weight:normal;\">Online course, 4 weeks<\/h3><h5  data-ultimate-target='#price-table-wrap-1354 .cust-subhead'  data-responsive-json-new='{\"font-size\":\"\",\"line-height\":\"\"}'  class=\"price-subheading cust-subhead ult-responsive\" style=\"font-weight:normal;\">The Personal Trainer - Online course includes<\/h5><\/div><!--ult_pricing_heading--><div class=\"ult_price_body_block\">\n\t\t\t\t\t\t<div class=\"ult_price_body\">\n\t\t\t\t\t\t\t<div id=\"price-table-wrap-6726\" class=\"ult_price\">\n\t\t\t\t\t\t\t\t<span  data-ultimate-target='#price-table-wrap-6726 .ult_price_figure'  data-responsive-json-new='{\"font-size\":\"\",\"line-height\":\"\"}'  class=\"ult_price_figure ult-responsive\" style=\"font-weight:normal;\">1.200,00,-<\/span>\n\t\t\t\t\t\t\t\t<span  data-ultimate-target='#price-table-wrap-6726 .ult_price_term'  data-responsive-json-new='{\"font-size\":\"\",\"line-height\":\"\"}'  class=\"ult_price_term ult-responsive\" style=\"font-weight:normal;\"><\/span>\n\t\t\t\t\t\t\t<\/div>\n\t\t\t\t\t\t<\/div>\n\t\t\t\t\t<\/div><!--ult_price_body_block--><div id=\"price-table-features-wrap-8527\" class=\"ult_price_features ult-responsive\"  data-ultimate-target='#price-table-features-wrap-8527'  data-responsive-json-new='{\"font-size\":\"\",\"line-height\":\"\"}'  style=\"font-weight:normal;\">\n\t\t\t\t\t\t<ul>\n<li>Online start-up consultation where goals and wishes are determined<\/li>\n<li>Tailor-made training program for 4 weeks<\/li>\n<li>Exercise videos for the program<\/li>\n<li>Ongoing guidance and support by email<\/li>\n<li>Final online consultation<\/li>\n<\/ul>\n\n\t\t\t\t\t<\/div><!--ult_price_features--><div class=\"ult_clr\"><\/div>\n\t\t<\/div><!--pricing_table-->\n\t<\/div><!--pricing_table_wrap--><div class=\"ult-spacer spacer-69efa09861251\" data-id=\"69efa09861251\" data-height=\"0\" data-height-mobile=\"30\" data-height-tab=\"0\" data-height-tab-portrait=\"0\" data-height-mobile-landscape=\"30\" style=\"clear:both;display:block;\"><\/div>[\/vc_column_inner][vc_column_inner width=&#8221;1\/4&#8243;]<div class=\"ult_pricing_table_wrap ult_design_1  ult-cs-custom  \">\n\t\t\t\t<div class=\"ult_pricing_table ult_price_table_ht\" style=\"background:#0b364b;color:#ffffff; min-height:500px;\"><div class=\"ult_pricing_heading\" id=\"price-table-wrap-2978\">\n\t\t\t\t\t\t<h3 class=\"price-heading cust-headformat ult-responsive\"  data-ultimate-target='#price-table-wrap-2978 .cust-headformat'  data-responsive-json-new='{\"font-size\":\"\",\"line-height\":\"\"}'  style=\"font-weight:normal;\">10 trainings &amp; 2 consultations<\/h3><h5  data-ultimate-target='#price-table-wrap-2978 .cust-subhead'  data-responsive-json-new='{\"font-size\":\"\",\"line-height\":\"\"}'  class=\"price-subheading cust-subhead ult-responsive\" style=\"font-weight:normal;\">The course includes:<\/h5><\/div><!--ult_pricing_heading--><div class=\"ult_price_body_block\">\n\t\t\t\t\t\t<div class=\"ult_price_body\">\n\t\t\t\t\t\t\t<div id=\"price-table-wrap-8822\" class=\"ult_price\">\n\t\t\t\t\t\t\t\t<span  data-ultimate-target='#price-table-wrap-8822 .ult_price_figure'  data-responsive-json-new='{\"font-size\":\"\",\"line-height\":\"\"}'  class=\"ult_price_figure ult-responsive\" style=\"font-weight:normal;\">6.000,00 ,-<\/span>\n\t\t\t\t\t\t\t\t<span  data-ultimate-target='#price-table-wrap-8822 .ult_price_term'  data-responsive-json-new='{\"font-size\":\"\",\"line-height\":\"\"}'  class=\"ult_price_term ult-responsive\" style=\"font-weight:normal;\"><\/span>\n\t\t\t\t\t\t\t<\/div>\n\t\t\t\t\t\t<\/div>\n\t\t\t\t\t<\/div><!--ult_price_body_block--><div id=\"price-table-features-wrap-9992\" class=\"ult_price_features ult-responsive\"  data-ultimate-target='#price-table-features-wrap-9992'  data-responsive-json-new='{\"font-size\":\"\",\"line-height\":\"\"}'  style=\"font-weight:normal;\">\n\t\t\t\t\t\t<ul>\n<li>Start-up consultation (by phone) where goals and wishes are determined<\/li>\n<li>Body analysis before and after (weight, fat %, muscle strength, lung function, blood pressure etc.)<\/li>\n<li>10 personal training sessions of 1 hour each<\/li>\n<li>Tailor-made training program for you<\/li>\n<li>Ongoing guidance and support<\/li>\n<li>Final consultation (online or at the FamFit office)<\/li>\n<\/ul>\n\n\t\t\t\t\t<\/div><!--ult_price_features--><div class=\"ult_clr\"><\/div>\n\t\t<\/div><!--pricing_table-->\n\t<\/div><!--pricing_table_wrap--><div class=\"ult-spacer spacer-69efa09861346\" data-id=\"69efa09861346\" data-height=\"0\" data-height-mobile=\"30\" data-height-tab=\"0\" data-height-tab-portrait=\"0\" data-height-mobile-landscape=\"30\" style=\"clear:both;display:block;\"><\/div>[\/vc_column_inner][vc_column_inner width=&#8221;1\/4&#8243;]<div class=\"ult_pricing_table_wrap ult_design_1  ult-cs-custom  \">\n\t\t\t\t<div class=\"ult_pricing_table ult_price_table_ht\" style=\"background:#0b364b;color:#ffffff; min-height:500px;\"><div class=\"ult_pricing_heading\" id=\"price-table-wrap-2724\">\n\t\t\t\t\t\t<h3 class=\"price-heading cust-headformat ult-responsive\"  data-ultimate-target='#price-table-wrap-2724 .cust-headformat'  data-responsive-json-new='{\"font-size\":\"\",\"line-height\":\"\"}'  style=\"font-weight:normal;\">15 trainings &amp; 2 consultations<\/h3><h5  data-ultimate-target='#price-table-wrap-2724 .cust-subhead'  data-responsive-json-new='{\"font-size\":\"\",\"line-height\":\"\"}'  class=\"price-subheading cust-subhead ult-responsive\" style=\"font-weight:normal;\">The course includes:<\/h5><\/div><!--ult_pricing_heading--><div class=\"ult_price_body_block\">\n\t\t\t\t\t\t<div class=\"ult_price_body\">\n\t\t\t\t\t\t\t<div id=\"price-table-wrap-4440\" class=\"ult_price\">\n\t\t\t\t\t\t\t\t<span  data-ultimate-target='#price-table-wrap-4440 .ult_price_figure'  data-responsive-json-new='{\"font-size\":\"\",\"line-height\":\"\"}'  class=\"ult_price_figure ult-responsive\" style=\"font-weight:normal;\">8.100,00,-<\/span>\n\t\t\t\t\t\t\t\t<span  data-ultimate-target='#price-table-wrap-4440 .ult_price_term'  data-responsive-json-new='{\"font-size\":\"\",\"line-height\":\"\"}'  class=\"ult_price_term ult-responsive\" style=\"font-weight:normal;\"><\/span>\n\t\t\t\t\t\t\t<\/div>\n\t\t\t\t\t\t<\/div>\n\t\t\t\t\t<\/div><!--ult_price_body_block--><div id=\"price-table-features-wrap-5614\" class=\"ult_price_features ult-responsive\"  data-ultimate-target='#price-table-features-wrap-5614'  data-responsive-json-new='{\"font-size\":\"\",\"line-height\":\"\"}'  style=\"font-weight:normal;\">\n\t\t\t\t\t\t<ul>\n<li>Start-up consultation (by phone) where goals and wishes are determined<\/li>\n<li>Body analysis before and after (weight, fat %, muscle strength, lung function, blood pressure etc.)<\/li>\n<li>15 personal training sessions of 1 hour each<\/li>\n<li>Tailor-made training program for you<\/li>\n<li>Ongoing guidance and support<\/li>\n<li>Final consultation (online or at the FamFit office)<\/li>\n<\/ul>\n\n\t\t\t\t\t<\/div><!--ult_price_features--><div class=\"ult_clr\"><\/div>\n\t\t<\/div><!--pricing_table-->\n\t<\/div><!--pricing_table_wrap--><div class=\"ult-spacer spacer-69efa09861404\" data-id=\"69efa09861404\" data-height=\"0\" data-height-mobile=\"30\" data-height-tab=\"0\" data-height-tab-portrait=\"0\" data-height-mobile-landscape=\"30\" style=\"clear:both;display:block;\"><\/div>[\/vc_column_inner][vc_column_inner width=&#8221;1\/4&#8243;]<div class=\"ult_pricing_table_wrap ult_design_1  ult-cs-custom  \">\n\t\t\t\t<div class=\"ult_pricing_table ult_price_table_ht\" style=\"background:#0b364b;color:#ffffff; min-height:500px;\"><div class=\"ult_pricing_heading\" id=\"price-table-wrap-3838\">\n\t\t\t\t\t\t<h3 class=\"price-heading cust-headformat ult-responsive\"  data-ultimate-target='#price-table-wrap-3838 .cust-headformat'  data-responsive-json-new='{\"font-size\":\"\",\"line-height\":\"\"}'  style=\"font-weight:normal;\">20 trainings &amp; 2 consultations<\/h3><h5  data-ultimate-target='#price-table-wrap-3838 .cust-subhead'  data-responsive-json-new='{\"font-size\":\"\",\"line-height\":\"\"}'  class=\"price-subheading cust-subhead ult-responsive\" style=\"font-weight:normal;\">The course includes:<\/h5><\/div><!--ult_pricing_heading--><div class=\"ult_price_body_block\">\n\t\t\t\t\t\t<div class=\"ult_price_body\">\n\t\t\t\t\t\t\t<div id=\"price-table-wrap-1804\" class=\"ult_price\">\n\t\t\t\t\t\t\t\t<span  data-ultimate-target='#price-table-wrap-1804 .ult_price_figure'  data-responsive-json-new='{\"font-size\":\"\",\"line-height\":\"\"}'  class=\"ult_price_figure ult-responsive\" style=\"font-weight:normal;\">10.000,00,-<\/span>\n\t\t\t\t\t\t\t\t<span  data-ultimate-target='#price-table-wrap-1804 .ult_price_term'  data-responsive-json-new='{\"font-size\":\"\",\"line-height\":\"\"}'  class=\"ult_price_term ult-responsive\" style=\"font-weight:normal;\"><\/span>\n\t\t\t\t\t\t\t<\/div>\n\t\t\t\t\t\t<\/div>\n\t\t\t\t\t<\/div><!--ult_price_body_block--><div id=\"price-table-features-wrap-6409\" class=\"ult_price_features ult-responsive\"  data-ultimate-target='#price-table-features-wrap-6409'  data-responsive-json-new='{\"font-size\":\"\",\"line-height\":\"\"}'  style=\"font-weight:normal;\">\n\t\t\t\t\t\t<ul>\n<li>Start-up consultation (by phone) where goals and wishes are determined<\/li>\n<li>Body analysis before and after (weight, fat %, muscle strength, lung function, blood pressure etc.)<\/li>\n<li>20 personal training sessions of 1 hour each<\/li>\n<li>Tailor-made training program for you<\/li>\n<li>Ongoing guidance and support<\/li>\n<li>Final consultation (online or at the FamFit office)<\/li>\n<\/ul>\n\n\t\t\t\t\t<\/div><!--ult_price_features--><div class=\"ult_clr\"><\/div>\n\t\t<\/div><!--pricing_table-->\n\t<\/div><!--pricing_table_wrap-->[\/vc_column_inner][\/vc_row_inner]<div class=\"ult-spacer spacer-69efa098614ba\" data-id=\"69efa098614ba\" data-height=\"90\" data-height-mobile=\"60\" data-height-tab=\"90\" data-height-tab-portrait=\"60\" data-height-mobile-landscape=\"60\" style=\"clear:both;display:block;\"><\/div>[\/vc_column][\/vc_row][vc_row full_width=&#8221;stretch_row&#8221; el_class=&#8221;white parallax overlay&#8221; css=&#8221;.vc_custom_1712919263809{background-image: url(https:\/\/famfit.dk\/wp-content\/uploads\/2023\/02\/skaermbillede-2016-06-11-kl-112157-714.jpg?id=5253) !important;background-position: center !important;background-repeat: no-repeat !important;background-size: cover !important;}&#8221;][vc_column]<div class=\"ult-spacer spacer-69efa098614e1\" data-id=\"69efa098614e1\" data-height=\"135\" data-height-mobile=\"90\" data-height-tab=\"135\" data-height-tab-portrait=\"90\" data-height-mobile-landscape=\"90\" style=\"clear:both;display:block;\"><\/div>[vc_row_inner][vc_column_inner offset=&#8221;vc_col-lg-2 vc_col-md-2 vc_col-xs-12&#8243;][\/vc_column_inner][vc_column_inner el_class=&#8221;center-buttons&#8221; offset=&#8221;vc_col-lg-8 vc_col-md-8 vc_col-xs-12&#8243;][vc_column_text el_class=&#8221;cta&#8221;]<\/p>\n<h3 style=\"text-align: center;\">FamFit App is available now<\/h3>\n<h4 style=\"text-align: center;\">Both for Android &amp; Apple<\/h4>\n<p>[\/vc_column_text][vc_empty_space height=&#8221;15px&#8221;][vc_btn title=&#8221;&#8221; style=&#8221;custom&#8221; custom_background=&#8221;#00648f&#8221; custom_text=&#8221;#ffffff&#8221; shape=&#8221;square&#8221; size=&#8221;sm&#8221; i_icon_fontawesome=&#8221;fab fa-apple&#8221; add_icon=&#8221;true&#8221; link=&#8221;url:https%3A%2F%2Fapps.apple.com%2Fus%2Fapp%2Fsport-solution-booking%2Fid499819800|target:_blank|&#8221; el_class=&#8221;custom-button&#8221;][vc_btn title=&#8221;&#8221; style=&#8221;custom&#8221; custom_background=&#8221;#ffffff&#8221; custom_text=&#8221;#00648f&#8221; shape=&#8221;square&#8221; size=&#8221;sm&#8221; i_icon_fontawesome=&#8221;fab fa-android&#8221; add_icon=&#8221;true&#8221; link=&#8221;url:https%3A%2F%2Fplay.google.com%2Fstore%2Fapps%2Fdetails%3Fid%3Dcom.phonegap.sportSolution%26feature%3Dsearch_result%2523%3Ft%253DW251bGwsMSwxLDEsImNvbS5waG9uZWdhcC5zcG9ydFNvbHV0aW9uIl0|target:_blank|&#8221; el_class=&#8221;custom-button&#8221;][\/vc_column_inner][vc_column_inner offset=&#8221;vc_col-lg-2 vc_col-md-2 vc_col-xs-12&#8243;][\/vc_column_inner][\/vc_row_inner]<div class=\"ult-spacer spacer-69efa098614fe\" data-id=\"69efa098614fe\" data-height=\"135\" data-height-mobile=\"90\" data-height-tab=\"135\" data-height-tab-portrait=\"90\" data-height-mobile-landscape=\"90\" style=\"clear:both;display:block;\"><\/div>[\/vc_column][\/vc_row]<\/p>\n<\/div>","protected":false},"excerpt":{"rendered":"<p>Get a personal trainer with FamFit.<\/p>\n","protected":false},"author":6,"featured_media":6015,"parent":0,"menu_order":0,"comment_status":"closed","ping_status":"closed","template":"","meta":{"_acf_changed":false,"footnotes":""},"categories":[172,97],"class_list":{"0":"post-6086","1":"page","2":"type-page","3":"status-publish","4":"has-post-thumbnail","6":"category-engelsk-en","7":"category-focus"},"acf":[],"yoast_head":"<!-- This site is optimized with the Yoast SEO plugin v27.4 - https:\/\/yoast.com\/product\/yoast-seo-wordpress\/ -->\n<title>Personal training &#183; FamFit &#183; Outdoor training &#183; Get a personal trainer<\/title>\n<meta name=\"description\" content=\"Find a personal trainer that&#039;s right for you. We guarantee high professionalism and professional guidance. You decide the time and place for training.\" \/>\n<meta name=\"robots\" content=\"index, follow, max-snippet:-1, max-image-preview:large, max-video-preview:-1\" \/>\n<link rel=\"canonical\" href=\"https:\/\/famfit.dk\/en\/personal-training\/\" \/>\n<meta property=\"og:locale\" content=\"en_US\" \/>\n<meta property=\"og:type\" content=\"article\" \/>\n<meta property=\"og:title\" content=\"Personal training &#183; FamFit &#183; Outdoor training &#183; Get a personal trainer\" \/>\n<meta property=\"og:description\" content=\"Find a personal trainer that&#039;s right for you. We guarantee high professionalism and professional guidance. You decide the time and place for training.\" \/>\n<meta property=\"og:url\" content=\"https:\/\/famfit.dk\/en\/personal-training\/\" \/>\n<meta property=\"og:site_name\" content=\"FamFit\" \/>\n<meta property=\"article:modified_time\" content=\"2025-07-23T06:59:43+00:00\" \/>\n<meta property=\"og:image\" content=\"https:\/\/famfit.dk\/wp-content\/uploads\/2024\/05\/famfit-32-of-116.jpg\" \/>\n\t<meta property=\"og:image:width\" content=\"1181\" \/>\n\t<meta property=\"og:image:height\" content=\"788\" \/>\n\t<meta property=\"og:image:type\" content=\"image\/jpeg\" \/>\n<meta name=\"twitter:card\" content=\"summary_large_image\" \/>\n<meta name=\"twitter:label1\" content=\"Est. reading time\" \/>\n\t<meta name=\"twitter:data1\" content=\"5 minutes\" \/>\n<script type=\"application\/ld+json\" class=\"yoast-schema-graph\">{\"@context\":\"https:\\\/\\\/schema.org\",\"@graph\":[{\"@type\":\"WebPage\",\"@id\":\"https:\\\/\\\/famfit.dk\\\/en\\\/personal-training\\\/\",\"url\":\"https:\\\/\\\/famfit.dk\\\/en\\\/personal-training\\\/\",\"name\":\"Personal training &#183; FamFit &#183; Outdoor training &#183; Get a personal trainer\",\"isPartOf\":{\"@id\":\"https:\\\/\\\/famfit.webserver1.dk\\\/#website\"},\"primaryImageOfPage\":{\"@id\":\"https:\\\/\\\/famfit.dk\\\/en\\\/personal-training\\\/#primaryimage\"},\"image\":{\"@id\":\"https:\\\/\\\/famfit.dk\\\/en\\\/personal-training\\\/#primaryimage\"},\"thumbnailUrl\":\"https:\\\/\\\/famfit.dk\\\/wp-content\\\/uploads\\\/2024\\\/05\\\/famfit-32-of-116.jpg\",\"datePublished\":\"2024-04-02T13:14:55+00:00\",\"dateModified\":\"2025-07-23T06:59:43+00:00\",\"description\":\"Find a personal trainer that's right for you. We guarantee high professionalism and professional guidance. You decide the time and place for training.\",\"breadcrumb\":{\"@id\":\"https:\\\/\\\/famfit.dk\\\/en\\\/personal-training\\\/#breadcrumb\"},\"inLanguage\":\"en-US\",\"potentialAction\":[{\"@type\":\"ReadAction\",\"target\":[\"https:\\\/\\\/famfit.dk\\\/en\\\/personal-training\\\/\"]}]},{\"@type\":\"ImageObject\",\"inLanguage\":\"en-US\",\"@id\":\"https:\\\/\\\/famfit.dk\\\/en\\\/personal-training\\\/#primaryimage\",\"url\":\"https:\\\/\\\/famfit.dk\\\/wp-content\\\/uploads\\\/2024\\\/05\\\/famfit-32-of-116.jpg\",\"contentUrl\":\"https:\\\/\\\/famfit.dk\\\/wp-content\\\/uploads\\\/2024\\\/05\\\/famfit-32-of-116.jpg\",\"width\":\"1181\",\"height\":\"788\",\"caption\":\"personlig tr\u00e6ner K\u00f8benhavn\"},{\"@type\":\"BreadcrumbList\",\"@id\":\"https:\\\/\\\/famfit.dk\\\/en\\\/personal-training\\\/#breadcrumb\",\"itemListElement\":[{\"@type\":\"ListItem\",\"position\":1,\"name\":\"Hjem\",\"item\":\"https:\\\/\\\/famfit.dk\\\/en\\\/\"},{\"@type\":\"ListItem\",\"position\":2,\"name\":\"Personal training\"}]},{\"@type\":\"WebSite\",\"@id\":\"https:\\\/\\\/famfit.webserver1.dk\\\/#website\",\"url\":\"https:\\\/\\\/famfit.webserver1.dk\\\/\",\"name\":\"FamFit\",\"description\":\"Specialister i udend\u00f8rstr\u00e6ning til firmatr\u00e6ning, seniortr\u00e6ning og holdtr\u00e6ning\",\"publisher\":{\"@id\":\"https:\\\/\\\/famfit.webserver1.dk\\\/#organization\"},\"potentialAction\":[{\"@type\":\"SearchAction\",\"target\":{\"@type\":\"EntryPoint\",\"urlTemplate\":\"https:\\\/\\\/famfit.webserver1.dk\\\/?s={search_term_string}\"},\"query-input\":{\"@type\":\"PropertyValueSpecification\",\"valueRequired\":true,\"valueName\":\"search_term_string\"}}],\"inLanguage\":\"en-US\"},{\"@type\":\"Organization\",\"@id\":\"https:\\\/\\\/famfit.webserver1.dk\\\/#organization\",\"name\":\"FamFit\",\"url\":\"https:\\\/\\\/famfit.webserver1.dk\\\/\",\"logo\":{\"@type\":\"ImageObject\",\"inLanguage\":\"en-US\",\"@id\":\"https:\\\/\\\/famfit.webserver1.dk\\\/#\\\/schema\\\/logo\\\/image\\\/\",\"url\":\"https:\\\/\\\/famfit.dk\\\/wp-content\\\/uploads\\\/2020\\\/11\\\/logo-sort.png\",\"contentUrl\":\"https:\\\/\\\/famfit.dk\\\/wp-content\\\/uploads\\\/2020\\\/11\\\/logo-sort.png\",\"width\":242,\"height\":78,\"caption\":\"FamFit\"},\"image\":{\"@id\":\"https:\\\/\\\/famfit.webserver1.dk\\\/#\\\/schema\\\/logo\\\/image\\\/\"}}]}<\/script>\n<!-- \/ Yoast SEO plugin. -->","yoast_head_json":{"title":"Personal training &#183; FamFit &#183; Outdoor training &#183; Get a personal trainer","description":"Find a personal trainer that's right for you. We guarantee high professionalism and professional guidance. You decide the time and place for training.","robots":{"index":"index","follow":"follow","max-snippet":"max-snippet:-1","max-image-preview":"max-image-preview:large","max-video-preview":"max-video-preview:-1"},"canonical":"https:\/\/famfit.dk\/en\/personal-training\/","og_locale":"en_US","og_type":"article","og_title":"Personal training &#183; FamFit &#183; Outdoor training &#183; Get a personal trainer","og_description":"Find a personal trainer that's right for you. We guarantee high professionalism and professional guidance. You decide the time and place for training.","og_url":"https:\/\/famfit.dk\/en\/personal-training\/","og_site_name":"FamFit","article_modified_time":"2025-07-23T06:59:43+00:00","og_image":[{"width":1181,"height":788,"url":"https:\/\/famfit.dk\/wp-content\/uploads\/2024\/05\/famfit-32-of-116.jpg","type":"image\/jpeg"}],"twitter_card":"summary_large_image","twitter_misc":{"Est. reading time":"5 minutes"},"schema":{"@context":"https:\/\/schema.org","@graph":[{"@type":"WebPage","@id":"https:\/\/famfit.dk\/en\/personal-training\/","url":"https:\/\/famfit.dk\/en\/personal-training\/","name":"Personal training &#183; FamFit &#183; Outdoor training &#183; Get a personal trainer","isPartOf":{"@id":"https:\/\/famfit.webserver1.dk\/#website"},"primaryImageOfPage":{"@id":"https:\/\/famfit.dk\/en\/personal-training\/#primaryimage"},"image":{"@id":"https:\/\/famfit.dk\/en\/personal-training\/#primaryimage"},"thumbnailUrl":"https:\/\/famfit.dk\/wp-content\/uploads\/2024\/05\/famfit-32-of-116.jpg","datePublished":"2024-04-02T13:14:55+00:00","dateModified":"2025-07-23T06:59:43+00:00","description":"Find a personal trainer that's right for you. We guarantee high professionalism and professional guidance. You decide the time and place for training.","breadcrumb":{"@id":"https:\/\/famfit.dk\/en\/personal-training\/#breadcrumb"},"inLanguage":"en-US","potentialAction":[{"@type":"ReadAction","target":["https:\/\/famfit.dk\/en\/personal-training\/"]}]},{"@type":"ImageObject","inLanguage":"en-US","@id":"https:\/\/famfit.dk\/en\/personal-training\/#primaryimage","url":"https:\/\/famfit.dk\/wp-content\/uploads\/2024\/05\/famfit-32-of-116.jpg","contentUrl":"https:\/\/famfit.dk\/wp-content\/uploads\/2024\/05\/famfit-32-of-116.jpg","width":"1181","height":"788","caption":"personlig tr\u00e6ner K\u00f8benhavn"},{"@type":"BreadcrumbList","@id":"https:\/\/famfit.dk\/en\/personal-training\/#breadcrumb","itemListElement":[{"@type":"ListItem","position":1,"name":"Hjem","item":"https:\/\/famfit.dk\/en\/"},{"@type":"ListItem","position":2,"name":"Personal training"}]},{"@type":"WebSite","@id":"https:\/\/famfit.webserver1.dk\/#website","url":"https:\/\/famfit.webserver1.dk\/","name":"FamFit","description":"Specialister i udend\u00f8rstr\u00e6ning til firmatr\u00e6ning, seniortr\u00e6ning og holdtr\u00e6ning","publisher":{"@id":"https:\/\/famfit.webserver1.dk\/#organization"},"potentialAction":[{"@type":"SearchAction","target":{"@type":"EntryPoint","urlTemplate":"https:\/\/famfit.webserver1.dk\/?s={search_term_string}"},"query-input":{"@type":"PropertyValueSpecification","valueRequired":true,"valueName":"search_term_string"}}],"inLanguage":"en-US"},{"@type":"Organization","@id":"https:\/\/famfit.webserver1.dk\/#organization","name":"FamFit","url":"https:\/\/famfit.webserver1.dk\/","logo":{"@type":"ImageObject","inLanguage":"en-US","@id":"https:\/\/famfit.webserver1.dk\/#\/schema\/logo\/image\/","url":"https:\/\/famfit.dk\/wp-content\/uploads\/2020\/11\/logo-sort.png","contentUrl":"https:\/\/famfit.dk\/wp-content\/uploads\/2020\/11\/logo-sort.png","width":242,"height":78,"caption":"FamFit"},"image":{"@id":"https:\/\/famfit.webserver1.dk\/#\/schema\/logo\/image\/"}}]}},"_links":{"self":[{"href":"https:\/\/famfit.dk\/en\/wp-json\/wp\/v2\/pages\/6086","targetHints":{"allow":["GET"]}}],"collection":[{"href":"https:\/\/famfit.dk\/en\/wp-json\/wp\/v2\/pages"}],"about":[{"href":"https:\/\/famfit.dk\/en\/wp-json\/wp\/v2\/types\/page"}],"author":[{"embeddable":true,"href":"https:\/\/famfit.dk\/en\/wp-json\/wp\/v2\/users\/6"}],"replies":[{"embeddable":true,"href":"https:\/\/famfit.dk\/en\/wp-json\/wp\/v2\/comments?post=6086"}],"version-history":[{"count":2,"href":"https:\/\/famfit.dk\/en\/wp-json\/wp\/v2\/pages\/6086\/revisions"}],"predecessor-version":[{"id":6088,"href":"https:\/\/famfit.dk\/en\/wp-json\/wp\/v2\/pages\/6086\/revisions\/6088"}],"wp:featuredmedia":[{"embeddable":true,"href":"https:\/\/famfit.dk\/en\/wp-json\/wp\/v2\/media\/6015"}],"wp:attachment":[{"href":"https:\/\/famfit.dk\/en\/wp-json\/wp\/v2\/media?parent=6086"}],"wp:term":[{"taxonomy":"category","embeddable":true,"href":"https:\/\/famfit.dk\/en\/wp-json\/wp\/v2\/categories?post=6086"}],"curies":[{"name":"wp","href":"https:\/\/api.w.org\/{rel}","templated":true}]}}