{"id":6083,"date":"2024-04-17T08:19:26","date_gmt":"2024-04-17T06:19:26","guid":{"rendered":"https:\/\/famfit.dk\/bootcamps\/"},"modified":"2025-07-23T08:59:45","modified_gmt":"2025-07-23T06:59:45","slug":"bootcamps","status":"publish","type":"page","link":"https:\/\/famfit.dk\/en\/bootcamps\/","title":{"rendered":"Bootcamps"},"content":{"rendered":"<div class=\"wpb-content-wrapper\"><p>[vc_row full_width=&#8221;stretch_row&#8221; el_class=&#8221;training&#8221;][vc_column]<div class=\"ult-spacer spacer-69ef8b10ebb8b\" data-id=\"69ef8b10ebb8b\" data-height=\"90\" data-height-mobile=\"60\" data-height-tab=\"90\" data-height-tab-portrait=\"60\" data-height-mobile-landscape=\"60\" style=\"clear:both;display:block;\"><\/div>[vc_row_inner][vc_column_inner width=&#8221;1\/2&#8243;][vc_single_image image=&#8221;6012&#8243; img_size=&#8221;full&#8221;][vc_column_text css=&#8221;&#8221;]<\/p>\n<h3>Bootcamps 2025<\/h3>\n<p>At this time, there are no bootcamps planned for 2025. However, we are continuously updating the calendar, so keep an eye on the website. Our regular weekly classes are running as usual.  <\/p>\n<p>If you have any questions, you are always welcome to contact us.[\/vc_column_text][vc_empty_space height=&#8221;30px&#8221;][vc_btn title=&#8221;Go to shop&#8221; style=&#8221;custom&#8221; custom_background=&#8221;#174f6c&#8221; custom_text=&#8221;#ffffff&#8221; shape=&#8221;square&#8221; align=&#8221;left&#8221; link=&#8221;url:https%3A%2F%2Fwebshop.sport-solution.com%2FVelkommenTilFamfit|target:_blank|&#8221;][\/vc_column_inner][\/vc_row_inner]<div class=\"ult-spacer spacer-69ef8b10ebbda\" data-id=\"69ef8b10ebbda\" data-height=\"90\" data-height-mobile=\"60\" data-height-tab=\"90\" data-height-tab-portrait=\"60\" data-height-mobile-landscape=\"60\" style=\"clear:both;display:block;\"><\/div>[\/vc_column][\/vc_row][vc_row full_width=&#8221;stretch_row&#8221; el_class=&#8221;white parallax overlay&#8221; css=&#8221;.vc_custom_1713334919499{background-image: url(https:\/\/famfit.dk\/wp-content\/uploads\/2023\/02\/skaermbillede-2016-06-11-kl-112136-698.jpg?id=5255) !important;background-position: center !important;background-repeat: no-repeat !important;background-size: cover !important;}&#8221;][vc_column]<div class=\"ult-spacer spacer-69ef8b10ebc02\" data-id=\"69ef8b10ebc02\" data-height=\"135\" data-height-mobile=\"90\" data-height-tab=\"135\" data-height-tab-portrait=\"90\" data-height-mobile-landscape=\"90\" style=\"clear:both;display:block;\"><\/div>[vc_row_inner][vc_column_inner offset=&#8221;vc_col-lg-2 vc_col-md-2 vc_col-xs-12&#8243;][\/vc_column_inner][vc_column_inner el_class=&#8221;center-buttons&#8221; offset=&#8221;vc_col-lg-8 vc_col-md-8 vc_col-xs-12&#8243;][vc_column_text el_class=&#8221;cta&#8221;]<\/p>\n<h3 style=\"text-align: center;\">FamFit App is available now<\/h3>\n<h4 style=\"text-align: center;\">Both for Android &amp; Apple<\/h4>\n<p>[\/vc_column_text][vc_empty_space height=&#8221;15px&#8221;][vc_btn title=&#8221;&#8221; style=&#8221;custom&#8221; custom_background=&#8221;#00648f&#8221; custom_text=&#8221;#ffffff&#8221; shape=&#8221;square&#8221; size=&#8221;sm&#8221; i_icon_fontawesome=&#8221;fab fa-apple&#8221; add_icon=&#8221;true&#8221; link=&#8221;url:https%3A%2F%2Fapps.apple.com%2Fus%2Fapp%2Fsport-solution-booking%2Fid499819800|target:_blank|&#8221; el_class=&#8221;custom-button&#8221;][vc_btn title=&#8221;&#8221; style=&#8221;custom&#8221; custom_background=&#8221;#ffffff&#8221; custom_text=&#8221;#00648f&#8221; shape=&#8221;square&#8221; size=&#8221;sm&#8221; i_icon_fontawesome=&#8221;fab fa-android&#8221; add_icon=&#8221;true&#8221; link=&#8221;url:https%3A%2F%2Fplay.google.com%2Fstore%2Fapps%2Fdetails%3Fid%3Dcom.phonegap.sportSolution%26feature%3Dsearch_result%2523%3Ft%253DW251bGwsMSwxLDEsImNvbS5waG9uZWdhcC5zcG9ydFNvbHV0aW9uIl0|target:_blank|&#8221; el_class=&#8221;custom-button&#8221;][\/vc_column_inner][vc_column_inner offset=&#8221;vc_col-lg-2 vc_col-md-2 vc_col-xs-12&#8243;][\/vc_column_inner][\/vc_row_inner]<div class=\"ult-spacer spacer-69ef8b10ebc24\" data-id=\"69ef8b10ebc24\" data-height=\"135\" data-height-mobile=\"90\" data-height-tab=\"135\" data-height-tab-portrait=\"90\" data-height-mobile-landscape=\"90\" style=\"clear:both;display:block;\"><\/div>[\/vc_column][\/vc_row]<\/p>\n<\/div>","protected":false},"excerpt":{"rendered":"<p>Intensive training programs including health checks<\/p>\n","protected":false},"author":6,"featured_media":0,"parent":0,"menu_order":0,"comment_status":"closed","ping_status":"closed","template":"","meta":{"_acf_changed":false,"footnotes":""},"categories":[172],"class_list":{"0":"post-6083","1":"page","2":"type-page","3":"status-publish","5":"category-engelsk-en"},"acf":[],"yoast_head":"<!-- This site is optimized with the Yoast SEO plugin v27.4 - https:\/\/yoast.com\/product\/yoast-seo-wordpress\/ -->\n<title>Bootcamps &#183; FamFit &#183; Outdoor team training<\/title>\n<meta name=\"description\" content=\"In FamFit we continuously organize different bootcamps. Stay informed on our website about when the next bootcamp starts\" \/>\n<meta name=\"robots\" content=\"index, follow, max-snippet:-1, max-image-preview:large, max-video-preview:-1\" \/>\n<link rel=\"canonical\" href=\"https:\/\/famfit.dk\/en\/bootcamps\/\" \/>\n<meta property=\"og:locale\" content=\"en_US\" \/>\n<meta property=\"og:type\" content=\"article\" \/>\n<meta property=\"og:title\" content=\"Bootcamps &#183; FamFit &#183; Outdoor team training\" \/>\n<meta property=\"og:description\" content=\"In FamFit we continuously organize different bootcamps. Stay informed on our website about when the next bootcamp starts\" \/>\n<meta property=\"og:url\" content=\"https:\/\/famfit.dk\/en\/bootcamps\/\" \/>\n<meta property=\"og:site_name\" content=\"FamFit\" \/>\n<meta property=\"article:modified_time\" content=\"2025-07-23T06:59:45+00:00\" \/>\n<meta name=\"twitter:card\" content=\"summary_large_image\" \/>\n<meta name=\"twitter:label1\" content=\"Est. reading time\" \/>\n\t<meta name=\"twitter:data1\" content=\"2 minutes\" \/>\n<script type=\"application\/ld+json\" class=\"yoast-schema-graph\">{\"@context\":\"https:\\\/\\\/schema.org\",\"@graph\":[{\"@type\":\"WebPage\",\"@id\":\"https:\\\/\\\/famfit.dk\\\/en\\\/bootcamps\\\/\",\"url\":\"https:\\\/\\\/famfit.dk\\\/en\\\/bootcamps\\\/\",\"name\":\"Bootcamps &#183; FamFit &#183; Outdoor team training\",\"isPartOf\":{\"@id\":\"https:\\\/\\\/famfit.webserver1.dk\\\/#website\"},\"datePublished\":\"2024-04-17T06:19:26+00:00\",\"dateModified\":\"2025-07-23T06:59:45+00:00\",\"description\":\"In FamFit we continuously organize different bootcamps. Stay informed on our website about when the next bootcamp starts\",\"breadcrumb\":{\"@id\":\"https:\\\/\\\/famfit.dk\\\/en\\\/bootcamps\\\/#breadcrumb\"},\"inLanguage\":\"en-US\",\"potentialAction\":[{\"@type\":\"ReadAction\",\"target\":[\"https:\\\/\\\/famfit.dk\\\/en\\\/bootcamps\\\/\"]}]},{\"@type\":\"BreadcrumbList\",\"@id\":\"https:\\\/\\\/famfit.dk\\\/en\\\/bootcamps\\\/#breadcrumb\",\"itemListElement\":[{\"@type\":\"ListItem\",\"position\":1,\"name\":\"Hjem\",\"item\":\"https:\\\/\\\/famfit.dk\\\/en\\\/\"},{\"@type\":\"ListItem\",\"position\":2,\"name\":\"Bootcamps\"}]},{\"@type\":\"WebSite\",\"@id\":\"https:\\\/\\\/famfit.webserver1.dk\\\/#website\",\"url\":\"https:\\\/\\\/famfit.webserver1.dk\\\/\",\"name\":\"FamFit\",\"description\":\"Specialister i udend\u00f8rstr\u00e6ning til firmatr\u00e6ning, seniortr\u00e6ning og holdtr\u00e6ning\",\"publisher\":{\"@id\":\"https:\\\/\\\/famfit.webserver1.dk\\\/#organization\"},\"potentialAction\":[{\"@type\":\"SearchAction\",\"target\":{\"@type\":\"EntryPoint\",\"urlTemplate\":\"https:\\\/\\\/famfit.webserver1.dk\\\/?s={search_term_string}\"},\"query-input\":{\"@type\":\"PropertyValueSpecification\",\"valueRequired\":true,\"valueName\":\"search_term_string\"}}],\"inLanguage\":\"en-US\"},{\"@type\":\"Organization\",\"@id\":\"https:\\\/\\\/famfit.webserver1.dk\\\/#organization\",\"name\":\"FamFit\",\"url\":\"https:\\\/\\\/famfit.webserver1.dk\\\/\",\"logo\":{\"@type\":\"ImageObject\",\"inLanguage\":\"en-US\",\"@id\":\"https:\\\/\\\/famfit.webserver1.dk\\\/#\\\/schema\\\/logo\\\/image\\\/\",\"url\":\"https:\\\/\\\/famfit.dk\\\/wp-content\\\/uploads\\\/2020\\\/11\\\/logo-sort.png\",\"contentUrl\":\"https:\\\/\\\/famfit.dk\\\/wp-content\\\/uploads\\\/2020\\\/11\\\/logo-sort.png\",\"width\":242,\"height\":78,\"caption\":\"FamFit\"},\"image\":{\"@id\":\"https:\\\/\\\/famfit.webserver1.dk\\\/#\\\/schema\\\/logo\\\/image\\\/\"}}]}<\/script>\n<!-- \/ Yoast SEO plugin. -->","yoast_head_json":{"title":"Bootcamps &#183; FamFit &#183; Outdoor team training","description":"In FamFit we continuously organize different bootcamps. Stay informed on our website about when the next bootcamp starts","robots":{"index":"index","follow":"follow","max-snippet":"max-snippet:-1","max-image-preview":"max-image-preview:large","max-video-preview":"max-video-preview:-1"},"canonical":"https:\/\/famfit.dk\/en\/bootcamps\/","og_locale":"en_US","og_type":"article","og_title":"Bootcamps &#183; FamFit &#183; Outdoor team training","og_description":"In FamFit we continuously organize different bootcamps. Stay informed on our website about when the next bootcamp starts","og_url":"https:\/\/famfit.dk\/en\/bootcamps\/","og_site_name":"FamFit","article_modified_time":"2025-07-23T06:59:45+00:00","twitter_card":"summary_large_image","twitter_misc":{"Est. reading time":"2 minutes"},"schema":{"@context":"https:\/\/schema.org","@graph":[{"@type":"WebPage","@id":"https:\/\/famfit.dk\/en\/bootcamps\/","url":"https:\/\/famfit.dk\/en\/bootcamps\/","name":"Bootcamps &#183; FamFit &#183; Outdoor team training","isPartOf":{"@id":"https:\/\/famfit.webserver1.dk\/#website"},"datePublished":"2024-04-17T06:19:26+00:00","dateModified":"2025-07-23T06:59:45+00:00","description":"In FamFit we continuously organize different bootcamps. Stay informed on our website about when the next bootcamp starts","breadcrumb":{"@id":"https:\/\/famfit.dk\/en\/bootcamps\/#breadcrumb"},"inLanguage":"en-US","potentialAction":[{"@type":"ReadAction","target":["https:\/\/famfit.dk\/en\/bootcamps\/"]}]},{"@type":"BreadcrumbList","@id":"https:\/\/famfit.dk\/en\/bootcamps\/#breadcrumb","itemListElement":[{"@type":"ListItem","position":1,"name":"Hjem","item":"https:\/\/famfit.dk\/en\/"},{"@type":"ListItem","position":2,"name":"Bootcamps"}]},{"@type":"WebSite","@id":"https:\/\/famfit.webserver1.dk\/#website","url":"https:\/\/famfit.webserver1.dk\/","name":"FamFit","description":"Specialister i udend\u00f8rstr\u00e6ning til firmatr\u00e6ning, seniortr\u00e6ning og holdtr\u00e6ning","publisher":{"@id":"https:\/\/famfit.webserver1.dk\/#organization"},"potentialAction":[{"@type":"SearchAction","target":{"@type":"EntryPoint","urlTemplate":"https:\/\/famfit.webserver1.dk\/?s={search_term_string}"},"query-input":{"@type":"PropertyValueSpecification","valueRequired":true,"valueName":"search_term_string"}}],"inLanguage":"en-US"},{"@type":"Organization","@id":"https:\/\/famfit.webserver1.dk\/#organization","name":"FamFit","url":"https:\/\/famfit.webserver1.dk\/","logo":{"@type":"ImageObject","inLanguage":"en-US","@id":"https:\/\/famfit.webserver1.dk\/#\/schema\/logo\/image\/","url":"https:\/\/famfit.dk\/wp-content\/uploads\/2020\/11\/logo-sort.png","contentUrl":"https:\/\/famfit.dk\/wp-content\/uploads\/2020\/11\/logo-sort.png","width":242,"height":78,"caption":"FamFit"},"image":{"@id":"https:\/\/famfit.webserver1.dk\/#\/schema\/logo\/image\/"}}]}},"_links":{"self":[{"href":"https:\/\/famfit.dk\/en\/wp-json\/wp\/v2\/pages\/6083","targetHints":{"allow":["GET"]}}],"collection":[{"href":"https:\/\/famfit.dk\/en\/wp-json\/wp\/v2\/pages"}],"about":[{"href":"https:\/\/famfit.dk\/en\/wp-json\/wp\/v2\/types\/page"}],"author":[{"embeddable":true,"href":"https:\/\/famfit.dk\/en\/wp-json\/wp\/v2\/users\/6"}],"replies":[{"embeddable":true,"href":"https:\/\/famfit.dk\/en\/wp-json\/wp\/v2\/comments?post=6083"}],"version-history":[{"count":3,"href":"https:\/\/famfit.dk\/en\/wp-json\/wp\/v2\/pages\/6083\/revisions"}],"predecessor-version":[{"id":6089,"href":"https:\/\/famfit.dk\/en\/wp-json\/wp\/v2\/pages\/6083\/revisions\/6089"}],"wp:attachment":[{"href":"https:\/\/famfit.dk\/en\/wp-json\/wp\/v2\/media?parent=6083"}],"wp:term":[{"taxonomy":"category","embeddable":true,"href":"https:\/\/famfit.dk\/en\/wp-json\/wp\/v2\/categories?post=6083"}],"curies":[{"name":"wp","href":"https:\/\/api.w.org\/{rel}","templated":true}]}}