{"id":6080,"date":"2023-02-27T10:42:16","date_gmt":"2023-02-27T09:42:16","guid":{"rendered":"https:\/\/famfit.dk\/traveling\/"},"modified":"2025-07-23T08:59:44","modified_gmt":"2025-07-23T06:59:44","slug":"traveling","status":"publish","type":"page","link":"https:\/\/famfit.dk\/en\/traveling\/","title":{"rendered":"Traveling"},"content":{"rendered":"<div class=\"wpb-content-wrapper\"><p>[vc_row full_width=&#8221;stretch_row&#8221; css=&#8221;.vc_custom_1609746628570{background-color: #f7f7f7 !important;}&#8221;][vc_column]<div class=\"ult-spacer spacer-69efc3a51ef70\" data-id=\"69efc3a51ef70\" data-height=\"90\" data-height-mobile=\"60\" data-height-tab=\"90\" data-height-tab-portrait=\"60\" data-height-mobile-landscape=\"60\" style=\"clear:both;display:block;\"><\/div>[vc_row_inner equal_height=&#8221;yes&#8221; css=&#8221;.vc_custom_1610367712581{margin-right: 0px !important;margin-left: 0px !important;}&#8221;][vc_column_inner el_class=&#8221;small-stretch&#8221; css=&#8221;.vc_custom_1621160918422{background-color: #ffffff !important;}&#8221; offset=&#8221;vc_col-lg-6 vc_col-md-6 vc_col-xs-12&#8243;][vc_column_text css=&#8221;&#8221;]<\/p>\n<h1>Fitness trip to Crete September 27 &#8211; October 4, 2025<\/h1>\n<p>We travel to sunny Crete on. September 27 &#8211; October 4, 2025. The trip offers a warm and sunny climate, beautiful nature, social events and 3 daily workouts with FamFit. Are you a FamFit member or not, are you a senior, single, a couple of friends &#8211; or maybe the couple where one wants to exercise with FamFit while the other soaks up the sun by the pool? The tour is for anyone who wants to join an active community and have an active vacation with training opportunities.<\/p>\n<p>We&#8217;ll be staying at the beautiful <a href=\"https:\/\/www.spies.dk\/graekenland\/kreta\/gerani-chaniakysten\/ilion-beach?UseBookingFlow=true&amp;QueryDepID=12678&amp;QueryResID=6762&amp;QueryDepDate=20241005&amp;QueryUnits=0&amp;QueryAges=42%2C42&amp;QueryDur=8&amp;ItemId=157824&amp;qf=flowCharter#hotel-search-app-root\">Ilion Beach<\/a> hotel in Gerani, a popular and stylish apartment hotel located right on the beach with the option to accommodate 1-3 people per apartment. The hotel has an inviting pool area, large lawns for exercising and a bar, restaurant and supermarket. There are opportunities to see both nature and city life in the area either on foot or via the local bus route. If you want to hear more about the trip, send us an email at <a href=\"mailto:info@famfit.dk\">info@famfit.dk.<\/a><\/p>\n<p><strong>Deadline for registration is d. April 25. Sign up to <a href=\"mailto:info@famfit.dk\">info@famfit.dk<\/a> <\/strong>(When registering, please indicate if you want a single room or who you would like to share a room with)<\/p>\n<p>&nbsp;<\/p>\n<p>.[\/vc_column_text][vc_empty_space height=&#8221;30px&#8221;][vc_btn title=&#8221;Read more about it&#8221; style=&#8221;custom&#8221; custom_background=&#8221;#174f6c&#8221; custom_text=&#8221;#ffffff&#8221; shape=&#8221;square&#8221; align=&#8221;left&#8221; link=&#8221;url:%23|target:_blank|&#8221;][\/vc_column_inner][vc_column_inner css=&#8221;.vc_custom_1719921652370{background-image: url(https:\/\/famfit.dk\/wp-content\/uploads\/2024\/05\/skaermbillede-2024-05-06-kl-215634.png?id=5729) !important;background-position: center !important;background-repeat: no-repeat !important;background-size: cover !important;}&#8221; offset=&#8221;vc_col-lg-6 vc_col-md-6 vc_col-xs-12&#8243;]<div class=\"ult-spacer spacer-69efc3a51efcf\" data-id=\"69efc3a51efcf\" data-height=\"0\" data-height-mobile=\"200\" data-height-tab=\"0\" data-height-tab-portrait=\"300\" data-height-mobile-landscape=\"250\" style=\"clear:both;display:block;\"><\/div>[\/vc_column_inner][\/vc_row_inner]<div class=\"ult-spacer spacer-69efc3a51effa\" data-id=\"69efc3a51effa\" data-height=\"90\" data-height-mobile=\"60\" data-height-tab=\"90\" data-height-tab-portrait=\"60\" data-height-mobile-landscape=\"60\" style=\"clear:both;display:block;\"><\/div>[\/vc_column][\/vc_row][vc_row full_width=&#8221;stretch_row&#8221; el_class=&#8221;white parallax overlay&#8221; css=&#8221;.vc_custom_1713335041854{background-image: url(https:\/\/famfit.dk\/wp-content\/uploads\/2023\/02\/skaermbillede-2016-06-11-kl-112258-703.jpg?id=5251) !important;background-position: center !important;background-repeat: no-repeat !important;background-size: cover !important;}&#8221;][vc_column]<div class=\"ult-spacer spacer-69efc3a51f01c\" data-id=\"69efc3a51f01c\" data-height=\"135\" data-height-mobile=\"90\" data-height-tab=\"135\" data-height-tab-portrait=\"90\" data-height-mobile-landscape=\"90\" style=\"clear:both;display:block;\"><\/div>[vc_row_inner][vc_column_inner offset=&#8221;vc_col-lg-2 vc_col-md-2 vc_col-xs-12&#8243;][\/vc_column_inner][vc_column_inner el_class=&#8221;center-buttons&#8221; offset=&#8221;vc_col-lg-8 vc_col-md-8 vc_col-xs-12&#8243;][vc_column_text el_class=&#8221;cta&#8221;]<\/p>\n<h3 style=\"text-align: center;\">FamFit App is available now<\/h3>\n<h4 style=\"text-align: center;\">Both for Android &amp; Apple<\/h4>\n<p>[\/vc_column_text][vc_empty_space height=&#8221;15px&#8221;][vc_btn title=&#8221;&#8221; style=&#8221;custom&#8221; custom_background=&#8221;#00648f&#8221; custom_text=&#8221;#ffffff&#8221; shape=&#8221;square&#8221; size=&#8221;sm&#8221; i_icon_fontawesome=&#8221;fab fa-apple&#8221; add_icon=&#8221;true&#8221; link=&#8221;url:https%3A%2F%2Fapps.apple.com%2Fus%2Fapp%2Fsport-solution-booking%2Fid499819800|target:_blank|&#8221; el_class=&#8221;custom-button&#8221;][vc_btn title=&#8221;&#8221; style=&#8221;custom&#8221; custom_background=&#8221;#ffffff&#8221; custom_text=&#8221;#00648f&#8221; shape=&#8221;square&#8221; size=&#8221;sm&#8221; i_icon_fontawesome=&#8221;fab fa-android&#8221; add_icon=&#8221;true&#8221; link=&#8221;url:https%3A%2F%2Fplay.google.com%2Fstore%2Fapps%2Fdetails%3Fid%3Dcom.phonegap.sportSolution%26feature%3Dsearch_result%2523%3Ft%253DW251bGwsMSwxLDEsImNvbS5waG9uZWdhcC5zcG9ydFNvbHV0aW9uIl0|target:_blank|&#8221; el_class=&#8221;custom-button&#8221;][\/vc_column_inner][vc_column_inner offset=&#8221;vc_col-lg-2 vc_col-md-2 vc_col-xs-12&#8243;][\/vc_column_inner][\/vc_row_inner]<div class=\"ult-spacer spacer-69efc3a51f04c\" data-id=\"69efc3a51f04c\" data-height=\"135\" data-height-mobile=\"90\" data-height-tab=\"135\" data-height-tab-portrait=\"90\" data-height-mobile-landscape=\"90\" style=\"clear:both;display:block;\"><\/div>[\/vc_column][\/vc_row]<\/p>\n<\/div>","protected":false},"excerpt":{"rendered":"<p>Here you will find information about our training trips<\/p>\n","protected":false},"author":1,"featured_media":6003,"parent":0,"menu_order":0,"comment_status":"closed","ping_status":"closed","template":"","meta":{"_acf_changed":false,"footnotes":""},"categories":[172],"class_list":{"0":"post-6080","1":"page","2":"type-page","3":"status-publish","4":"has-post-thumbnail","6":"category-engelsk-en"},"acf":[],"yoast_head":"<!-- This site is optimized with the Yoast SEO plugin v27.4 - https:\/\/yoast.com\/product\/yoast-seo-wordpress\/ -->\n<title>Traveling &#183; FamFit &#183; Exercise journey for all<\/title>\n<meta name=\"description\" content=\"We&#039;ll travel to the southern sun for a week of beautiful nature, excursions, social events and three daily workouts with FamFit.\" \/>\n<meta name=\"robots\" content=\"index, follow, max-snippet:-1, max-image-preview:large, max-video-preview:-1\" \/>\n<link rel=\"canonical\" href=\"https:\/\/famfit.dk\/en\/traveling\/\" \/>\n<meta property=\"og:locale\" content=\"en_US\" \/>\n<meta property=\"og:type\" content=\"article\" \/>\n<meta property=\"og:title\" content=\"Traveling &#183; FamFit &#183; Exercise journey for all\" \/>\n<meta property=\"og:description\" content=\"We&#039;ll travel to the southern sun for a week of beautiful nature, excursions, social events and three daily workouts with FamFit.\" \/>\n<meta property=\"og:url\" content=\"https:\/\/famfit.dk\/en\/traveling\/\" \/>\n<meta property=\"og:site_name\" content=\"FamFit\" \/>\n<meta property=\"article:modified_time\" content=\"2025-07-23T06:59:44+00:00\" \/>\n<meta property=\"og:image\" content=\"https:\/\/famfit.dk\/wp-content\/uploads\/2024\/03\/humanic-some.jpg\" \/>\n\t<meta property=\"og:image:width\" content=\"864\" \/>\n\t<meta property=\"og:image:height\" content=\"729\" \/>\n\t<meta property=\"og:image:type\" content=\"image\/jpeg\" \/>\n<meta name=\"twitter:card\" content=\"summary_large_image\" \/>\n<meta name=\"twitter:label1\" content=\"Est. reading time\" \/>\n\t<meta name=\"twitter:data1\" content=\"3 minutes\" \/>\n<script type=\"application\/ld+json\" class=\"yoast-schema-graph\">{\"@context\":\"https:\\\/\\\/schema.org\",\"@graph\":[{\"@type\":\"WebPage\",\"@id\":\"https:\\\/\\\/famfit.dk\\\/en\\\/traveling\\\/\",\"url\":\"https:\\\/\\\/famfit.dk\\\/en\\\/traveling\\\/\",\"name\":\"Traveling &#183; FamFit &#183; Exercise journey for all\",\"isPartOf\":{\"@id\":\"https:\\\/\\\/famfit.webserver1.dk\\\/#website\"},\"primaryImageOfPage\":{\"@id\":\"https:\\\/\\\/famfit.dk\\\/en\\\/traveling\\\/#primaryimage\"},\"image\":{\"@id\":\"https:\\\/\\\/famfit.dk\\\/en\\\/traveling\\\/#primaryimage\"},\"thumbnailUrl\":\"https:\\\/\\\/famfit.dk\\\/wp-content\\\/uploads\\\/2024\\\/03\\\/humanic-some.jpg\",\"datePublished\":\"2023-02-27T09:42:16+00:00\",\"dateModified\":\"2025-07-23T06:59:44+00:00\",\"description\":\"We'll travel to the southern sun for a week of beautiful nature, excursions, social events and three daily workouts with FamFit.\",\"breadcrumb\":{\"@id\":\"https:\\\/\\\/famfit.dk\\\/en\\\/traveling\\\/#breadcrumb\"},\"inLanguage\":\"en-US\",\"potentialAction\":[{\"@type\":\"ReadAction\",\"target\":[\"https:\\\/\\\/famfit.dk\\\/en\\\/traveling\\\/\"]}]},{\"@type\":\"ImageObject\",\"inLanguage\":\"en-US\",\"@id\":\"https:\\\/\\\/famfit.dk\\\/en\\\/traveling\\\/#primaryimage\",\"url\":\"https:\\\/\\\/famfit.dk\\\/wp-content\\\/uploads\\\/2024\\\/03\\\/humanic-some.jpg\",\"contentUrl\":\"https:\\\/\\\/famfit.dk\\\/wp-content\\\/uploads\\\/2024\\\/03\\\/humanic-some.jpg\",\"width\":\"864\",\"height\":\"729\"},{\"@type\":\"BreadcrumbList\",\"@id\":\"https:\\\/\\\/famfit.dk\\\/en\\\/traveling\\\/#breadcrumb\",\"itemListElement\":[{\"@type\":\"ListItem\",\"position\":1,\"name\":\"Hjem\",\"item\":\"https:\\\/\\\/famfit.dk\\\/en\\\/\"},{\"@type\":\"ListItem\",\"position\":2,\"name\":\"Traveling\"}]},{\"@type\":\"WebSite\",\"@id\":\"https:\\\/\\\/famfit.webserver1.dk\\\/#website\",\"url\":\"https:\\\/\\\/famfit.webserver1.dk\\\/\",\"name\":\"FamFit\",\"description\":\"Specialister i udend\u00f8rstr\u00e6ning til firmatr\u00e6ning, seniortr\u00e6ning og holdtr\u00e6ning\",\"publisher\":{\"@id\":\"https:\\\/\\\/famfit.webserver1.dk\\\/#organization\"},\"potentialAction\":[{\"@type\":\"SearchAction\",\"target\":{\"@type\":\"EntryPoint\",\"urlTemplate\":\"https:\\\/\\\/famfit.webserver1.dk\\\/?s={search_term_string}\"},\"query-input\":{\"@type\":\"PropertyValueSpecification\",\"valueRequired\":true,\"valueName\":\"search_term_string\"}}],\"inLanguage\":\"en-US\"},{\"@type\":\"Organization\",\"@id\":\"https:\\\/\\\/famfit.webserver1.dk\\\/#organization\",\"name\":\"FamFit\",\"url\":\"https:\\\/\\\/famfit.webserver1.dk\\\/\",\"logo\":{\"@type\":\"ImageObject\",\"inLanguage\":\"en-US\",\"@id\":\"https:\\\/\\\/famfit.webserver1.dk\\\/#\\\/schema\\\/logo\\\/image\\\/\",\"url\":\"https:\\\/\\\/famfit.dk\\\/wp-content\\\/uploads\\\/2020\\\/11\\\/logo-sort.png\",\"contentUrl\":\"https:\\\/\\\/famfit.dk\\\/wp-content\\\/uploads\\\/2020\\\/11\\\/logo-sort.png\",\"width\":242,\"height\":78,\"caption\":\"FamFit\"},\"image\":{\"@id\":\"https:\\\/\\\/famfit.webserver1.dk\\\/#\\\/schema\\\/logo\\\/image\\\/\"}}]}<\/script>\n<!-- \/ Yoast SEO plugin. -->","yoast_head_json":{"title":"Traveling &#183; FamFit &#183; Exercise journey for all","description":"We'll travel to the southern sun for a week of beautiful nature, excursions, social events and three daily workouts with FamFit.","robots":{"index":"index","follow":"follow","max-snippet":"max-snippet:-1","max-image-preview":"max-image-preview:large","max-video-preview":"max-video-preview:-1"},"canonical":"https:\/\/famfit.dk\/en\/traveling\/","og_locale":"en_US","og_type":"article","og_title":"Traveling &#183; FamFit &#183; Exercise journey for all","og_description":"We'll travel to the southern sun for a week of beautiful nature, excursions, social events and three daily workouts with FamFit.","og_url":"https:\/\/famfit.dk\/en\/traveling\/","og_site_name":"FamFit","article_modified_time":"2025-07-23T06:59:44+00:00","og_image":[{"width":864,"height":729,"url":"https:\/\/famfit.dk\/wp-content\/uploads\/2024\/03\/humanic-some.jpg","type":"image\/jpeg"}],"twitter_card":"summary_large_image","twitter_misc":{"Est. reading time":"3 minutes"},"schema":{"@context":"https:\/\/schema.org","@graph":[{"@type":"WebPage","@id":"https:\/\/famfit.dk\/en\/traveling\/","url":"https:\/\/famfit.dk\/en\/traveling\/","name":"Traveling &#183; FamFit &#183; Exercise journey for all","isPartOf":{"@id":"https:\/\/famfit.webserver1.dk\/#website"},"primaryImageOfPage":{"@id":"https:\/\/famfit.dk\/en\/traveling\/#primaryimage"},"image":{"@id":"https:\/\/famfit.dk\/en\/traveling\/#primaryimage"},"thumbnailUrl":"https:\/\/famfit.dk\/wp-content\/uploads\/2024\/03\/humanic-some.jpg","datePublished":"2023-02-27T09:42:16+00:00","dateModified":"2025-07-23T06:59:44+00:00","description":"We'll travel to the southern sun for a week of beautiful nature, excursions, social events and three daily workouts with FamFit.","breadcrumb":{"@id":"https:\/\/famfit.dk\/en\/traveling\/#breadcrumb"},"inLanguage":"en-US","potentialAction":[{"@type":"ReadAction","target":["https:\/\/famfit.dk\/en\/traveling\/"]}]},{"@type":"ImageObject","inLanguage":"en-US","@id":"https:\/\/famfit.dk\/en\/traveling\/#primaryimage","url":"https:\/\/famfit.dk\/wp-content\/uploads\/2024\/03\/humanic-some.jpg","contentUrl":"https:\/\/famfit.dk\/wp-content\/uploads\/2024\/03\/humanic-some.jpg","width":"864","height":"729"},{"@type":"BreadcrumbList","@id":"https:\/\/famfit.dk\/en\/traveling\/#breadcrumb","itemListElement":[{"@type":"ListItem","position":1,"name":"Hjem","item":"https:\/\/famfit.dk\/en\/"},{"@type":"ListItem","position":2,"name":"Traveling"}]},{"@type":"WebSite","@id":"https:\/\/famfit.webserver1.dk\/#website","url":"https:\/\/famfit.webserver1.dk\/","name":"FamFit","description":"Specialister i udend\u00f8rstr\u00e6ning til firmatr\u00e6ning, seniortr\u00e6ning og holdtr\u00e6ning","publisher":{"@id":"https:\/\/famfit.webserver1.dk\/#organization"},"potentialAction":[{"@type":"SearchAction","target":{"@type":"EntryPoint","urlTemplate":"https:\/\/famfit.webserver1.dk\/?s={search_term_string}"},"query-input":{"@type":"PropertyValueSpecification","valueRequired":true,"valueName":"search_term_string"}}],"inLanguage":"en-US"},{"@type":"Organization","@id":"https:\/\/famfit.webserver1.dk\/#organization","name":"FamFit","url":"https:\/\/famfit.webserver1.dk\/","logo":{"@type":"ImageObject","inLanguage":"en-US","@id":"https:\/\/famfit.webserver1.dk\/#\/schema\/logo\/image\/","url":"https:\/\/famfit.dk\/wp-content\/uploads\/2020\/11\/logo-sort.png","contentUrl":"https:\/\/famfit.dk\/wp-content\/uploads\/2020\/11\/logo-sort.png","width":242,"height":78,"caption":"FamFit"},"image":{"@id":"https:\/\/famfit.webserver1.dk\/#\/schema\/logo\/image\/"}}]}},"_links":{"self":[{"href":"https:\/\/famfit.dk\/en\/wp-json\/wp\/v2\/pages\/6080","targetHints":{"allow":["GET"]}}],"collection":[{"href":"https:\/\/famfit.dk\/en\/wp-json\/wp\/v2\/pages"}],"about":[{"href":"https:\/\/famfit.dk\/en\/wp-json\/wp\/v2\/types\/page"}],"author":[{"embeddable":true,"href":"https:\/\/famfit.dk\/en\/wp-json\/wp\/v2\/users\/1"}],"replies":[{"embeddable":true,"href":"https:\/\/famfit.dk\/en\/wp-json\/wp\/v2\/comments?post=6080"}],"version-history":[{"count":2,"href":"https:\/\/famfit.dk\/en\/wp-json\/wp\/v2\/pages\/6080\/revisions"}],"predecessor-version":[{"id":6082,"href":"https:\/\/famfit.dk\/en\/wp-json\/wp\/v2\/pages\/6080\/revisions\/6082"}],"wp:featuredmedia":[{"embeddable":true,"href":"https:\/\/famfit.dk\/en\/wp-json\/wp\/v2\/media\/6003"}],"wp:attachment":[{"href":"https:\/\/famfit.dk\/en\/wp-json\/wp\/v2\/media?parent=6080"}],"wp:term":[{"taxonomy":"category","embeddable":true,"href":"https:\/\/famfit.dk\/en\/wp-json\/wp\/v2\/categories?post=6080"}],"curies":[{"name":"wp","href":"https:\/\/api.w.org\/{rel}","templated":true}]}}