{"id":6075,"date":"2024-04-17T08:27:49","date_gmt":"2024-04-17T06:27:49","guid":{"rendered":"https:\/\/famfit.dk\/events\/"},"modified":"2025-07-23T08:59:43","modified_gmt":"2025-07-23T06:59:43","slug":"events","status":"publish","type":"page","link":"https:\/\/famfit.dk\/en\/events\/","title":{"rendered":"Events"},"content":{"rendered":"<div class=\"wpb-content-wrapper\"><p>[vc_row full_width=&#8221;stretch_row&#8221; css=&#8221;.vc_custom_1609746628570{background-color: #f7f7f7 !important;}&#8221;][vc_column]<div class=\"ult-spacer spacer-69efb0334b09f\" data-id=\"69efb0334b09f\" data-height=\"90\" data-height-mobile=\"60\" data-height-tab=\"90\" data-height-tab-portrait=\"60\" data-height-mobile-landscape=\"60\" style=\"clear:both;display:block;\"><\/div>[vc_row_inner equal_height=&#8221;yes&#8221; css=&#8221;.vc_custom_1610367712581{margin-right: 0px !important;margin-left: 0px !important;}&#8221;][vc_column_inner el_class=&#8221;small-stretch&#8221; css=&#8221;.vc_custom_1621160918422{background-color: #ffffff !important;}&#8221; offset=&#8221;vc_col-lg-6 vc_col-md-6 vc_col-xs-12&#8243;][vc_column_text css=&#8221;&#8221;]<\/p>\n<h1>Motions Events 2025<\/h1>\n<p><strong>THE CLOWN RACE (F\u00c6LLEDPARKEN)<\/strong><\/p>\n<div class=\"x11i5rnm xat24cr x1mh8g0r x1vvkbs xtlvy1s x126k92a\">\n<div dir=\"auto\">FamFit is proud to announce that in 2025 we are once again organizing the Clown Run in F\u00e6lledparken, where all money goes to the Danish Hospital Clowns. You can choose to walk, run, jump, crawl or roll 2 km, 6 km or 10 km. It will be possible to buy food, drinks and other goodies after the race and there will also be medals for everyone and activities for the youngest runners.  <\/div>\n<\/div>\n<div dir=\"auto\"><\/div>\n<div dir=\"auto\"><\/div>\n<div class=\"x11i5rnm xat24cr x1mh8g0r x1vvkbs xtlvy1s x126k92a\">\n<div dir=\"auto\"><em>What is the Clown Race?  <\/em>The Clown Race is a fun and social race where everyone who can walk, run, jump, crawl or roll can join in. It&#8217;s not about being the fastest, because even the smallest steps can make a huge difference. Because when you participate in a clown race, you are helping to support the work of the Danish Hospital Clowns around the country&#8217;s hospitals. The Danish Hospital Clowns work to strengthen hospitalized children&#8217;s zest for life and courage so that they can better cope with their illness &#8211; they do this by transforming hospital rooms into a space full of play and magic or by helping them through the tough examinations. They provide a safe hand when life in hospital is extra painful.     <\/div>\n<\/div>\n<p>[\/vc_column_text][vc_empty_space height=&#8221;30px&#8221;][vc_btn title=&#8221;Read more about it&#8221; style=&#8221;custom&#8221; custom_background=&#8221;#174f6c&#8221; custom_text=&#8221;#ffffff&#8221; shape=&#8221;square&#8221; align=&#8221;left&#8221; link=&#8221;url:https%3A%2F%2Fdanskehospitalsklovne.dk%2Fklovneloeb%2Fklovneloeb-koebenhavn-oe%2F%3Ffbclid%3DIwZXh0bgNhZW0CMTAAAR2CqkIGdpAJ0-7J16GoFNz2C9eC9fOhIavo_gudqZ00sRyZ71d3zHRFdQQ_aem_Af6WM&#8211;1a70KkbTwi60uMXHVORlUYlfaSayCByStwzvwEy41zOlLP3OmCFkFZPdhUYHGq0moCcK1D7tkssBG54lv|title:Read%20more%20about%20it|target:_blank|&#8221;][\/vc_column_inner][vc_column_inner css=&#8221;.vc_custom_1715021992631{background-image: url(https:\/\/famfit.dk\/wp-content\/uploads\/2024\/05\/skaermbillede-2024-05-01-kl-195948.png?id=5713) !important;background-position: center !important;background-repeat: no-repeat !important;background-size: cover !important;}&#8221; offset=&#8221;vc_col-lg-6 vc_col-md-6 vc_col-xs-12&#8243;]<div class=\"ult-spacer spacer-69efb0334b0f7\" data-id=\"69efb0334b0f7\" data-height=\"0\" data-height-mobile=\"200\" data-height-tab=\"0\" data-height-tab-portrait=\"300\" data-height-mobile-landscape=\"250\" style=\"clear:both;display:block;\"><\/div>[\/vc_column_inner][\/vc_row_inner]<div class=\"ult-spacer spacer-69efb0334b11d\" data-id=\"69efb0334b11d\" data-height=\"60\" data-height-mobile=\"60\" data-height-tab=\"60\" data-height-tab-portrait=\"60\" data-height-mobile-landscape=\"60\" style=\"clear:both;display:block;\"><\/div>[vc_row_inner equal_height=&#8221;yes&#8221; css=&#8221;.vc_custom_1610367712581{margin-right: 0px !important;margin-left: 0px !important;}&#8221;][vc_column_inner el_class=&#8221;small-stretch&#8221; css=&#8221;.vc_custom_1621160918422{background-color: #ffffff !important;}&#8221; offset=&#8221;vc_col-lg-6 vc_col-md-6 vc_col-xs-12&#8243;][vc_column_text css=&#8221;&#8221;]<\/p>\n<h1>Exercise events &amp; Health events for companies<\/h1>\n<p><strong>MAKE EXERCISE AND HEALTH A THEME IN THE WORKPLACE<\/strong><\/p>\n<div class=\"x11i5rnm xat24cr x1mh8g0r x1vvkbs xtlvy1s x126k92a\">\n<div dir=\"auto\">FamFit is part of the nationwide training and event agency, <a href=\"https:\/\/humanic.dk\/\" target=\"_blank\" rel=\"noopener\">Humanic Group. <\/a> <\/div>\n<div dir=\"auto\">This means we can organize larger corporate events with a focus on <a href=\"https:\/\/humanic.dk\/firmasundhed\/\" target=\"_blank\" rel=\"noopener\">exercise and health in the company<\/a>.<\/div>\n<div dir=\"auto\">As a <a href=\"https:\/\/humanic.dk\/full-service-events\/\" target=\"_blank\" rel=\"noopener\">full-service event agency,<\/a> we can arrange every detail from finding a location to arranging transportation, timing and music for your company day or corporate fitness event. As an example, we have good experience with setting up a <a href=\"https:\/\/humanic.dk\/firmasundhed\/sundhedsdag-i-virksomheden\/\" target=\"_blank\" rel=\"noopener\">company health day<\/a> where employees get to try different health services and measurements. <\/div>\n<div dir=\"auto\">If you want to integrate <a href=\"https:\/\/humanic.dk\/teambuilding\/\" target=\"_blank\" rel=\"noopener\">teambuilding<\/a> into the day, we&#8217;re also among the country&#8217;s leaders in this &#8211; and if you want the day to end with a bang, we have many years of experience in organizing<a href=\"https:\/\/humanic.dk\/firmafest\/\" target=\"_blank\" rel=\"noopener\"> company parties<\/a>.<\/div>\n<div dir=\"auto\">Contact us and let&#8217;s talk about how your corporate event can be the healthiest, most fun and memorable ever!<\/div>\n<div dir=\"auto\"><\/div>\n<\/div>\n<p>[\/vc_column_text][vc_empty_space height=&#8221;30px&#8221;][vc_btn title=&#8221;Contact Humanic Group&#8221; style=&#8221;custom&#8221; custom_background=&#8221;#174f6c&#8221; custom_text=&#8221;#ffffff&#8221; shape=&#8221;square&#8221; align=&#8221;left&#8221; css=&#8221;&#8221; link=&#8221;url:https%3A%2F%2Fhumanic.dk%2Fkontakt%2F|title:Read%20more%20about%20it|target:_blank|&#8221;][\/vc_column_inner][vc_column_inner css=&#8221;.vc_custom_1731864507939{background-image: url(https:\/\/famfit.dk\/wp-content\/uploads\/2024\/05\/famfit-vintermoerke-februar-17-of-81.jpg?id=5676) !important;background-position: center !important;background-repeat: no-repeat !important;background-size: cover !important;}&#8221; offset=&#8221;vc_col-lg-6 vc_col-md-6 vc_col-xs-12&#8243;]<div class=\"ult-spacer spacer-69efb0334b13d\" data-id=\"69efb0334b13d\" data-height=\"0\" data-height-mobile=\"200\" data-height-tab=\"0\" data-height-tab-portrait=\"300\" data-height-mobile-landscape=\"250\" style=\"clear:both;display:block;\"><\/div>[\/vc_column_inner][\/vc_row_inner]<div class=\"ult-spacer spacer-69efb0334b159\" data-id=\"69efb0334b159\" data-height=\"90\" data-height-mobile=\"60\" data-height-tab=\"90\" data-height-tab-portrait=\"60\" data-height-mobile-landscape=\"60\" style=\"clear:both;display:block;\"><\/div>[\/vc_column][\/vc_row][vc_row full_width=&#8221;stretch_row&#8221; el_class=&#8221;white parallax overlay&#8221; css=&#8221;.vc_custom_1713335041854{background-image: url(https:\/\/famfit.dk\/wp-content\/uploads\/2023\/02\/skaermbillede-2016-06-11-kl-112258-703.jpg?id=5251) !important;background-position: center !important;background-repeat: no-repeat !important;background-size: cover !important;}&#8221;][vc_column]<div class=\"ult-spacer spacer-69efb0334b176\" data-id=\"69efb0334b176\" data-height=\"135\" data-height-mobile=\"90\" data-height-tab=\"135\" data-height-tab-portrait=\"90\" data-height-mobile-landscape=\"90\" style=\"clear:both;display:block;\"><\/div>[vc_row_inner][vc_column_inner offset=&#8221;vc_col-lg-2 vc_col-md-2 vc_col-xs-12&#8243;][\/vc_column_inner][vc_column_inner el_class=&#8221;center-buttons&#8221; offset=&#8221;vc_col-lg-8 vc_col-md-8 vc_col-xs-12&#8243;][vc_column_text el_class=&#8221;cta&#8221;]<\/p>\n<h3 style=\"text-align: center;\">FamFit App is available now<\/h3>\n<h4 style=\"text-align: center;\">Both for Android &amp; Apple<\/h4>\n<p>[\/vc_column_text][vc_empty_space height=&#8221;15px&#8221;][vc_btn title=&#8221;&#8221; style=&#8221;custom&#8221; custom_background=&#8221;#00648f&#8221; custom_text=&#8221;#ffffff&#8221; shape=&#8221;square&#8221; size=&#8221;sm&#8221; i_icon_fontawesome=&#8221;fab fa-apple&#8221; add_icon=&#8221;true&#8221; link=&#8221;url:https%3A%2F%2Fapps.apple.com%2Fus%2Fapp%2Fsport-solution-booking%2Fid499819800|target:_blank|&#8221; el_class=&#8221;custom-button&#8221;][vc_btn title=&#8221;&#8221; style=&#8221;custom&#8221; custom_background=&#8221;#ffffff&#8221; custom_text=&#8221;#00648f&#8221; shape=&#8221;square&#8221; size=&#8221;sm&#8221; i_icon_fontawesome=&#8221;fab fa-android&#8221; add_icon=&#8221;true&#8221; link=&#8221;url:https%3A%2F%2Fplay.google.com%2Fstore%2Fapps%2Fdetails%3Fid%3Dcom.phonegap.sportSolution%26feature%3Dsearch_result%2523%3Ft%253DW251bGwsMSwxLDEsImNvbS5waG9uZWdhcC5zcG9ydFNvbHV0aW9uIl0|target:_blank|&#8221; el_class=&#8221;custom-button&#8221;][\/vc_column_inner][vc_column_inner offset=&#8221;vc_col-lg-2 vc_col-md-2 vc_col-xs-12&#8243;][\/vc_column_inner][\/vc_row_inner]<div class=\"ult-spacer spacer-69efb0334b190\" data-id=\"69efb0334b190\" data-height=\"135\" data-height-mobile=\"90\" data-height-tab=\"135\" data-height-tab-portrait=\"90\" data-height-mobile-landscape=\"90\" style=\"clear:both;display:block;\"><\/div>[\/vc_column][\/vc_row]<\/p>\n<\/div>","protected":false},"excerpt":{"rendered":"<p>Training events with different training focuses<\/p>\n","protected":false},"author":6,"featured_media":0,"parent":0,"menu_order":0,"comment_status":"closed","ping_status":"closed","template":"","meta":{"_acf_changed":false,"footnotes":""},"categories":[172],"class_list":{"0":"post-6075","1":"page","2":"type-page","3":"status-publish","5":"category-engelsk-en"},"acf":[],"yoast_head":"<!-- This site is optimized with the Yoast SEO plugin v27.4 - https:\/\/yoast.com\/product\/yoast-seo-wordpress\/ -->\n<title>Events &#183; FamFit &#183; Outdoor team training &#183; Exercise events and training<\/title>\n<meta name=\"description\" content=\"At FamFit, we regularly organize various exercise events such as running races, training trips, training days and the like.\" \/>\n<meta name=\"robots\" content=\"index, follow, max-snippet:-1, max-image-preview:large, max-video-preview:-1\" \/>\n<link rel=\"canonical\" href=\"https:\/\/famfit.dk\/en\/events\/\" \/>\n<meta property=\"og:locale\" content=\"en_US\" \/>\n<meta property=\"og:type\" content=\"article\" \/>\n<meta property=\"og:title\" content=\"Events &#183; FamFit &#183; Outdoor team training &#183; Exercise events and training\" \/>\n<meta property=\"og:description\" content=\"At FamFit, we regularly organize various exercise events such as running races, training trips, training days and the like.\" \/>\n<meta property=\"og:url\" content=\"https:\/\/famfit.dk\/en\/events\/\" \/>\n<meta property=\"og:site_name\" content=\"FamFit\" \/>\n<meta property=\"article:modified_time\" content=\"2025-07-23T06:59:43+00:00\" \/>\n<meta name=\"twitter:card\" content=\"summary_large_image\" \/>\n<meta name=\"twitter:label1\" content=\"Est. reading time\" \/>\n\t<meta name=\"twitter:data1\" content=\"5 minutes\" \/>\n<script type=\"application\/ld+json\" class=\"yoast-schema-graph\">{\"@context\":\"https:\\\/\\\/schema.org\",\"@graph\":[{\"@type\":\"WebPage\",\"@id\":\"https:\\\/\\\/famfit.dk\\\/en\\\/events\\\/\",\"url\":\"https:\\\/\\\/famfit.dk\\\/en\\\/events\\\/\",\"name\":\"Events &#183; FamFit &#183; Outdoor team training &#183; Exercise events and training\",\"isPartOf\":{\"@id\":\"https:\\\/\\\/famfit.webserver1.dk\\\/#website\"},\"datePublished\":\"2024-04-17T06:27:49+00:00\",\"dateModified\":\"2025-07-23T06:59:43+00:00\",\"description\":\"At FamFit, we regularly organize various exercise events such as running races, training trips, training days and the like.\",\"breadcrumb\":{\"@id\":\"https:\\\/\\\/famfit.dk\\\/en\\\/events\\\/#breadcrumb\"},\"inLanguage\":\"en-US\",\"potentialAction\":[{\"@type\":\"ReadAction\",\"target\":[\"https:\\\/\\\/famfit.dk\\\/en\\\/events\\\/\"]}]},{\"@type\":\"BreadcrumbList\",\"@id\":\"https:\\\/\\\/famfit.dk\\\/en\\\/events\\\/#breadcrumb\",\"itemListElement\":[{\"@type\":\"ListItem\",\"position\":1,\"name\":\"Hjem\",\"item\":\"https:\\\/\\\/famfit.dk\\\/en\\\/\"},{\"@type\":\"ListItem\",\"position\":2,\"name\":\"Events\"}]},{\"@type\":\"WebSite\",\"@id\":\"https:\\\/\\\/famfit.webserver1.dk\\\/#website\",\"url\":\"https:\\\/\\\/famfit.webserver1.dk\\\/\",\"name\":\"FamFit\",\"description\":\"Specialister i udend\u00f8rstr\u00e6ning til firmatr\u00e6ning, seniortr\u00e6ning og holdtr\u00e6ning\",\"publisher\":{\"@id\":\"https:\\\/\\\/famfit.webserver1.dk\\\/#organization\"},\"potentialAction\":[{\"@type\":\"SearchAction\",\"target\":{\"@type\":\"EntryPoint\",\"urlTemplate\":\"https:\\\/\\\/famfit.webserver1.dk\\\/?s={search_term_string}\"},\"query-input\":{\"@type\":\"PropertyValueSpecification\",\"valueRequired\":true,\"valueName\":\"search_term_string\"}}],\"inLanguage\":\"en-US\"},{\"@type\":\"Organization\",\"@id\":\"https:\\\/\\\/famfit.webserver1.dk\\\/#organization\",\"name\":\"FamFit\",\"url\":\"https:\\\/\\\/famfit.webserver1.dk\\\/\",\"logo\":{\"@type\":\"ImageObject\",\"inLanguage\":\"en-US\",\"@id\":\"https:\\\/\\\/famfit.webserver1.dk\\\/#\\\/schema\\\/logo\\\/image\\\/\",\"url\":\"https:\\\/\\\/famfit.dk\\\/wp-content\\\/uploads\\\/2020\\\/11\\\/logo-sort.png\",\"contentUrl\":\"https:\\\/\\\/famfit.dk\\\/wp-content\\\/uploads\\\/2020\\\/11\\\/logo-sort.png\",\"width\":242,\"height\":78,\"caption\":\"FamFit\"},\"image\":{\"@id\":\"https:\\\/\\\/famfit.webserver1.dk\\\/#\\\/schema\\\/logo\\\/image\\\/\"}}]}<\/script>\n<!-- \/ Yoast SEO plugin. -->","yoast_head_json":{"title":"Events &#183; FamFit &#183; Outdoor team training &#183; Exercise events and training","description":"At FamFit, we regularly organize various exercise events such as running races, training trips, training days and the like.","robots":{"index":"index","follow":"follow","max-snippet":"max-snippet:-1","max-image-preview":"max-image-preview:large","max-video-preview":"max-video-preview:-1"},"canonical":"https:\/\/famfit.dk\/en\/events\/","og_locale":"en_US","og_type":"article","og_title":"Events &#183; FamFit &#183; Outdoor team training &#183; Exercise events and training","og_description":"At FamFit, we regularly organize various exercise events such as running races, training trips, training days and the like.","og_url":"https:\/\/famfit.dk\/en\/events\/","og_site_name":"FamFit","article_modified_time":"2025-07-23T06:59:43+00:00","twitter_card":"summary_large_image","twitter_misc":{"Est. reading time":"5 minutes"},"schema":{"@context":"https:\/\/schema.org","@graph":[{"@type":"WebPage","@id":"https:\/\/famfit.dk\/en\/events\/","url":"https:\/\/famfit.dk\/en\/events\/","name":"Events &#183; FamFit &#183; Outdoor team training &#183; Exercise events and training","isPartOf":{"@id":"https:\/\/famfit.webserver1.dk\/#website"},"datePublished":"2024-04-17T06:27:49+00:00","dateModified":"2025-07-23T06:59:43+00:00","description":"At FamFit, we regularly organize various exercise events such as running races, training trips, training days and the like.","breadcrumb":{"@id":"https:\/\/famfit.dk\/en\/events\/#breadcrumb"},"inLanguage":"en-US","potentialAction":[{"@type":"ReadAction","target":["https:\/\/famfit.dk\/en\/events\/"]}]},{"@type":"BreadcrumbList","@id":"https:\/\/famfit.dk\/en\/events\/#breadcrumb","itemListElement":[{"@type":"ListItem","position":1,"name":"Hjem","item":"https:\/\/famfit.dk\/en\/"},{"@type":"ListItem","position":2,"name":"Events"}]},{"@type":"WebSite","@id":"https:\/\/famfit.webserver1.dk\/#website","url":"https:\/\/famfit.webserver1.dk\/","name":"FamFit","description":"Specialister i udend\u00f8rstr\u00e6ning til firmatr\u00e6ning, seniortr\u00e6ning og holdtr\u00e6ning","publisher":{"@id":"https:\/\/famfit.webserver1.dk\/#organization"},"potentialAction":[{"@type":"SearchAction","target":{"@type":"EntryPoint","urlTemplate":"https:\/\/famfit.webserver1.dk\/?s={search_term_string}"},"query-input":{"@type":"PropertyValueSpecification","valueRequired":true,"valueName":"search_term_string"}}],"inLanguage":"en-US"},{"@type":"Organization","@id":"https:\/\/famfit.webserver1.dk\/#organization","name":"FamFit","url":"https:\/\/famfit.webserver1.dk\/","logo":{"@type":"ImageObject","inLanguage":"en-US","@id":"https:\/\/famfit.webserver1.dk\/#\/schema\/logo\/image\/","url":"https:\/\/famfit.dk\/wp-content\/uploads\/2020\/11\/logo-sort.png","contentUrl":"https:\/\/famfit.dk\/wp-content\/uploads\/2020\/11\/logo-sort.png","width":242,"height":78,"caption":"FamFit"},"image":{"@id":"https:\/\/famfit.webserver1.dk\/#\/schema\/logo\/image\/"}}]}},"_links":{"self":[{"href":"https:\/\/famfit.dk\/en\/wp-json\/wp\/v2\/pages\/6075","targetHints":{"allow":["GET"]}}],"collection":[{"href":"https:\/\/famfit.dk\/en\/wp-json\/wp\/v2\/pages"}],"about":[{"href":"https:\/\/famfit.dk\/en\/wp-json\/wp\/v2\/types\/page"}],"author":[{"embeddable":true,"href":"https:\/\/famfit.dk\/en\/wp-json\/wp\/v2\/users\/6"}],"replies":[{"embeddable":true,"href":"https:\/\/famfit.dk\/en\/wp-json\/wp\/v2\/comments?post=6075"}],"version-history":[{"count":2,"href":"https:\/\/famfit.dk\/en\/wp-json\/wp\/v2\/pages\/6075\/revisions"}],"predecessor-version":[{"id":6078,"href":"https:\/\/famfit.dk\/en\/wp-json\/wp\/v2\/pages\/6075\/revisions\/6078"}],"wp:attachment":[{"href":"https:\/\/famfit.dk\/en\/wp-json\/wp\/v2\/media?parent=6075"}],"wp:term":[{"taxonomy":"category","embeddable":true,"href":"https:\/\/famfit.dk\/en\/wp-json\/wp\/v2\/categories?post=6075"}],"curies":[{"name":"wp","href":"https:\/\/api.w.org\/{rel}","templated":true}]}}