{"id":6067,"date":"2024-04-17T08:58:48","date_gmt":"2024-04-17T06:58:48","guid":{"rendered":"https:\/\/famfit.dk\/membership-terms-and-conditions\/"},"modified":"2025-07-23T08:59:43","modified_gmt":"2025-07-23T06:59:43","slug":"membership-terms-and-conditions","status":"publish","type":"page","link":"https:\/\/famfit.dk\/en\/membership-terms-and-conditions\/","title":{"rendered":"Membership terms and conditions"},"content":{"rendered":"<div class=\"wpb-content-wrapper\"><p>[vc_row full_width=&#8221;stretch_row&#8221; el_class=&#8221;custom-faq&#8221;][vc_column]<div class=\"ult-spacer spacer-69efa22843ea4\" data-id=\"69efa22843ea4\" data-height=\"90\" data-height-mobile=\"60\" data-height-tab=\"90\" data-height-tab-portrait=\"60\" data-height-mobile-landscape=\"60\" style=\"clear:both;display:block;\"><\/div>[vc_column_text]<\/p>\n<h1>Membership terms and conditions<\/h1>\n<p>[\/vc_column_text][vc_empty_space height=&#8221;15px&#8221;][vc_row_inner][vc_column_inner width=&#8221;1\/2&#8243;][vc_toggle title=&#8221;\u00a71 MEMBERSHIP&#8221;]Your membership is personal and cannot be transferred to, shared with or used by others. In case of doubt, FamFit may ask to see identification. Please notify us of changes in personal data such as name, address and date of birth by e-mail to <a class=\"custom7\" href=\"mailto:info@famfit.dk\" data-cmp-ab=\"2\">info@famfit.dk<\/a>.[\/vc_toggle][vc_toggle title=&#8221;\u00a72 MEMBERSHIP CONDITIONS&#8221;]FamFit can change the membership terms with a 45-day notice. In the event of a change, we will inform you to the e-mail address you entered when joining FamFit.[\/vc_toggle][vc_toggle title=&#8221;\u00a73 DURATION\/MEMBERSHIP&#8221;]The DIBS agreement (the \u201cFree Training\u201d membership and the \u201cTraining after use\u201d membership) is an ONGOING membership with automatic payment every 1st of the month. The memberships continue until terminated by one of the parties in accordance with \u00a74. A cash purchase such as our voucher product cannot be terminated, but ends automatically when the voucher is used up or the period expires (24 months from the purchase date for vouchers). For whatever reason, no full or partial refunds will be given for prepaid memberships or products.<\/p>\n<p>[\/vc_toggle][vc_toggle title=&#8221;\u00a74 TERMINATION\/AMENDMENT\/REVOCATION&#8221;]The notice period for DIBS membership is the current month (no later than the last weekday before 16.00). This means that if you unsubscribe from FamFit for example d.  02. in a given month, your membership will expire at the end of the month. Similarly, your membership will expire at the end of the month (no later than the last business day before 16:00) if you unsubscribe on the 28th of a given month and so on.  <\/p>\n<p>If you want to change your membership type, it follows the same rules as above. Unfortunately, you can NOT manually make this change in <a class=\"custom7\" href=\"https:\/\/www.famfit.dk\/mit-famfit.aspx\" target=\"_self\" rel=\"noopener\" data-cmp-ab=\"2\">My FamFit.<\/a> <\/p>\n<p>You must send the termination or change in writing to FamFit by e-mail to <a class=\"custom7\" href=\"mailto:info@famfit.dk\" data-cmp-ab=\"2\">info@famfit.dk<\/a> from the same e-mail address that you are registered with FamFit. In the email, you must include your full name and membership number in addition to your termination\/change. The termination is valid from the date of receipt. If there is any doubt as to whether a membership has been terminated, you must be able to prove that a termination has indisputably taken place with a copy of your e-mail termination. So remember to save your resignation ;-).    <\/p>\n<p>Finally, please note that memberships and products can NOT be discontinued during the agreed period.[\/vc_toggle][vc_toggle title=&#8221;\u00a75 PRICE CHANGES&#8221;]FamFit reserves the right to make price changes. Such changes will be notified by e-mail no later than 45 days before the price changes take effect.<\/p>\n<p>[\/vc_toggle][vc_toggle title=&#8221;\u00a76 AVAILABLE SEATS&#8221;]FamFit cannot guarantee availability in the classes created, as classes are filled on a first come, first served basis.<\/p>\n<p>[\/vc_toggle][vc_toggle title=&#8221;\u00a77 ATTENDANCE &amp; CANCELLATIONS&#8221;]Please arrive at least 5 minutes before the start of the class so that we can start the class on time. When you arrive, please state your name and the instructor will check you in via our app. <\/p>\n<p>If a member is prevented from using a class reservation, they must cancel the reservation no later than 2 hours before the start time. If a member; 1) does not cancel a class reservation on time or does not show up at the class no later than 5 min. before the start of the class or 2) fails to cancel no later than 2 hours before the start of the class when the member has been on the waiting list and participation has been confirmed by FamFit, the member will be charged a fee at the applicable rate. If a fee is not paid, FamFit has the right to cancel the membership without notice. Fees are stated in Prices under \u201cOther prices\u201d.      <\/p>\n<p>Class cancellations must be made via \u201cbooking\u201d on My FamFit no later than 2 hours before the class starts. Also remember to delete yourself from any waiting list within the same deadline if you no longer wish to participate in the class. <\/p>\n<p>In case of late cancellation, late arrival or no-show, it is not possible to get a refund for the canceled lesson.[\/vc_toggle][vc_toggle title=&#8221;\u00a78 VALUABLES&#8221;]Valuables should be considered to be left at home &#8211; or brought along so you can carry them with you during training. Unfortunately, FamFit cannot guarantee against loss due to theft or property damage.[\/vc_toggle][vc_toggle title=&#8221;\u00a79 RESPONSIBILITY&#8221;]All training is at your own risk. As a member of FamFit, you are responsible for being in a state of health that allows participation. If in doubt, you should consult your doctor, who is also very welcome to contact us for more information about our approach to training. FamFit does not take responsibility for personal injuries resulting from accidents in connection with the training.[\/vc_toggle][vc_toggle title=&#8221;\u00a710 HOLDING TENDER&#8221;]FamFit has the right to continuously change the number of classes offered. The number of classes depends on the number of members.[\/vc_toggle]<div class=\"ult-spacer spacer-69efa22843eee\" data-id=\"69efa22843eee\" data-height=\"0\" data-height-mobile=\"15\" data-height-tab=\"0\" data-height-tab-portrait=\"0\" data-height-mobile-landscape=\"15\" style=\"clear:both;display:block;\"><\/div>[\/vc_column_inner][vc_column_inner width=&#8221;1\/2&#8243;][vc_toggle title=&#8221;\u00a711 CLASS CANCELLATION &amp; CHANGE OF INSTRUCTOR\/CLASS TYPE&#8221;]FamFit reserves the right to cancel classes or change instructor\/class type on the same day no later than 1 hour before the scheduled start of the class. The reason will typically be illness of the instructor, where we will of course do everything possible to fill the class with another instructor. The reason may also be too few participants.[\/vc_toggle][vc_toggle title=&#8221;\u00a712 RIGHT OF WITHDRAWAL&#8221;]When buying online, you generally have a 14-day right of withdrawal. However, if you choose a start date that is within 14 days, please note that the right of withdrawal expires on the start date.[\/vc_toggle][vc_toggle title=&#8221;\u00a713 QUITTING&#8221;]The receipt for the purchase will be sent to the e-mail address entered. Please note that you are responsible for ensuring that the information entered is correct.<\/p>\n<p>[\/vc_toggle][vc_toggle title=&#8221;\u00a714 CRITERIA FOR SUBSCRIPTION FEATURES&#8221;]Before a debit card withdrawal can occur, the card details must match Nets&#8217; card database. The payment card must be active and it must be possible to complete a transaction on the subscription amount. The payment card used for subscription withdrawals must be able to make transactions online.<\/p>\n<p>[\/vc_toggle][vc_toggle title=&#8221;\u00a715 LATE PAYMENT&#8221;]If the current payment for a DIBS membership is not paid at the agreed time, a reminder letter will be sent to you and a reminder fee will be charged at the applicable rate. If you do not pay within 10 days of the stated due date, FamFit has the right to cancel the membership without notice, and FamFit reserves the right to charge the amount immediately for the remainder of the relevant payment period. Your membership will also be blocked until payment of FamFit&#8217;s outstanding balance has been made. After payment, you can rejoin FamFit&#8217;s classes until the end of the relevant payment period.<\/p>\n<p>[\/vc_toggle][vc_toggle title=&#8221;\u00a716 UPDATING MAP DATA&#8221;]Card data can be updated by logging in to the online booking, My FamFit, and selecting \u201cUser profile\u201d &#8211; \u201cAuthorize payment card\u201d. By contacting FamFit, card details can be renewed or deleted. You are responsible for ensuring that your card data is correct at all times. If this is not complied with, FamFit may inactivate\/terminate the membership without notice.<\/p>\n<p>[\/vc_toggle][vc_toggle title=&#8221;\u00a717 FAMFIT&apos;S RULES&#8221;]The rules of conduct in force at any given time, FamFit&#8217;s rules and instructions given by FamFit&#8217;s staff must always be followed. Violation of this may result in expulsion. Racist or condescending statements will result in immediate expulsion. FamFit may in special cases require the presentation of a medical certificate if it is assessed that the training may be harmful to the member&#8217;s health.   <\/p>\n<p>Please also refer to FamFit&#8217;s <a href=\"https:\/\/famfit.dk\/en\/controller\/\">rules<\/a>.[\/vc_toggle][vc_toggle title=&#8221;\u00a718 EXCLUSION OF A MEMBER&#8221;]FamFit may terminate any membership agreement without further notice. In the event of FamFit&#8217;s termination, unused prepayments will be refunded. If FamFit terminates a membership agreement due to a member&#8217;s material breach of the applicable membership conditions or rules of conduct, no refund of any kind will be made. Substantial breach is considered to include doping and racist statements.[\/vc_toggle][vc_toggle title=&#8221;\u00a719 IMAGES AND VIDEO&#8221;]As a FamFit member, you give FamFit permission to take pictures\/video during FamFit&#8217;s trainings for use in FamFit&#8217;s marketing and online media. Pictures\/video will be from a distance and to give an overall impression of the trainings. FamFit will try to avoid members being directly identifiable in the pictures unless consent is given. If you do NOT want to appear in FamFit&#8217;s pictures, please inform the individual instructor taking the picture\/video (should it happen that you find yourself in a FamFit picture, please contact FamFit and we will immediately delete the picture\/video).[\/vc_toggle][\/vc_column_inner][\/vc_row_inner]<div class=\"ult-spacer spacer-69efa22843f12\" data-id=\"69efa22843f12\" data-height=\"90\" data-height-mobile=\"60\" data-height-tab=\"90\" data-height-tab-portrait=\"60\" data-height-mobile-landscape=\"60\" style=\"clear:both;display:block;\"><\/div>[\/vc_column][\/vc_row][vc_row full_width=&#8221;stretch_row&#8221; el_class=&#8221;white parallax overlay&#8221; css=&#8221;.vc_custom_1713337168397{background-image: url(https:\/\/famfit.dk\/wp-content\/uploads\/2023\/02\/skaermbillede-2016-06-11-kl-112157-714.jpg?id=5253) !important;background-position: center !important;background-repeat: no-repeat !important;background-size: cover !important;}&#8221;][vc_column]<div class=\"ult-spacer spacer-69efa22843f31\" data-id=\"69efa22843f31\" data-height=\"135\" data-height-mobile=\"90\" data-height-tab=\"135\" data-height-tab-portrait=\"90\" data-height-mobile-landscape=\"90\" style=\"clear:both;display:block;\"><\/div>[vc_row_inner][vc_column_inner offset=&#8221;vc_col-lg-2 vc_col-md-2 vc_col-xs-12&#8243;][\/vc_column_inner][vc_column_inner el_class=&#8221;center-buttons&#8221; offset=&#8221;vc_col-lg-8 vc_col-md-8 vc_col-xs-12&#8243;][vc_column_text el_class=&#8221;cta&#8221;]<\/p>\n<h3 style=\"text-align: center;\">FamFit App is available now<\/h3>\n<h4 style=\"text-align: center;\">Both for Android &amp; Apple<\/h4>\n<p>[\/vc_column_text][vc_empty_space height=&#8221;15px&#8221;][vc_btn title=&#8221;&#8221; style=&#8221;custom&#8221; custom_background=&#8221;#00648f&#8221; custom_text=&#8221;#ffffff&#8221; shape=&#8221;square&#8221; size=&#8221;sm&#8221; i_icon_fontawesome=&#8221;fab fa-apple&#8221; add_icon=&#8221;true&#8221; link=&#8221;url:https%3A%2F%2Fapps.apple.com%2Fus%2Fapp%2Fsport-solution-booking%2Fid499819800|target:_blank|&#8221; el_class=&#8221;custom-button&#8221;][vc_btn title=&#8221;&#8221; style=&#8221;custom&#8221; custom_background=&#8221;#ffffff&#8221; custom_text=&#8221;#00648f&#8221; shape=&#8221;square&#8221; size=&#8221;sm&#8221; i_icon_fontawesome=&#8221;fab fa-android&#8221; add_icon=&#8221;true&#8221; link=&#8221;url:https%3A%2F%2Fplay.google.com%2Fstore%2Fapps%2Fdetails%3Fid%3Dcom.phonegap.sportSolution%26feature%3Dsearch_result%2523%3Ft%253DW251bGwsMSwxLDEsImNvbS5waG9uZWdhcC5zcG9ydFNvbHV0aW9uIl0|target:_blank|&#8221; el_class=&#8221;custom-button&#8221;][\/vc_column_inner][vc_column_inner offset=&#8221;vc_col-lg-2 vc_col-md-2 vc_col-xs-12&#8243;][\/vc_column_inner][\/vc_row_inner]<div class=\"ult-spacer spacer-69efa22843f4d\" data-id=\"69efa22843f4d\" data-height=\"135\" data-height-mobile=\"90\" data-height-tab=\"135\" data-height-tab-portrait=\"90\" data-height-mobile-landscape=\"90\" style=\"clear:both;display:block;\"><\/div>[\/vc_column][\/vc_row]<\/p>\n<\/div>","protected":false},"excerpt":{"rendered":"<p>Membership terms and rules  <\/p>\n","protected":false},"author":6,"featured_media":0,"parent":0,"menu_order":0,"comment_status":"closed","ping_status":"closed","template":"","meta":{"_acf_changed":false,"footnotes":""},"categories":[172],"class_list":{"0":"post-6067","1":"page","2":"type-page","3":"status-publish","5":"category-engelsk-en"},"acf":[],"yoast_head":"<!-- This site is optimized with the Yoast SEO plugin v27.4 - https:\/\/yoast.com\/product\/yoast-seo-wordpress\/ -->\n<title>Membership terms and conditions &#183; FamFit &#183; Outdoor team training<\/title>\n<meta name=\"description\" content=\"Read more about our membership terms on this page. If you have any questions about our terms, please feel free to contact us.\" \/>\n<meta name=\"robots\" content=\"index, follow, max-snippet:-1, max-image-preview:large, max-video-preview:-1\" \/>\n<link rel=\"canonical\" href=\"https:\/\/famfit.dk\/en\/membership-terms-and-conditions\/\" \/>\n<meta property=\"og:locale\" content=\"en_US\" \/>\n<meta property=\"og:type\" content=\"article\" \/>\n<meta property=\"og:title\" content=\"Membership terms and conditions &#183; FamFit &#183; Outdoor team training\" \/>\n<meta property=\"og:description\" content=\"Read more about our membership terms on this page. If you have any questions about our terms, please feel free to contact us.\" \/>\n<meta property=\"og:url\" content=\"https:\/\/famfit.dk\/en\/membership-terms-and-conditions\/\" \/>\n<meta property=\"og:site_name\" content=\"FamFit\" \/>\n<meta property=\"article:modified_time\" content=\"2025-07-23T06:59:43+00:00\" \/>\n<meta name=\"twitter:card\" content=\"summary_large_image\" \/>\n<meta name=\"twitter:label1\" content=\"Est. reading time\" \/>\n\t<meta name=\"twitter:data1\" content=\"9 minutes\" \/>\n<script type=\"application\/ld+json\" class=\"yoast-schema-graph\">{\"@context\":\"https:\\\/\\\/schema.org\",\"@graph\":[{\"@type\":\"WebPage\",\"@id\":\"https:\\\/\\\/famfit.dk\\\/en\\\/membership-terms-and-conditions\\\/\",\"url\":\"https:\\\/\\\/famfit.dk\\\/en\\\/membership-terms-and-conditions\\\/\",\"name\":\"Membership terms and conditions &#183; FamFit &#183; Outdoor team training\",\"isPartOf\":{\"@id\":\"https:\\\/\\\/famfit.webserver1.dk\\\/#website\"},\"datePublished\":\"2024-04-17T06:58:48+00:00\",\"dateModified\":\"2025-07-23T06:59:43+00:00\",\"description\":\"Read more about our membership terms on this page. If you have any questions about our terms, please feel free to contact us.\",\"breadcrumb\":{\"@id\":\"https:\\\/\\\/famfit.dk\\\/en\\\/membership-terms-and-conditions\\\/#breadcrumb\"},\"inLanguage\":\"en-US\",\"potentialAction\":[{\"@type\":\"ReadAction\",\"target\":[\"https:\\\/\\\/famfit.dk\\\/en\\\/membership-terms-and-conditions\\\/\"]}]},{\"@type\":\"BreadcrumbList\",\"@id\":\"https:\\\/\\\/famfit.dk\\\/en\\\/membership-terms-and-conditions\\\/#breadcrumb\",\"itemListElement\":[{\"@type\":\"ListItem\",\"position\":1,\"name\":\"Hjem\",\"item\":\"https:\\\/\\\/famfit.dk\\\/en\\\/\"},{\"@type\":\"ListItem\",\"position\":2,\"name\":\"Membership terms and conditions\"}]},{\"@type\":\"WebSite\",\"@id\":\"https:\\\/\\\/famfit.webserver1.dk\\\/#website\",\"url\":\"https:\\\/\\\/famfit.webserver1.dk\\\/\",\"name\":\"FamFit\",\"description\":\"Specialister i udend\u00f8rstr\u00e6ning til firmatr\u00e6ning, seniortr\u00e6ning og holdtr\u00e6ning\",\"publisher\":{\"@id\":\"https:\\\/\\\/famfit.webserver1.dk\\\/#organization\"},\"potentialAction\":[{\"@type\":\"SearchAction\",\"target\":{\"@type\":\"EntryPoint\",\"urlTemplate\":\"https:\\\/\\\/famfit.webserver1.dk\\\/?s={search_term_string}\"},\"query-input\":{\"@type\":\"PropertyValueSpecification\",\"valueRequired\":true,\"valueName\":\"search_term_string\"}}],\"inLanguage\":\"en-US\"},{\"@type\":\"Organization\",\"@id\":\"https:\\\/\\\/famfit.webserver1.dk\\\/#organization\",\"name\":\"FamFit\",\"url\":\"https:\\\/\\\/famfit.webserver1.dk\\\/\",\"logo\":{\"@type\":\"ImageObject\",\"inLanguage\":\"en-US\",\"@id\":\"https:\\\/\\\/famfit.webserver1.dk\\\/#\\\/schema\\\/logo\\\/image\\\/\",\"url\":\"https:\\\/\\\/famfit.dk\\\/wp-content\\\/uploads\\\/2020\\\/11\\\/logo-sort.png\",\"contentUrl\":\"https:\\\/\\\/famfit.dk\\\/wp-content\\\/uploads\\\/2020\\\/11\\\/logo-sort.png\",\"width\":242,\"height\":78,\"caption\":\"FamFit\"},\"image\":{\"@id\":\"https:\\\/\\\/famfit.webserver1.dk\\\/#\\\/schema\\\/logo\\\/image\\\/\"}}]}<\/script>\n<!-- \/ Yoast SEO plugin. -->","yoast_head_json":{"title":"Membership terms and conditions &#183; FamFit &#183; Outdoor team training","description":"Read more about our membership terms on this page. If you have any questions about our terms, please feel free to contact us.","robots":{"index":"index","follow":"follow","max-snippet":"max-snippet:-1","max-image-preview":"max-image-preview:large","max-video-preview":"max-video-preview:-1"},"canonical":"https:\/\/famfit.dk\/en\/membership-terms-and-conditions\/","og_locale":"en_US","og_type":"article","og_title":"Membership terms and conditions &#183; FamFit &#183; Outdoor team training","og_description":"Read more about our membership terms on this page. If you have any questions about our terms, please feel free to contact us.","og_url":"https:\/\/famfit.dk\/en\/membership-terms-and-conditions\/","og_site_name":"FamFit","article_modified_time":"2025-07-23T06:59:43+00:00","twitter_card":"summary_large_image","twitter_misc":{"Est. reading time":"9 minutes"},"schema":{"@context":"https:\/\/schema.org","@graph":[{"@type":"WebPage","@id":"https:\/\/famfit.dk\/en\/membership-terms-and-conditions\/","url":"https:\/\/famfit.dk\/en\/membership-terms-and-conditions\/","name":"Membership terms and conditions &#183; FamFit &#183; Outdoor team training","isPartOf":{"@id":"https:\/\/famfit.webserver1.dk\/#website"},"datePublished":"2024-04-17T06:58:48+00:00","dateModified":"2025-07-23T06:59:43+00:00","description":"Read more about our membership terms on this page. If you have any questions about our terms, please feel free to contact us.","breadcrumb":{"@id":"https:\/\/famfit.dk\/en\/membership-terms-and-conditions\/#breadcrumb"},"inLanguage":"en-US","potentialAction":[{"@type":"ReadAction","target":["https:\/\/famfit.dk\/en\/membership-terms-and-conditions\/"]}]},{"@type":"BreadcrumbList","@id":"https:\/\/famfit.dk\/en\/membership-terms-and-conditions\/#breadcrumb","itemListElement":[{"@type":"ListItem","position":1,"name":"Hjem","item":"https:\/\/famfit.dk\/en\/"},{"@type":"ListItem","position":2,"name":"Membership terms and conditions"}]},{"@type":"WebSite","@id":"https:\/\/famfit.webserver1.dk\/#website","url":"https:\/\/famfit.webserver1.dk\/","name":"FamFit","description":"Specialister i udend\u00f8rstr\u00e6ning til firmatr\u00e6ning, seniortr\u00e6ning og holdtr\u00e6ning","publisher":{"@id":"https:\/\/famfit.webserver1.dk\/#organization"},"potentialAction":[{"@type":"SearchAction","target":{"@type":"EntryPoint","urlTemplate":"https:\/\/famfit.webserver1.dk\/?s={search_term_string}"},"query-input":{"@type":"PropertyValueSpecification","valueRequired":true,"valueName":"search_term_string"}}],"inLanguage":"en-US"},{"@type":"Organization","@id":"https:\/\/famfit.webserver1.dk\/#organization","name":"FamFit","url":"https:\/\/famfit.webserver1.dk\/","logo":{"@type":"ImageObject","inLanguage":"en-US","@id":"https:\/\/famfit.webserver1.dk\/#\/schema\/logo\/image\/","url":"https:\/\/famfit.dk\/wp-content\/uploads\/2020\/11\/logo-sort.png","contentUrl":"https:\/\/famfit.dk\/wp-content\/uploads\/2020\/11\/logo-sort.png","width":242,"height":78,"caption":"FamFit"},"image":{"@id":"https:\/\/famfit.webserver1.dk\/#\/schema\/logo\/image\/"}}]}},"_links":{"self":[{"href":"https:\/\/famfit.dk\/en\/wp-json\/wp\/v2\/pages\/6067","targetHints":{"allow":["GET"]}}],"collection":[{"href":"https:\/\/famfit.dk\/en\/wp-json\/wp\/v2\/pages"}],"about":[{"href":"https:\/\/famfit.dk\/en\/wp-json\/wp\/v2\/types\/page"}],"author":[{"embeddable":true,"href":"https:\/\/famfit.dk\/en\/wp-json\/wp\/v2\/users\/6"}],"replies":[{"embeddable":true,"href":"https:\/\/famfit.dk\/en\/wp-json\/wp\/v2\/comments?post=6067"}],"version-history":[{"count":2,"href":"https:\/\/famfit.dk\/en\/wp-json\/wp\/v2\/pages\/6067\/revisions"}],"predecessor-version":[{"id":6071,"href":"https:\/\/famfit.dk\/en\/wp-json\/wp\/v2\/pages\/6067\/revisions\/6071"}],"wp:attachment":[{"href":"https:\/\/famfit.dk\/en\/wp-json\/wp\/v2\/media?parent=6067"}],"wp:term":[{"taxonomy":"category","embeddable":true,"href":"https:\/\/famfit.dk\/en\/wp-json\/wp\/v2\/categories?post=6067"}],"curies":[{"name":"wp","href":"https:\/\/api.w.org\/{rel}","templated":true}]}}