{"id":6066,"date":"2024-04-17T09:03:08","date_gmt":"2024-04-17T07:03:08","guid":{"rendered":"https:\/\/famfit.dk\/become-a-trainer-at-famfit\/"},"modified":"2025-07-23T08:59:42","modified_gmt":"2025-07-23T06:59:42","slug":"become-a-trainer-at-famfit","status":"publish","type":"page","link":"https:\/\/famfit.dk\/en\/become-a-trainer-at-famfit\/","title":{"rendered":"Become a trainer at FamFit"},"content":{"rendered":"<div class=\"wpb-content-wrapper\"><p>[vc_row full_width=&#8221;stretch_row&#8221;][vc_column]<div class=\"ult-spacer spacer-69ef8b3582914\" data-id=\"69ef8b3582914\" data-height=\"90\" data-height-mobile=\"60\" data-height-tab=\"90\" data-height-tab-portrait=\"60\" data-height-mobile-landscape=\"60\" style=\"clear:both;display:block;\"><\/div>[vc_row_inner][vc_column_inner offset=&#8221;vc_col-lg-8 vc_col-md-8 vc_col-xs-12&#8243;][vc_column_text]<\/p>\n<h2>Vacancies at FamFit<\/h2>\n<h4>FamFit is an exercise concept in constant development. If you want to work with people, health and exercise in one of Denmark&#8217;s most exciting entrepreneurial companies, we look forward to hearing from you.<\/h4>\n<div class=\"column step-3-12\">\n<div id=\"site-container-16971\" class=\"Container ModuleElement Textarea AutoResizable con-229 \" data-snap=\"1\" data-containertype=\"Textarea\" data-moduleelement=\"8108\">\n<div class=\"Module-8108 Textarea\">\n<h3>INSTRUCTOR<\/h3>\n<p>FamFit is always looking for dedicated and well-trained fitness instructors and trainers to join our supplier portfolio. As an instructor at FamFit, it&#8217;s all about planning and executing awesome group workouts for our members at our various outdoor locations in Copenhagen.<\/p>\n<p>As a FamFit instructor, you will have the opportunity to expand your CV, develop your communication and training skills and learn how to use nature as a training center.<\/p>\n<p>We are looking for instructors who can check the boxes below:<\/p>\n<ul>\n<li>You are likely to be a student or former student in a sports science or physiotherapy program and have a relatively flexible schedule both in the mornings and afternoons<\/li>\n<li>You are an active person who finds it interesting to create inspiring training programs and improve your skills<\/li>\n<li>You are outgoing, energetic and enjoy motivating others<\/li>\n<li>You are creative and want to constantly expand your knowledge about outdoor training<\/li>\n<\/ul>\n<\/div>\n<\/div>\n<\/div>\n<div class=\"column step-3-12\">\n<div id=\"site-container-17053\" class=\"Container ModuleElement Textarea AutoResizable con-230 \" data-snap=\"1\" data-containertype=\"Textarea\" data-moduleelement=\"8148\">\n<div class=\"Module-8148 Textarea\">\n<p><strong>Our workplace<\/strong><\/p>\n<p>We do our very best to be an attractive workplace &#8211; both for current and future employees. We can offer<\/p>\n<ul>\n<li>A high-tech foundation that makes our employees&#8217; lives easier<\/li>\n<li>A strong entrepreneurial spirit with the attitude that those who can, and want to, should be allowed<\/li>\n<li>We emphasize the importance of social activities and good relationships, i.e. a unique work environment<\/li>\n<li>We don&#8217;t forget to maintain focus on visionary and innovative ways of thinking and working<\/li>\n<\/ul>\n<p>If you want to be part of the FamFit team, send an email with your application and CV to: <a class=\"custom7\" href=\"mailto:info@famfit.dk\" data-cmp-ab=\"2\">info@famfit.dk<\/a><\/p>\n<p>All applications are of course treated confidentially and are therefore not disclosed to anyone other than those involved in recruitment at FamFit.<\/p>\n<\/div>\n<\/div>\n<\/div>\n<div class=\"column step-3-12\">\n<div id=\"site-container-17054\" class=\"Container ModuleElement Image con-227 \" data-snap=\"1\" data-containertype=\"Image\" data-moduleelement=\"8105\">\n<div><\/div>\n<\/div>\n<\/div>\n<p>[\/vc_column_text][\/vc_column_inner][vc_column_inner offset=&#8221;vc_col-lg-4 vc_col-md-4 vc_col-xs-12&#8243;][\/vc_column_inner][\/vc_row_inner]<div class=\"ult-spacer spacer-69ef8b358295e\" data-id=\"69ef8b358295e\" data-height=\"90\" data-height-mobile=\"60\" data-height-tab=\"90\" data-height-tab-portrait=\"60\" data-height-mobile-landscape=\"60\" style=\"clear:both;display:block;\"><\/div>[\/vc_column][\/vc_row][vc_row full_width=&#8221;stretch_row&#8221; el_class=&#8221;white parallax overlay&#8221; css=&#8221;.vc_custom_1713335041854{background-image: url(https:\/\/famfit.dk\/wp-content\/uploads\/2023\/02\/skaermbillede-2016-06-11-kl-112258-703.jpg?id=5251) !important;background-position: center !important;background-repeat: no-repeat !important;background-size: cover !important;}&#8221;][vc_column]<div class=\"ult-spacer spacer-69ef8b358298b\" data-id=\"69ef8b358298b\" data-height=\"135\" data-height-mobile=\"90\" data-height-tab=\"135\" data-height-tab-portrait=\"90\" data-height-mobile-landscape=\"90\" style=\"clear:both;display:block;\"><\/div>[vc_row_inner][vc_column_inner offset=&#8221;vc_col-lg-2 vc_col-md-2 vc_col-xs-12&#8243;][\/vc_column_inner][vc_column_inner el_class=&#8221;center-buttons&#8221; offset=&#8221;vc_col-lg-8 vc_col-md-8 vc_col-xs-12&#8243;][vc_column_text el_class=&#8221;cta&#8221;]<\/p>\n<h3 style=\"text-align: center;\">FamFit App is available now<\/h3>\n<h4 style=\"text-align: center;\">Both for Android &amp; Apple<\/h4>\n<p>[\/vc_column_text][vc_empty_space height=&#8221;15px&#8221;][vc_btn title=&#8221;&#8221; style=&#8221;custom&#8221; custom_background=&#8221;#00648f&#8221; custom_text=&#8221;#ffffff&#8221; shape=&#8221;square&#8221; size=&#8221;sm&#8221; i_icon_fontawesome=&#8221;fab fa-apple&#8221; add_icon=&#8221;true&#8221; link=&#8221;url:https%3A%2F%2Fapps.apple.com%2Fus%2Fapp%2Fsport-solution-booking%2Fid499819800|target:_blank|&#8221; el_class=&#8221;custom-button&#8221;][vc_btn title=&#8221;&#8221; style=&#8221;custom&#8221; custom_background=&#8221;#ffffff&#8221; custom_text=&#8221;#00648f&#8221; shape=&#8221;square&#8221; size=&#8221;sm&#8221; i_icon_fontawesome=&#8221;fab fa-android&#8221; add_icon=&#8221;true&#8221; link=&#8221;url:https%3A%2F%2Fplay.google.com%2Fstore%2Fapps%2Fdetails%3Fid%3Dcom.phonegap.sportSolution%26feature%3Dsearch_result%2523%3Ft%253DW251bGwsMSwxLDEsImNvbS5waG9uZWdhcC5zcG9ydFNvbHV0aW9uIl0|target:_blank|&#8221; el_class=&#8221;custom-button&#8221;][\/vc_column_inner][vc_column_inner offset=&#8221;vc_col-lg-2 vc_col-md-2 vc_col-xs-12&#8243;][\/vc_column_inner][\/vc_row_inner]<div class=\"ult-spacer spacer-69ef8b35829b0\" data-id=\"69ef8b35829b0\" data-height=\"135\" data-height-mobile=\"90\" data-height-tab=\"135\" data-height-tab-portrait=\"90\" data-height-mobile-landscape=\"90\" style=\"clear:both;display:block;\"><\/div>[\/vc_column][\/vc_row]<\/p>\n<\/div>","protected":false},"excerpt":{"rendered":"<p>Become a FamFit instructor and be part of a strong team of instructors delivering outdoor group training<\/p>\n","protected":false},"author":6,"featured_media":0,"parent":0,"menu_order":0,"comment_status":"closed","ping_status":"closed","template":"","meta":{"_acf_changed":false,"footnotes":""},"categories":[172],"class_list":{"0":"post-6066","1":"page","2":"type-page","3":"status-publish","5":"category-engelsk-en"},"acf":[],"yoast_head":"<!-- This site is optimized with the Yoast SEO plugin v27.4 - https:\/\/yoast.com\/product\/yoast-seo-wordpress\/ -->\n<title>Become a trainer at FamFit &#183; FamFit<\/title>\n<meta name=\"description\" content=\"Are you passionate about outdoor team training? Then FamFit might be the right workplace for you. At FamFit, we teach outdoor training all year round.\" \/>\n<meta name=\"robots\" content=\"index, follow, max-snippet:-1, max-image-preview:large, max-video-preview:-1\" \/>\n<link rel=\"canonical\" href=\"https:\/\/famfit.dk\/en\/become-a-trainer-at-famfit\/\" \/>\n<meta property=\"og:locale\" content=\"en_US\" \/>\n<meta property=\"og:type\" content=\"article\" \/>\n<meta property=\"og:title\" content=\"Become a trainer at FamFit &#183; FamFit\" \/>\n<meta property=\"og:description\" content=\"Are you passionate about outdoor team training? Then FamFit might be the right workplace for you. At FamFit, we teach outdoor training all year round.\" \/>\n<meta property=\"og:url\" content=\"https:\/\/famfit.dk\/en\/become-a-trainer-at-famfit\/\" \/>\n<meta property=\"og:site_name\" content=\"FamFit\" \/>\n<meta property=\"article:modified_time\" content=\"2025-07-23T06:59:42+00:00\" \/>\n<meta name=\"twitter:card\" content=\"summary_large_image\" \/>\n<meta name=\"twitter:label1\" content=\"Est. reading time\" \/>\n\t<meta name=\"twitter:data1\" content=\"3 minutes\" \/>\n<script type=\"application\/ld+json\" class=\"yoast-schema-graph\">{\"@context\":\"https:\\\/\\\/schema.org\",\"@graph\":[{\"@type\":\"WebPage\",\"@id\":\"https:\\\/\\\/famfit.dk\\\/en\\\/become-a-trainer-at-famfit\\\/\",\"url\":\"https:\\\/\\\/famfit.dk\\\/en\\\/become-a-trainer-at-famfit\\\/\",\"name\":\"Become a trainer at FamFit &#183; FamFit\",\"isPartOf\":{\"@id\":\"https:\\\/\\\/famfit.webserver1.dk\\\/#website\"},\"datePublished\":\"2024-04-17T07:03:08+00:00\",\"dateModified\":\"2025-07-23T06:59:42+00:00\",\"description\":\"Are you passionate about outdoor team training? Then FamFit might be the right workplace for you. At FamFit, we teach outdoor training all year round.\",\"breadcrumb\":{\"@id\":\"https:\\\/\\\/famfit.dk\\\/en\\\/become-a-trainer-at-famfit\\\/#breadcrumb\"},\"inLanguage\":\"en-US\",\"potentialAction\":[{\"@type\":\"ReadAction\",\"target\":[\"https:\\\/\\\/famfit.dk\\\/en\\\/become-a-trainer-at-famfit\\\/\"]}]},{\"@type\":\"BreadcrumbList\",\"@id\":\"https:\\\/\\\/famfit.dk\\\/en\\\/become-a-trainer-at-famfit\\\/#breadcrumb\",\"itemListElement\":[{\"@type\":\"ListItem\",\"position\":1,\"name\":\"Hjem\",\"item\":\"https:\\\/\\\/famfit.dk\\\/en\\\/\"},{\"@type\":\"ListItem\",\"position\":2,\"name\":\"Become a trainer at FamFit\"}]},{\"@type\":\"WebSite\",\"@id\":\"https:\\\/\\\/famfit.webserver1.dk\\\/#website\",\"url\":\"https:\\\/\\\/famfit.webserver1.dk\\\/\",\"name\":\"FamFit\",\"description\":\"Specialister i udend\u00f8rstr\u00e6ning til firmatr\u00e6ning, seniortr\u00e6ning og holdtr\u00e6ning\",\"publisher\":{\"@id\":\"https:\\\/\\\/famfit.webserver1.dk\\\/#organization\"},\"potentialAction\":[{\"@type\":\"SearchAction\",\"target\":{\"@type\":\"EntryPoint\",\"urlTemplate\":\"https:\\\/\\\/famfit.webserver1.dk\\\/?s={search_term_string}\"},\"query-input\":{\"@type\":\"PropertyValueSpecification\",\"valueRequired\":true,\"valueName\":\"search_term_string\"}}],\"inLanguage\":\"en-US\"},{\"@type\":\"Organization\",\"@id\":\"https:\\\/\\\/famfit.webserver1.dk\\\/#organization\",\"name\":\"FamFit\",\"url\":\"https:\\\/\\\/famfit.webserver1.dk\\\/\",\"logo\":{\"@type\":\"ImageObject\",\"inLanguage\":\"en-US\",\"@id\":\"https:\\\/\\\/famfit.webserver1.dk\\\/#\\\/schema\\\/logo\\\/image\\\/\",\"url\":\"https:\\\/\\\/famfit.dk\\\/wp-content\\\/uploads\\\/2020\\\/11\\\/logo-sort.png\",\"contentUrl\":\"https:\\\/\\\/famfit.dk\\\/wp-content\\\/uploads\\\/2020\\\/11\\\/logo-sort.png\",\"width\":242,\"height\":78,\"caption\":\"FamFit\"},\"image\":{\"@id\":\"https:\\\/\\\/famfit.webserver1.dk\\\/#\\\/schema\\\/logo\\\/image\\\/\"}}]}<\/script>\n<!-- \/ Yoast SEO plugin. -->","yoast_head_json":{"title":"Become a trainer at FamFit &#183; FamFit","description":"Are you passionate about outdoor team training? Then FamFit might be the right workplace for you. At FamFit, we teach outdoor training all year round.","robots":{"index":"index","follow":"follow","max-snippet":"max-snippet:-1","max-image-preview":"max-image-preview:large","max-video-preview":"max-video-preview:-1"},"canonical":"https:\/\/famfit.dk\/en\/become-a-trainer-at-famfit\/","og_locale":"en_US","og_type":"article","og_title":"Become a trainer at FamFit &#183; FamFit","og_description":"Are you passionate about outdoor team training? Then FamFit might be the right workplace for you. At FamFit, we teach outdoor training all year round.","og_url":"https:\/\/famfit.dk\/en\/become-a-trainer-at-famfit\/","og_site_name":"FamFit","article_modified_time":"2025-07-23T06:59:42+00:00","twitter_card":"summary_large_image","twitter_misc":{"Est. reading time":"3 minutes"},"schema":{"@context":"https:\/\/schema.org","@graph":[{"@type":"WebPage","@id":"https:\/\/famfit.dk\/en\/become-a-trainer-at-famfit\/","url":"https:\/\/famfit.dk\/en\/become-a-trainer-at-famfit\/","name":"Become a trainer at FamFit &#183; FamFit","isPartOf":{"@id":"https:\/\/famfit.webserver1.dk\/#website"},"datePublished":"2024-04-17T07:03:08+00:00","dateModified":"2025-07-23T06:59:42+00:00","description":"Are you passionate about outdoor team training? Then FamFit might be the right workplace for you. At FamFit, we teach outdoor training all year round.","breadcrumb":{"@id":"https:\/\/famfit.dk\/en\/become-a-trainer-at-famfit\/#breadcrumb"},"inLanguage":"en-US","potentialAction":[{"@type":"ReadAction","target":["https:\/\/famfit.dk\/en\/become-a-trainer-at-famfit\/"]}]},{"@type":"BreadcrumbList","@id":"https:\/\/famfit.dk\/en\/become-a-trainer-at-famfit\/#breadcrumb","itemListElement":[{"@type":"ListItem","position":1,"name":"Hjem","item":"https:\/\/famfit.dk\/en\/"},{"@type":"ListItem","position":2,"name":"Become a trainer at FamFit"}]},{"@type":"WebSite","@id":"https:\/\/famfit.webserver1.dk\/#website","url":"https:\/\/famfit.webserver1.dk\/","name":"FamFit","description":"Specialister i udend\u00f8rstr\u00e6ning til firmatr\u00e6ning, seniortr\u00e6ning og holdtr\u00e6ning","publisher":{"@id":"https:\/\/famfit.webserver1.dk\/#organization"},"potentialAction":[{"@type":"SearchAction","target":{"@type":"EntryPoint","urlTemplate":"https:\/\/famfit.webserver1.dk\/?s={search_term_string}"},"query-input":{"@type":"PropertyValueSpecification","valueRequired":true,"valueName":"search_term_string"}}],"inLanguage":"en-US"},{"@type":"Organization","@id":"https:\/\/famfit.webserver1.dk\/#organization","name":"FamFit","url":"https:\/\/famfit.webserver1.dk\/","logo":{"@type":"ImageObject","inLanguage":"en-US","@id":"https:\/\/famfit.webserver1.dk\/#\/schema\/logo\/image\/","url":"https:\/\/famfit.dk\/wp-content\/uploads\/2020\/11\/logo-sort.png","contentUrl":"https:\/\/famfit.dk\/wp-content\/uploads\/2020\/11\/logo-sort.png","width":242,"height":78,"caption":"FamFit"},"image":{"@id":"https:\/\/famfit.webserver1.dk\/#\/schema\/logo\/image\/"}}]}},"_links":{"self":[{"href":"https:\/\/famfit.dk\/en\/wp-json\/wp\/v2\/pages\/6066","targetHints":{"allow":["GET"]}}],"collection":[{"href":"https:\/\/famfit.dk\/en\/wp-json\/wp\/v2\/pages"}],"about":[{"href":"https:\/\/famfit.dk\/en\/wp-json\/wp\/v2\/types\/page"}],"author":[{"embeddable":true,"href":"https:\/\/famfit.dk\/en\/wp-json\/wp\/v2\/users\/6"}],"replies":[{"embeddable":true,"href":"https:\/\/famfit.dk\/en\/wp-json\/wp\/v2\/comments?post=6066"}],"version-history":[{"count":2,"href":"https:\/\/famfit.dk\/en\/wp-json\/wp\/v2\/pages\/6066\/revisions"}],"predecessor-version":[{"id":6069,"href":"https:\/\/famfit.dk\/en\/wp-json\/wp\/v2\/pages\/6066\/revisions\/6069"}],"wp:attachment":[{"href":"https:\/\/famfit.dk\/en\/wp-json\/wp\/v2\/media?parent=6066"}],"wp:term":[{"taxonomy":"category","embeddable":true,"href":"https:\/\/famfit.dk\/en\/wp-json\/wp\/v2\/categories?post=6066"}],"curies":[{"name":"wp","href":"https:\/\/api.w.org\/{rel}","templated":true}]}}