{"id":6062,"date":"2025-06-05T12:00:08","date_gmt":"2025-06-05T10:00:08","guid":{"rendered":"https:\/\/famfit.dk\/mother-and-child-training\/"},"modified":"2025-07-23T08:59:45","modified_gmt":"2025-07-23T06:59:45","slug":"mother-and-child-training","status":"publish","type":"page","link":"https:\/\/famfit.dk\/en\/mother-and-child-training\/","title":{"rendered":"Mother and Child training"},"content":{"rendered":"<div class=\"wpb-content-wrapper\"><p>[vc_row full_width=&#8221;stretch_row&#8221;][vc_column]<div class=\"ult-spacer spacer-69efb138aa767\" data-id=\"69efb138aa767\" data-height=\"90\" data-height-mobile=\"60\" data-height-tab=\"90\" data-height-tab-portrait=\"60\" data-height-mobile-landscape=\"60\" style=\"clear:both;display:block;\"><\/div>[vc_column_text css=&#8221;&#8221;]<\/p>\n<h1>Mom\/Child training &#8211; get back in shape.<\/h1>\n<p>[\/vc_column_text][vc_empty_space height=&#8221;30px&#8221;][vc_separator color=&#8221;custom&#8221; accent_color=&#8221;rgba(0,0,0,0.1)&#8221;]<div class=\"ult-spacer spacer-69efb138aa7ac\" data-id=\"69efb138aa7ac\" data-height=\"45\" data-height-mobile=\"30\" data-height-tab=\"45\" data-height-tab-portrait=\"30\" data-height-mobile-landscape=\"30\" style=\"clear:both;display:block;\"><\/div>[vc_row_inner][vc_column_inner offset=&#8221;vc_col-lg-8 vc_col-md-8 vc_col-xs-12&#8243;][vc_column_text css=&#8221;&#8221;]Are you a new mom and ready to get your energy and strength back?[\/vc_column_text][vc_empty_space height=&#8221;15px&#8221;][vc_column_text css=&#8221;&#8221;]<\/p>\n<h2>Mom and Baby classes for postpartum training<\/h2>\n<p>FamFit offers safe and effective mother-child training where you can strengthen your body after pregnancy with the safe guidance of our instructors &#8211; without having to do without your baby.<br \/>\nWork out in a friendly environment with other moms and work up a sweat and put a smile on your face.[\/vc_column_text][vc_empty_space height=&#8221;15px&#8221;][vc_column_text css=&#8221;&#8221;]<\/p>\n<h2>Mother\/Child training in Copenhagen and Frederiksberg<\/h2>\n<p>FamFit is constantly opening new classes in new locations. Our classes take place in Copenhagen as well as in Frederiksberg and Amager. <\/p>\n<p>Find your mom\/child team, see <a href=\"https:\/\/famfit.dk\/ugeplan\/\">the weekly schedule here<\/a>.[\/vc_column_text]<div class=\"ult-spacer spacer-69efb138aa7d1\" data-id=\"69efb138aa7d1\" data-height=\"0\" data-height-mobile=\"30\" data-height-tab=\"0\" data-height-tab-portrait=\"30\" data-height-mobile-landscape=\"30\" style=\"clear:both;display:block;\"><\/div>[\/vc_column_inner][vc_column_inner offset=&#8221;vc_col-lg-4 vc_col-md-4 vc_col-xs-12&#8243;][vc_widget_sidebar sidebar_id=&#8221;sidebar-1&#8243; el_class=&#8221;contact-sidebar&#8221;][\/vc_column_inner][\/vc_row_inner]<div class=\"ult-spacer spacer-69efb138aa7f2\" data-id=\"69efb138aa7f2\" data-height=\"60\" data-height-mobile=\"30\" data-height-tab=\"60\" data-height-tab-portrait=\"30\" data-height-mobile-landscape=\"30\" style=\"clear:both;display:block;\"><\/div>[vc_media_grid gap=&#8221;20&#8243; css=&#8221;&#8221; grid_id=&#8221;vc_gid:1750362440295-5e478f9e-2092-5&#8243; include=&#8221;6040,6030,6045&#8243;]<div class=\"ult-spacer spacer-69efb138aa811\" data-id=\"69efb138aa811\" data-height=\"90\" data-height-mobile=\"60\" data-height-tab=\"90\" data-height-tab-portrait=\"60\" data-height-mobile-landscape=\"60\" style=\"clear:both;display:block;\"><\/div>[\/vc_column][\/vc_row][vc_row full_width=&#8221;stretch_row&#8221;][vc_column][vc_column_text css=&#8221;&#8221; el_class=&#8221;cta&#8221;]<\/p>\n<h2>Read more about our Mother\/Child training classes here:<\/h2>\n<p>[\/vc_column_text][vc_empty_space height=&#8221;30px&#8221;][vc_separator color=&#8221;custom&#8221; accent_color=&#8221;rgba(0,0,0,0.1)&#8221;]<div class=\"ult-spacer spacer-69efb138aa82e\" data-id=\"69efb138aa82e\" data-height=\"45\" data-height-mobile=\"30\" data-height-tab=\"45\" data-height-tab-portrait=\"30\" data-height-mobile-landscape=\"30\" style=\"clear:both;display:block;\"><\/div>[vc_row_inner][vc_column_inner offset=&#8221;vc_col-md-6&#8243;][vc_column_text css=&#8221;&#8221;]<\/p>\n<h2>Mother and Child training<\/h2>\n<p><span class=\"relative -mx-px my-[-0.2rem] rounded px-px py-[0.2rem] transition-colors duration-100 ease-in-out\">FamFit&#8217;s Mother and Child training is our offer for new mothers who want to rebuild their strength and energy after giving birth &#8211; and at the same time have the opportunity to strengthen the bond with your child through training.<\/span><\/p>\n<p><span class=\"relative -mx-px my-[-0.2rem] rounded px-px py-[0.2rem] transition-colors duration-100 ease-in-out\">Mother\/Child training combines physical activity with presence and space to take care of the children along the way, making mother-child training a positive experience for both mothers and children.<\/span>[\/vc_column_text][vc_empty_space height=&#8221;30px&#8221;][vc_column_text css=&#8221;&#8221;]<\/p>\n<h2>How mother\/child training works<\/h2>\n<p data-start=\"195\" data-end=\"585\">Our mom &amp; baby classes are created with you and your baby in focus.<br \/>\nThe training combines gentle and effective strength training for the whole body with light cardio &#8211; all adapted to your body after pregnancy and birth.<\/p>\n<p data-start=\"195\" data-end=\"585\">At the start, we will go through a thorough review of how to activate your pelvic floor correctly and give you the necessary knowledge about abdominal muscle function and rehabilitation.<\/p>\n<p data-start=\"587\" data-end=\"886\">At FamFit, we believe that all moms &#8211; regardless of their starting point &#8211; should be able to participate. That&#8217;s why we always adapt the training to your needs and your everyday life. Our classes are small to ensure a safe and calm atmosphere, where there is room for both sweat and intimacy with your child.  <\/p>\n<p>[\/vc_column_text][vc_empty_space height=&#8221;30px&#8221;][vc_btn title=&#8221;See where we train&#8221; style=&#8221;custom&#8221; custom_background=&#8221;#0b364b&#8221; custom_text=&#8221;#ffffff&#8221; shape=&#8221;square&#8221; align=&#8221;left&#8221; link=&#8221;url:https%3A%2F%2Ffamfit.dk%2Ffind-din-famfit-traening%2F|title:Find%20your%20FamFit%20workout|&#8221;]<div class=\"ult-spacer spacer-69efb138aa84a\" data-id=\"69efb138aa84a\" data-height=\"0\" data-height-mobile=\"15\" data-height-tab=\"0\" data-height-tab-portrait=\"15\" data-height-mobile-landscape=\"15\" style=\"clear:both;display:block;\"><\/div>[\/vc_column_inner][vc_column_inner offset=&#8221;vc_col-md-6&#8243;][vc_column_text css=&#8221;&#8221;]<\/p>\n<h2>Finished with Mother\/Child training?<br \/>\nContinue training with FamFit in the Team Training sessions. <\/h2>\n<p>When you&#8217;re ready to train on your own and dad or others can look after the child, you can continue training at FamFit in our many other <a href=\"https:\/\/famfit.dk\/udendoers-holdtraening\/\" target=\"_blank\" rel=\"noopener\">group classes<\/a>.<\/p>\n<p>To see all team options, training locations and training times &#8211; go to <a href=\"https:\/\/famfit.dk\/ugeplan\/\">the weekly schedule here<\/a>.<br \/>\nTo read more about training locations and venues &#8211; <a href=\"https:\/\/famfit.dk\/en\/find-your-famfit-workout\/\">read more here.<\/a>[\/vc_column_text][vc_empty_space height=&#8221;30px&#8221;][vc_column_text css=&#8221;&#8221;]<\/p>\n<h2>Benefits of mother\/child classes and postnatal training<\/h2>\n<p data-start=\"195\" data-end=\"585\">For those of you who have given birth, there are obvious benefits to participating in postnatal training and mother and baby classes.<\/p>\n<p data-start=\"195\" data-end=\"585\">First and foremost physically, of course &#8211; but also mentally and socially, experience has shown that it&#8217;s good for you &#8211; and baby &#8211; to be part of mother\/child team training.<\/p>\n<p data-start=\"195\" data-end=\"585\"><a href=\"https:\/\/famfit.dk\/en\/mother-baby-training-and-postnatal-training-why-its-important\/\" target=\"_blank\" rel=\"noopener\">Read more about why it&#8217;s important to get involved in postpartum training as a new mom.  <\/a><\/p>\n<p>[\/vc_column_text][vc_empty_space height=&#8221;30px&#8221;][vc_btn title=&#8221;See weekly plan&#8221; style=&#8221;custom&#8221; custom_background=&#8221;#0b364b&#8221; custom_text=&#8221;#ffffff&#8221; shape=&#8221;square&#8221; align=&#8221;left&#8221; link=&#8221;url:https%3A%2F%2Ffamfit.dk%2Fugeplan%2F|title:Outdoor%20team%20training|&#8221;][\/vc_column_inner][\/vc_row_inner]<div class=\"ult-spacer spacer-69efb138aa865\" data-id=\"69efb138aa865\" data-height=\"90\" data-height-mobile=\"60\" data-height-tab=\"90\" data-height-tab-portrait=\"60\" data-height-mobile-landscape=\"60\" style=\"clear:both;display:block;\"><\/div>[\/vc_column][\/vc_row][vc_row full_width=&#8221;stretch_row&#8221; el_class=&#8221;white parallax overlay&#8221; css=&#8221;.vc_custom_1677136312486{background-image: url(https:\/\/famfit.dk\/wp-content\/uploads\/2023\/02\/famfit-vintermoerke-februar-15-of-81-1248.jpg?id=5099) !important;background-position: center !important;background-repeat: no-repeat !important;background-size: cover !important;}&#8221;][vc_column]<div class=\"ult-spacer spacer-69efb138aa87f\" data-id=\"69efb138aa87f\" data-height=\"135\" data-height-mobile=\"90\" data-height-tab=\"135\" data-height-tab-portrait=\"90\" data-height-mobile-landscape=\"90\" style=\"clear:both;display:block;\"><\/div>[vc_row_inner][vc_column_inner offset=&#8221;vc_col-lg-2 vc_col-md-2 vc_col-xs-12&#8243;][\/vc_column_inner][vc_column_inner el_class=&#8221;center-buttons&#8221; offset=&#8221;vc_col-lg-8 vc_col-md-8 vc_col-xs-12&#8243;][vc_column_text el_class=&#8221;cta&#8221;]<\/p>\n<h3 style=\"text-align: center;\">FamFit App is available now<\/h3>\n<h4 style=\"text-align: center;\">Both for Android &amp; Apple<\/h4>\n<p>[\/vc_column_text][vc_empty_space height=&#8221;15px&#8221;][vc_btn title=&#8221;&#8221; style=&#8221;custom&#8221; custom_background=&#8221;#00648f&#8221; custom_text=&#8221;#ffffff&#8221; shape=&#8221;square&#8221; size=&#8221;sm&#8221; i_icon_fontawesome=&#8221;fab fa-apple&#8221; add_icon=&#8221;true&#8221; link=&#8221;url:https%3A%2F%2Fapps.apple.com%2Fus%2Fapp%2Fsport-solution-booking%2Fid499819800|target:_blank|&#8221; el_class=&#8221;custom-button&#8221;][vc_btn title=&#8221;&#8221; style=&#8221;custom&#8221; custom_background=&#8221;#ffffff&#8221; custom_text=&#8221;#00648f&#8221; shape=&#8221;square&#8221; size=&#8221;sm&#8221; i_icon_fontawesome=&#8221;fab fa-android&#8221; add_icon=&#8221;true&#8221; link=&#8221;url:https%3A%2F%2Fplay.google.com%2Fstore%2Fapps%2Fdetails%3Fid%3Dcom.phonegap.sportSolution%26feature%3Dsearch_result%2523%3Ft%253DW251bGwsMSwxLDEsImNvbS5waG9uZWdhcC5zcG9ydFNvbHV0aW9uIl0|target:_blank|&#8221; el_class=&#8221;custom-button&#8221;][\/vc_column_inner][vc_column_inner offset=&#8221;vc_col-lg-2 vc_col-md-2 vc_col-xs-12&#8243;][\/vc_column_inner][\/vc_row_inner]<div class=\"ult-spacer spacer-69efb138aa899\" data-id=\"69efb138aa899\" data-height=\"135\" data-height-mobile=\"90\" data-height-tab=\"135\" data-height-tab-portrait=\"90\" data-height-mobile-landscape=\"90\" style=\"clear:both;display:block;\"><\/div>[\/vc_column][\/vc_row]<\/p>\n<\/div>","protected":false},"excerpt":{"rendered":"<p>Class training for new moms. Regain strength and power! <\/p>\n","protected":false},"author":2,"featured_media":6043,"parent":0,"menu_order":0,"comment_status":"closed","ping_status":"closed","template":"","meta":{"_acf_changed":false,"footnotes":""},"categories":[172,97],"class_list":{"0":"post-6062","1":"page","2":"type-page","3":"status-publish","4":"has-post-thumbnail","6":"category-engelsk-en","7":"category-focus"},"acf":[],"yoast_head":"<!-- This site is optimized with the Yoast SEO plugin v27.4 - https:\/\/yoast.com\/product\/yoast-seo-wordpress\/ -->\n<title>Mother and Child training in Copenhagen and Frederiksberg &#183; Get power back<\/title>\n<meta name=\"description\" content=\"FamFit has mother\/child training for new mothers who want a good and competent workout, while you can bring baby along\" \/>\n<meta name=\"robots\" content=\"index, follow, max-snippet:-1, max-image-preview:large, max-video-preview:-1\" \/>\n<link rel=\"canonical\" href=\"https:\/\/famfit.dk\/en\/mother-and-child-training\/\" \/>\n<meta property=\"og:locale\" content=\"en_US\" \/>\n<meta property=\"og:type\" content=\"article\" \/>\n<meta property=\"og:title\" content=\"Mother and Child training in Copenhagen and Frederiksberg &#183; Get power back\" \/>\n<meta property=\"og:description\" content=\"FamFit has mother\/child training for new mothers who want a good and competent workout, while you can bring baby along\" \/>\n<meta property=\"og:url\" content=\"https:\/\/famfit.dk\/en\/mother-and-child-training\/\" \/>\n<meta property=\"og:site_name\" content=\"FamFit\" \/>\n<meta property=\"article:modified_time\" content=\"2025-07-23T06:59:45+00:00\" \/>\n<meta property=\"og:image\" content=\"https:\/\/famfit.dk\/wp-content\/uploads\/2025\/06\/mor-barn-traening-famfit-1.jpg\" \/>\n\t<meta property=\"og:image:width\" content=\"1512\" \/>\n\t<meta property=\"og:image:height\" content=\"1134\" \/>\n\t<meta property=\"og:image:type\" content=\"image\/jpeg\" \/>\n<meta name=\"twitter:card\" content=\"summary_large_image\" \/>\n<meta name=\"twitter:label1\" content=\"Est. reading time\" \/>\n\t<meta name=\"twitter:data1\" content=\"6 minutes\" \/>\n<script type=\"application\/ld+json\" class=\"yoast-schema-graph\">{\"@context\":\"https:\\\/\\\/schema.org\",\"@graph\":[{\"@type\":\"WebPage\",\"@id\":\"https:\\\/\\\/famfit.dk\\\/en\\\/mother-and-child-training\\\/\",\"url\":\"https:\\\/\\\/famfit.dk\\\/en\\\/mother-and-child-training\\\/\",\"name\":\"Mother and Child training in Copenhagen and Frederiksberg &#183; Get power back\",\"isPartOf\":{\"@id\":\"https:\\\/\\\/famfit.webserver1.dk\\\/#website\"},\"primaryImageOfPage\":{\"@id\":\"https:\\\/\\\/famfit.dk\\\/en\\\/mother-and-child-training\\\/#primaryimage\"},\"image\":{\"@id\":\"https:\\\/\\\/famfit.dk\\\/en\\\/mother-and-child-training\\\/#primaryimage\"},\"thumbnailUrl\":\"https:\\\/\\\/famfit.dk\\\/wp-content\\\/uploads\\\/2025\\\/06\\\/mor-barn-traening-famfit-1.jpg\",\"datePublished\":\"2025-06-05T10:00:08+00:00\",\"dateModified\":\"2025-07-23T06:59:45+00:00\",\"description\":\"FamFit has mother\\\/child training for new mothers who want a good and competent workout, while you can bring baby along\",\"breadcrumb\":{\"@id\":\"https:\\\/\\\/famfit.dk\\\/en\\\/mother-and-child-training\\\/#breadcrumb\"},\"inLanguage\":\"en-US\",\"potentialAction\":[{\"@type\":\"ReadAction\",\"target\":[\"https:\\\/\\\/famfit.dk\\\/en\\\/mother-and-child-training\\\/\"]}]},{\"@type\":\"ImageObject\",\"inLanguage\":\"en-US\",\"@id\":\"https:\\\/\\\/famfit.dk\\\/en\\\/mother-and-child-training\\\/#primaryimage\",\"url\":\"https:\\\/\\\/famfit.dk\\\/wp-content\\\/uploads\\\/2025\\\/06\\\/mor-barn-traening-famfit-1.jpg\",\"contentUrl\":\"https:\\\/\\\/famfit.dk\\\/wp-content\\\/uploads\\\/2025\\\/06\\\/mor-barn-traening-famfit-1.jpg\",\"width\":\"1512\",\"height\":\"1134\",\"caption\":\"Mor Barn tr\u00e6ning K\u00f8benhavn\"},{\"@type\":\"BreadcrumbList\",\"@id\":\"https:\\\/\\\/famfit.dk\\\/en\\\/mother-and-child-training\\\/#breadcrumb\",\"itemListElement\":[{\"@type\":\"ListItem\",\"position\":1,\"name\":\"Hjem\",\"item\":\"https:\\\/\\\/famfit.dk\\\/en\\\/\"},{\"@type\":\"ListItem\",\"position\":2,\"name\":\"Mother and Child training\"}]},{\"@type\":\"WebSite\",\"@id\":\"https:\\\/\\\/famfit.webserver1.dk\\\/#website\",\"url\":\"https:\\\/\\\/famfit.webserver1.dk\\\/\",\"name\":\"FamFit\",\"description\":\"Specialister i udend\u00f8rstr\u00e6ning til firmatr\u00e6ning, seniortr\u00e6ning og holdtr\u00e6ning\",\"publisher\":{\"@id\":\"https:\\\/\\\/famfit.webserver1.dk\\\/#organization\"},\"potentialAction\":[{\"@type\":\"SearchAction\",\"target\":{\"@type\":\"EntryPoint\",\"urlTemplate\":\"https:\\\/\\\/famfit.webserver1.dk\\\/?s={search_term_string}\"},\"query-input\":{\"@type\":\"PropertyValueSpecification\",\"valueRequired\":true,\"valueName\":\"search_term_string\"}}],\"inLanguage\":\"en-US\"},{\"@type\":\"Organization\",\"@id\":\"https:\\\/\\\/famfit.webserver1.dk\\\/#organization\",\"name\":\"FamFit\",\"url\":\"https:\\\/\\\/famfit.webserver1.dk\\\/\",\"logo\":{\"@type\":\"ImageObject\",\"inLanguage\":\"en-US\",\"@id\":\"https:\\\/\\\/famfit.webserver1.dk\\\/#\\\/schema\\\/logo\\\/image\\\/\",\"url\":\"https:\\\/\\\/famfit.dk\\\/wp-content\\\/uploads\\\/2020\\\/11\\\/logo-sort.png\",\"contentUrl\":\"https:\\\/\\\/famfit.dk\\\/wp-content\\\/uploads\\\/2020\\\/11\\\/logo-sort.png\",\"width\":242,\"height\":78,\"caption\":\"FamFit\"},\"image\":{\"@id\":\"https:\\\/\\\/famfit.webserver1.dk\\\/#\\\/schema\\\/logo\\\/image\\\/\"}}]}<\/script>\n<!-- \/ Yoast SEO plugin. -->","yoast_head_json":{"title":"Mother and Child training in Copenhagen and Frederiksberg &#183; Get power back","description":"FamFit has mother\/child training for new mothers who want a good and competent workout, while you can bring baby along","robots":{"index":"index","follow":"follow","max-snippet":"max-snippet:-1","max-image-preview":"max-image-preview:large","max-video-preview":"max-video-preview:-1"},"canonical":"https:\/\/famfit.dk\/en\/mother-and-child-training\/","og_locale":"en_US","og_type":"article","og_title":"Mother and Child training in Copenhagen and Frederiksberg &#183; Get power back","og_description":"FamFit has mother\/child training for new mothers who want a good and competent workout, while you can bring baby along","og_url":"https:\/\/famfit.dk\/en\/mother-and-child-training\/","og_site_name":"FamFit","article_modified_time":"2025-07-23T06:59:45+00:00","og_image":[{"width":1512,"height":1134,"url":"https:\/\/famfit.dk\/wp-content\/uploads\/2025\/06\/mor-barn-traening-famfit-1.jpg","type":"image\/jpeg"}],"twitter_card":"summary_large_image","twitter_misc":{"Est. reading time":"6 minutes"},"schema":{"@context":"https:\/\/schema.org","@graph":[{"@type":"WebPage","@id":"https:\/\/famfit.dk\/en\/mother-and-child-training\/","url":"https:\/\/famfit.dk\/en\/mother-and-child-training\/","name":"Mother and Child training in Copenhagen and Frederiksberg &#183; Get power back","isPartOf":{"@id":"https:\/\/famfit.webserver1.dk\/#website"},"primaryImageOfPage":{"@id":"https:\/\/famfit.dk\/en\/mother-and-child-training\/#primaryimage"},"image":{"@id":"https:\/\/famfit.dk\/en\/mother-and-child-training\/#primaryimage"},"thumbnailUrl":"https:\/\/famfit.dk\/wp-content\/uploads\/2025\/06\/mor-barn-traening-famfit-1.jpg","datePublished":"2025-06-05T10:00:08+00:00","dateModified":"2025-07-23T06:59:45+00:00","description":"FamFit has mother\/child training for new mothers who want a good and competent workout, while you can bring baby along","breadcrumb":{"@id":"https:\/\/famfit.dk\/en\/mother-and-child-training\/#breadcrumb"},"inLanguage":"en-US","potentialAction":[{"@type":"ReadAction","target":["https:\/\/famfit.dk\/en\/mother-and-child-training\/"]}]},{"@type":"ImageObject","inLanguage":"en-US","@id":"https:\/\/famfit.dk\/en\/mother-and-child-training\/#primaryimage","url":"https:\/\/famfit.dk\/wp-content\/uploads\/2025\/06\/mor-barn-traening-famfit-1.jpg","contentUrl":"https:\/\/famfit.dk\/wp-content\/uploads\/2025\/06\/mor-barn-traening-famfit-1.jpg","width":"1512","height":"1134","caption":"Mor Barn tr\u00e6ning K\u00f8benhavn"},{"@type":"BreadcrumbList","@id":"https:\/\/famfit.dk\/en\/mother-and-child-training\/#breadcrumb","itemListElement":[{"@type":"ListItem","position":1,"name":"Hjem","item":"https:\/\/famfit.dk\/en\/"},{"@type":"ListItem","position":2,"name":"Mother and Child training"}]},{"@type":"WebSite","@id":"https:\/\/famfit.webserver1.dk\/#website","url":"https:\/\/famfit.webserver1.dk\/","name":"FamFit","description":"Specialister i udend\u00f8rstr\u00e6ning til firmatr\u00e6ning, seniortr\u00e6ning og holdtr\u00e6ning","publisher":{"@id":"https:\/\/famfit.webserver1.dk\/#organization"},"potentialAction":[{"@type":"SearchAction","target":{"@type":"EntryPoint","urlTemplate":"https:\/\/famfit.webserver1.dk\/?s={search_term_string}"},"query-input":{"@type":"PropertyValueSpecification","valueRequired":true,"valueName":"search_term_string"}}],"inLanguage":"en-US"},{"@type":"Organization","@id":"https:\/\/famfit.webserver1.dk\/#organization","name":"FamFit","url":"https:\/\/famfit.webserver1.dk\/","logo":{"@type":"ImageObject","inLanguage":"en-US","@id":"https:\/\/famfit.webserver1.dk\/#\/schema\/logo\/image\/","url":"https:\/\/famfit.dk\/wp-content\/uploads\/2020\/11\/logo-sort.png","contentUrl":"https:\/\/famfit.dk\/wp-content\/uploads\/2020\/11\/logo-sort.png","width":242,"height":78,"caption":"FamFit"},"image":{"@id":"https:\/\/famfit.webserver1.dk\/#\/schema\/logo\/image\/"}}]}},"_links":{"self":[{"href":"https:\/\/famfit.dk\/en\/wp-json\/wp\/v2\/pages\/6062","targetHints":{"allow":["GET"]}}],"collection":[{"href":"https:\/\/famfit.dk\/en\/wp-json\/wp\/v2\/pages"}],"about":[{"href":"https:\/\/famfit.dk\/en\/wp-json\/wp\/v2\/types\/page"}],"author":[{"embeddable":true,"href":"https:\/\/famfit.dk\/en\/wp-json\/wp\/v2\/users\/2"}],"replies":[{"embeddable":true,"href":"https:\/\/famfit.dk\/en\/wp-json\/wp\/v2\/comments?post=6062"}],"version-history":[{"count":3,"href":"https:\/\/famfit.dk\/en\/wp-json\/wp\/v2\/pages\/6062\/revisions"}],"predecessor-version":[{"id":6065,"href":"https:\/\/famfit.dk\/en\/wp-json\/wp\/v2\/pages\/6062\/revisions\/6065"}],"wp:featuredmedia":[{"embeddable":true,"href":"https:\/\/famfit.dk\/en\/wp-json\/wp\/v2\/media\/6043"}],"wp:attachment":[{"href":"https:\/\/famfit.dk\/en\/wp-json\/wp\/v2\/media?parent=6062"}],"wp:term":[{"taxonomy":"category","embeddable":true,"href":"https:\/\/famfit.dk\/en\/wp-json\/wp\/v2\/categories?post=6062"}],"curies":[{"name":"wp","href":"https:\/\/api.w.org\/{rel}","templated":true}]}}